{"id":447065,"date":"2025-02-27T19:31:41","date_gmt":"2025-02-27T18:31:41","guid":{"rendered":"https:\/\/www.pricetornado.com\/da\/produkt\/nedis-kaafo300ebk-hot-air-fryer-ovn-12-liter\/"},"modified":"2026-04-20T08:50:16","modified_gmt":"2026-04-20T06:50:16","slug":"nedis-kaafo300ebk-hot-air-fryer-ovn-12-liter","status":"publish","type":"product","link":"https:\/\/www.pricetornado.com\/da\/produkt\/nedis-kaafo300ebk-hot-air-fryer-ovn-12-liter\/","title":{"rendered":"Nedis KAAFO300EBK Hot Air fryer-ovn 12 liter"},"content":{"rendered":"<p>K\u00f8b billig Nedis KAAFO300EBK Hot Air fryer-ovn 12 liter!<br \/>\nMed Nedis air fryer-ovn p\u00e5 12 liter kan du tilberede l\u00e6kre m\u00e5ltider p\u00e5 en sund og nem m\u00e5de. Takket v\u00e6re avanceret 360\u00b0 varmluftscirkulationsteknologi og en kraftfuld effekt p\u00e5 1500 W f\u00e5r du hurtig, fedtfattig madlavning, hvor du kan undg\u00e5 brug af olie ved tilberedning af pommes frites, k\u00f8d, fisk og gr\u00f8ntsager. Ovnen er ideel til b\u00e5de store og sm\u00e5 portioner og underst\u00f8tter en sund livsstil i hverdagen.Oplev fleksibilitet med mulighed for at grille, bage, stege, riste, braisere og t\u00f8rre mad. Air fryer-ovnen leveres med en bageplade og to grillbakker, s\u00e5 du kan tilberede mad p\u00e5 forskellige niveauer samtidig. En medf\u00f8lgende rotisserikurv og kyllingerotisseri giver perfekte, spr\u00f8de pommes frites eller hel kylling. Alle dele har en holdbar non-stick bel\u00e6gning og t\u00e5ler opvaskemaskine for nem reng\u00f8ring.Air fryer-ovnens digitale kontrolpanel med ber\u00f8ringstaster g\u00f8r betjeningen enkel. V\u00e6lg mellem 9 forudindstillede programmer, herunder pommes frites, b\u00f8ffer\/koteletter, fisk, rejer, pizza, kage, bagning, rotisseri og dehydrator. Den justerbare termostat fra 65-200 \u00b0C (i 5 \u00b0C intervaller) giver optimal pr\u00e6cision, mens 90-minutters timer og indvendig belysning g\u00f8r det let at overv\u00e5ge madlavningen.Ovnen har indbygget overophedningsbeskyttelse og automatisk sluk, n\u00e5r timeren er f\u00e6rdig, hvilket sikrer b\u00e5de sikkerhed og energibesparelse. Designet inkluderer anti-slip base og et kabinet, der forbliver k\u00f8ligt under brug, s\u00e5 komfort og tryghed er i top.Multifunktionel air fryer-ovn med grill, bagning, stegning, t\u00f8rring, ristning m.m.G\u00f8r madlavning nem og sund med Nedis air fryer-ovn \u2013 et multifunktionelt k\u00f8kkenapparat, der leverer l\u00e6kre resultater hver gang.<\/p>\n<p>Sammenlign priser p\u00e5 Nedis KAAFO300EBK Hot Air fryer-ovn 12 liter og k\u00f8b online til den billigste pris, samt p\u00e5 tilbud!\u00a0\u00a0Tjek den bedste pris, produkt beskrivelse, video, test, anmeldelser osv.<\/p>\n<p><strong>Brand: <\/strong>Nedis<br \/>\n<strong>EAN: <\/strong>5412810404056<br \/>\n<strong>Producentens varenr.:<\/strong> 5412810404056<\/p>\n<p><strong>P.S.<\/strong><br \/>\nTilmeld dig til &#8220;Opret Gratis Prisfald Alarm&#8221;, og bliv underrettet med det samme om prisfald p\u00e5 Nedis KAAFO300EBK Hot Air fryer-ovn 12 liter, og f\u00e5 den billigste pris!<\/p>\n<p>&nbsp;<\/p>\n<p>&nbsp;<\/p>\n","protected":false},"excerpt":{"rendered":"<p>K\u00f8b billig Nedis KAAFO300EBK Hot Air fryer-ovn 12 liter! Med Nedis air fryer-ovn p\u00e5 12 liter kan du tilberede l\u00e6kre m\u00e5ltider p\u00e5 en sund og nem m\u00e5de. Takket v\u00e6re avanceret 360\u00b0 varmluftscirkulationsteknologi og en kraftfuld effekt p\u00e5 1500 W f\u00e5r du hurtig, fedtfattig madlavning, hvor du kan undg\u00e5 brug af olie ved tilberedning af pommes [&hellip;]<\/p>\n","protected":false},"featured_media":999980000004470650,"template":"","meta":[],"store":[1272516],"product_brand":[1272517],"product_cat":[831418],"product_tag":[1272683,1275178],"class_list":{"0":"post-447065","1":"product","2":"type-product","3":"status-publish","4":"has-post-thumbnail","6":"store-butik24","7":"product_brand-nedis","8":"product_cat-koekkenudstyr","9":"product_tag-koekkenudstyr","10":"product_tag-nedis","11":"pa_maerke-nedis","13":"first","14":"instock","15":"product-type-external"},"_links":{"self":[{"href":"https:\/\/www.pricetornado.com\/da\/wp-json\/wp\/v2\/product\/447065","targetHints":{"allow":["GET"]}}],"collection":[{"href":"https:\/\/www.pricetornado.com\/da\/wp-json\/wp\/v2\/product"}],"about":[{"href":"https:\/\/www.pricetornado.com\/da\/wp-json\/wp\/v2\/types\/product"}],"wp:featuredmedia":[{"embeddable":true,"href":"https:\/\/www.pricetornado.com\/da\/wp-json\/"}],"wp:attachment":[{"href":"https:\/\/www.pricetornado.com\/da\/wp-json\/wp\/v2\/media?parent=447065"}],"wp:term":[{"taxonomy":"store","embeddable":true,"href":"https:\/\/www.pricetornado.com\/da\/wp-json\/wp\/v2\/store?post=447065"},{"taxonomy":"product_brand","embeddable":true,"href":"https:\/\/www.pricetornado.com\/da\/wp-json\/wp\/v2\/product_brand?post=447065"},{"taxonomy":"product_cat","embeddable":true,"href":"https:\/\/www.pricetornado.com\/da\/wp-json\/wp\/v2\/product_cat?post=447065"},{"taxonomy":"product_tag","embeddable":true,"href":"https:\/\/www.pricetornado.com\/da\/wp-json\/wp\/v2\/product_tag?post=447065"}],"curies":[{"name":"wp","href":"https:\/\/api.w.org\/{rel}","templated":true}]}}