{"id":447055,"date":"2025-02-26T01:10:10","date_gmt":"2025-02-26T00:10:10","guid":{"rendered":"https:\/\/www.pricetornado.com\/da\/produkt\/philipe-hue-white-ambiance-e27-paere-med-bluetooth\/"},"modified":"2026-04-21T07:00:42","modified_gmt":"2026-04-21T05:00:42","slug":"philipe-hue-white-ambiance-e27-paere-med-bluetooth","status":"publish","type":"product","link":"https:\/\/www.pricetornado.com\/da\/produkt\/philipe-hue-white-ambiance-e27-paere-med-bluetooth\/","title":{"rendered":"Philipe Hue White Ambiance E27 P\u00e6re med Bluetooth"},"content":{"rendered":"<p>K\u00f8b billig Philipe Hue White Ambiance E27 P\u00e6re med Bluetooth!<br \/>\nF\u00e5 fuld kontrol over din hjemmebelysning med Philips Hue White Ambiance E27 LED p\u00e6ren, der kombinerer avanceret LED-teknologi med intelligent styring. Brug Hue Bluetooth appen til at betjene op til 10 lyskilder i \u00e9t rum via din smartphone, eller udvid mulighederne med integration til smart home-systemer gennem b\u00e5de Bluetooth og Zigbee. P\u00e6ren opdateres nemt via software og sikrer langvarig, effektiv brug.Skab den perfekte stemning med farvetemperaturer fra behageligt, varmt lys til skarpt, k\u00f8ligt dagslys (2200\u20136500 K). D\u00e6mpningen kan tilpasses direkte via Hue-appen eller kompatible kontakter, s\u00e5 du altid har det optimale lys til hverdagens mange situationer \u2013 fra hyggelys til koncentreret arbejdslys.Opn\u00e5 h\u00e5ndfri betjening via stemmekommandoer gennem Google Assistant eller Amazon Alexa. Ved at tilf\u00f8je en Hue Bridge (s\u00e6lges separat) f\u00e5r du adgang til det fulde potentiale af Philips Hue-systemet: Tilf\u00f8j op til 50 intelligente lyskilder, styr belysningen fra hvor som helst, ops\u00e6t automatiske rutiner og integrer tilbeh\u00f8r som bev\u00e6gelsessensorer og intelligente kontakter.P\u00e6ren benytter moderne LED-teknologi, har en lang levetid p\u00e5 op til 25.000 timer og kan klare op til 50.000 t\u00e6ndingscyklusser. Den t\u00e6ndes \u00f8jeblikkeligt med 100 % lysstyrke, bruger kun 11 watt (svarende til en traditionel 75 W p\u00e6re) og har lavt standbyforbrug p\u00e5 0,5 watt. P\u00e6ren kan nemt opgraderes via software, s\u00e5 du altid f\u00e5r de nyeste funktioner og optimeringer.Levetid: 25.000 timerAntal t\u00e6ndingscyklusser: 50.000Oplev nem og fleksibel belysning med Philips Hue White Ambiance E27 LED p\u00e6re \u2013 en energieffektiv og intelligent l\u00f8sning til enhver bolig. Opdag hele sortimentet af produkter hos Butik24 og g\u00f8r hverdagens belysning smartere.<\/p>\n<p>Sammenlign priser p\u00e5 Philipe Hue White Ambiance E27 P\u00e6re med Bluetooth og k\u00f8b online til den billigste pris, samt p\u00e5 tilbud!\u00a0\u00a0Tjek den bedste pris, produkt beskrivelse, video, test, anmeldelser osv.<\/p>\n<p><strong>Brand: <\/strong>Philips Hue<br \/>\n<strong>EAN: <\/strong>8719514291119<br \/>\n<strong>Producentens varenr.:<\/strong> 8719514291119<\/p>\n<p><strong>P.S.<\/strong><br \/>\nTilmeld dig til &#8220;Opret Gratis Prisfald Alarm&#8221;, og bliv underrettet med det samme om prisfald p\u00e5 Philipe Hue White Ambiance E27 P\u00e6re med Bluetooth, og f\u00e5 den billigste pris!<\/p>\n<p>&nbsp;<\/p>\n<p>&nbsp;<\/p>\n","protected":false},"excerpt":{"rendered":"<p>K\u00f8b billig Philipe Hue White Ambiance E27 P\u00e6re med Bluetooth! F\u00e5 fuld kontrol over din hjemmebelysning med Philips Hue White Ambiance E27 LED p\u00e6ren, der kombinerer avanceret LED-teknologi med intelligent styring. Brug Hue Bluetooth appen til at betjene op til 10 lyskilder i \u00e9t rum via din smartphone, eller udvid mulighederne med integration til smart [&hellip;]<\/p>\n","protected":false},"featured_media":999980000004470550,"template":"","meta":[],"store":[1272516],"product_brand":[1272523],"product_cat":[1272422],"product_tag":[1272767],"class_list":{"0":"post-447055","1":"product","2":"type-product","3":"status-publish","4":"has-post-thumbnail","6":"store-butik24","7":"product_brand-philips-hue","8":"product_cat-philips-hue","9":"product_tag-philips-hue","10":"pa_maerke-philips-hue","12":"first","13":"instock","14":"product-type-external"},"_links":{"self":[{"href":"https:\/\/www.pricetornado.com\/da\/wp-json\/wp\/v2\/product\/447055","targetHints":{"allow":["GET"]}}],"collection":[{"href":"https:\/\/www.pricetornado.com\/da\/wp-json\/wp\/v2\/product"}],"about":[{"href":"https:\/\/www.pricetornado.com\/da\/wp-json\/wp\/v2\/types\/product"}],"wp:featuredmedia":[{"embeddable":true,"href":"https:\/\/www.pricetornado.com\/da\/wp-json\/"}],"wp:attachment":[{"href":"https:\/\/www.pricetornado.com\/da\/wp-json\/wp\/v2\/media?parent=447055"}],"wp:term":[{"taxonomy":"store","embeddable":true,"href":"https:\/\/www.pricetornado.com\/da\/wp-json\/wp\/v2\/store?post=447055"},{"taxonomy":"product_brand","embeddable":true,"href":"https:\/\/www.pricetornado.com\/da\/wp-json\/wp\/v2\/product_brand?post=447055"},{"taxonomy":"product_cat","embeddable":true,"href":"https:\/\/www.pricetornado.com\/da\/wp-json\/wp\/v2\/product_cat?post=447055"},{"taxonomy":"product_tag","embeddable":true,"href":"https:\/\/www.pricetornado.com\/da\/wp-json\/wp\/v2\/product_tag?post=447055"}],"curies":[{"name":"wp","href":"https:\/\/api.w.org\/{rel}","templated":true}]}}