{"id":447050,"date":"2025-02-25T21:02:03","date_gmt":"2025-02-25T20:02:03","guid":{"rendered":"https:\/\/www.pricetornado.com\/da\/produkt\/bastian-champagnebowle-dia-38-cm-blank-staal\/"},"modified":"2026-04-17T01:30:36","modified_gmt":"2026-04-16T23:30:36","slug":"bastian-champagnebowle-dia-38-cm-blank-staal","status":"publish","type":"product","link":"https:\/\/www.pricetornado.com\/da\/produkt\/bastian-champagnebowle-dia-38-cm-blank-staal\/","title":{"rendered":"Bastian Champagnebowle Dia 38 cm Blank st\u00e5l"},"content":{"rendered":"<p>K\u00f8b billig Bastian Champagnebowle Dia 38 cm Blank st\u00e5l!<br \/>\nDenne champagnebowle er fremstillet i blankt rustfrit st\u00e5l, hvilket sikrer en lang levetid, h\u00f8j korrosionsbestandighed og nem reng\u00f8ring. Med en gener\u00f8s diameter p\u00e5 38 cm skaber bowlen plads til rigelige m\u00e6ngder kolde drikkevarer, perfekt til servering ved festlige lejligheder eller til brug som dekorativt element.Champagnebowlen har et minimalistisk og tidl\u00f8st udtryk med sin polerede st\u00e5lfinish, hvilket g\u00f8r den velegnet b\u00e5de til praktisk brug og som elegant pynt p\u00e5 bordet. Materialet modvirker misfarvning og sikrer, at bowlen t\u00e5ler kolde drikke uden at blive p\u00e5virket.Tilf\u00f8j et strejf af elegance til din sammenkomst med denne champagnebowle, der forener funktionalitet og moderne design.<\/p>\n<p>Sammenlign priser p\u00e5 Bastian Champagnebowle Dia 38 cm Blank st\u00e5l og k\u00f8b online til den billigste pris, samt p\u00e5 tilbud!\u00a0\u00a0Tjek den bedste pris, produkt beskrivelse, video, test, anmeldelser osv.<\/p>\n<p><strong>Brand: <\/strong>Bastian<br \/>\n<strong>EAN: <\/strong>5709631051362<br \/>\n<strong>Producentens varenr.:<\/strong> 5709631051362<\/p>\n<p><strong>P.S.<\/strong><br \/>\nTilmeld dig til &#8220;Opret Gratis Prisfald Alarm&#8221;, og bliv underrettet med det samme om prisfald p\u00e5 Bastian Champagnebowle Dia 38 cm Blank st\u00e5l, og f\u00e5 den billigste pris!<\/p>\n<p>&nbsp;<\/p>\n<p>&nbsp;<\/p>\n","protected":false},"excerpt":{"rendered":"<p>K\u00f8b billig Bastian Champagnebowle Dia 38 cm Blank st\u00e5l! Denne champagnebowle er fremstillet i blankt rustfrit st\u00e5l, hvilket sikrer en lang levetid, h\u00f8j korrosionsbestandighed og nem reng\u00f8ring. Med en gener\u00f8s diameter p\u00e5 38 cm skaber bowlen plads til rigelige m\u00e6ngder kolde drikkevarer, perfekt til servering ved festlige lejligheder eller til brug som dekorativt element.Champagnebowlen har [&hellip;]<\/p>\n","protected":false},"featured_media":999980000004470500,"template":"","meta":[],"store":[1272516],"product_brand":[1272534],"product_cat":[1272410],"product_tag":[1275195,1272681],"class_list":{"0":"post-447050","1":"product","2":"type-product","3":"status-publish","4":"has-post-thumbnail","6":"store-butik24","7":"product_brand-bastian","8":"product_cat-koekkengrej","9":"product_tag-bastian","10":"product_tag-koekkengrej","11":"pa_maerke-bastian","13":"first","14":"instock","15":"product-type-external"},"_links":{"self":[{"href":"https:\/\/www.pricetornado.com\/da\/wp-json\/wp\/v2\/product\/447050","targetHints":{"allow":["GET"]}}],"collection":[{"href":"https:\/\/www.pricetornado.com\/da\/wp-json\/wp\/v2\/product"}],"about":[{"href":"https:\/\/www.pricetornado.com\/da\/wp-json\/wp\/v2\/types\/product"}],"wp:featuredmedia":[{"embeddable":true,"href":"https:\/\/www.pricetornado.com\/da\/wp-json\/"}],"wp:attachment":[{"href":"https:\/\/www.pricetornado.com\/da\/wp-json\/wp\/v2\/media?parent=447050"}],"wp:term":[{"taxonomy":"store","embeddable":true,"href":"https:\/\/www.pricetornado.com\/da\/wp-json\/wp\/v2\/store?post=447050"},{"taxonomy":"product_brand","embeddable":true,"href":"https:\/\/www.pricetornado.com\/da\/wp-json\/wp\/v2\/product_brand?post=447050"},{"taxonomy":"product_cat","embeddable":true,"href":"https:\/\/www.pricetornado.com\/da\/wp-json\/wp\/v2\/product_cat?post=447050"},{"taxonomy":"product_tag","embeddable":true,"href":"https:\/\/www.pricetornado.com\/da\/wp-json\/wp\/v2\/product_tag?post=447050"}],"curies":[{"name":"wp","href":"https:\/\/api.w.org\/{rel}","templated":true}]}}