{"id":447041,"date":"2025-02-25T14:09:31","date_gmt":"2025-02-25T13:09:31","guid":{"rendered":"https:\/\/www.pricetornado.com\/da\/produkt\/scanpan-32-cm-classic-stegepande\/"},"modified":"2026-04-18T03:50:38","modified_gmt":"2026-04-18T01:50:38","slug":"scanpan-32-cm-classic-stegepande","status":"publish","type":"product","link":"https:\/\/www.pricetornado.com\/da\/produkt\/scanpan-32-cm-classic-stegepande\/","title":{"rendered":"Scanpan 32 Cm Classic Stegepande"},"content":{"rendered":"<p>K\u00f8b billig Scanpan 32 Cm Classic Stegepande!<br \/>\nScanpan Classic stegepande p\u00e5 32 cm er fremstillet af 100% genanvendt squeeze-cast aluminium, hvilket g\u00f8r den b\u00e5de milj\u00f8venlig og ekstra holdbar. Aluminium sikrer optimal varmefordeling og g\u00f8r panden let at h\u00e5ndtere. STRATANIUM non-stick bel\u00e6gningen er h\u00e5rdf\u00f8r, g\u00f8r det muligt at stege helt uden brug af fedtstof og giver nem reng\u00f8ring, da maden slipper let.Pandens h\u00e5ndtag er monteret med et patenteret l\u00e5sesystem uden skruer eller nitter, s\u00e5 h\u00e5ndtaget bliver siddende sikkert og stabilt over tid. Det giver sikkerhed og komfort under brug, og du slipper for l\u00f8se h\u00e5ndtag.Scanpan Classic stegepanden kan bruges p\u00e5 gas-, keramiske-, halogen-, spiralkomfur og traditionelle komfurer, men den er ikke egnet til induktion. Panden t\u00e5ler ovn op til 250\u00b0C, s\u00e5 du kan nemt tilberede retter, der kr\u00e6ver b\u00e5de stegning og bagning.Reng\u00f8r altid med opvaskemiddel for at forl\u00e6nge non-stick bel\u00e6gningens levetid.Undg\u00e5 hurtig opvarmning og nedk\u00f8ling, da det kan p\u00e5virke holdbarheden.Kan t\u00e5le opvaskemaskine, hvilket g\u00f8r reng\u00f8ring ekstra nem.. Se ogs\u00e5 for endnu flere muligheder til dit k\u00f8kken.<\/p>\n<p>Sammenlign priser p\u00e5 Scanpan 32 Cm Classic Stegepande og k\u00f8b online til den billigste pris, samt p\u00e5 tilbud!\u00a0\u00a0Tjek den bedste pris, produkt beskrivelse, video, test, anmeldelser osv.<\/p>\n<p><strong>Brand: <\/strong>Scanpan<br \/>\n<strong>EAN: <\/strong>083421321237<br \/>\n<strong>Producentens varenr.:<\/strong> 083421321237<\/p>\n<p><strong>P.S.<\/strong><br \/>\nTilmeld dig til &#8220;Opret Gratis Prisfald Alarm&#8221;, og bliv underrettet med det samme om prisfald p\u00e5 Scanpan 32 Cm Classic Stegepande, og f\u00e5 den billigste pris!<\/p>\n<p>&nbsp;<\/p>\n<p>&nbsp;<\/p>\n","protected":false},"excerpt":{"rendered":"<p>K\u00f8b billig Scanpan 32 Cm Classic Stegepande! Scanpan Classic stegepande p\u00e5 32 cm er fremstillet af 100% genanvendt squeeze-cast aluminium, hvilket g\u00f8r den b\u00e5de milj\u00f8venlig og ekstra holdbar. Aluminium sikrer optimal varmefordeling og g\u00f8r panden let at h\u00e5ndtere. STRATANIUM non-stick bel\u00e6gningen er h\u00e5rdf\u00f8r, g\u00f8r det muligt at stege helt uden brug af fedtstof og giver [&hellip;]<\/p>\n","protected":false},"featured_media":999980000004470410,"template":"","meta":[],"store":[1272516],"product_brand":[1272521],"product_cat":[1272410],"product_tag":[1272681,1275184],"class_list":{"0":"post-447041","1":"product","2":"type-product","3":"status-publish","4":"has-post-thumbnail","6":"store-butik24","7":"product_brand-scanpan","8":"product_cat-koekkengrej","9":"product_tag-koekkengrej","10":"product_tag-scanpan","11":"pa_maerke-scanpan","13":"first","14":"instock","15":"product-type-external"},"_links":{"self":[{"href":"https:\/\/www.pricetornado.com\/da\/wp-json\/wp\/v2\/product\/447041","targetHints":{"allow":["GET"]}}],"collection":[{"href":"https:\/\/www.pricetornado.com\/da\/wp-json\/wp\/v2\/product"}],"about":[{"href":"https:\/\/www.pricetornado.com\/da\/wp-json\/wp\/v2\/types\/product"}],"wp:featuredmedia":[{"embeddable":true,"href":"https:\/\/www.pricetornado.com\/da\/wp-json\/"}],"wp:attachment":[{"href":"https:\/\/www.pricetornado.com\/da\/wp-json\/wp\/v2\/media?parent=447041"}],"wp:term":[{"taxonomy":"store","embeddable":true,"href":"https:\/\/www.pricetornado.com\/da\/wp-json\/wp\/v2\/store?post=447041"},{"taxonomy":"product_brand","embeddable":true,"href":"https:\/\/www.pricetornado.com\/da\/wp-json\/wp\/v2\/product_brand?post=447041"},{"taxonomy":"product_cat","embeddable":true,"href":"https:\/\/www.pricetornado.com\/da\/wp-json\/wp\/v2\/product_cat?post=447041"},{"taxonomy":"product_tag","embeddable":true,"href":"https:\/\/www.pricetornado.com\/da\/wp-json\/wp\/v2\/product_tag?post=447041"}],"curies":[{"name":"wp","href":"https:\/\/api.w.org\/{rel}","templated":true}]}}