{"id":447040,"date":"2025-02-24T11:53:15","date_gmt":"2025-02-24T10:53:15","guid":{"rendered":"https:\/\/www.pricetornado.com\/da\/produkt\/scanpan-classic-glaslaag-35-5-x-26-5-cm\/"},"modified":"2026-04-17T01:39:49","modified_gmt":"2026-04-16T23:39:49","slug":"scanpan-classic-glaslaag-35-5-x-26-5-cm","status":"publish","type":"product","link":"https:\/\/www.pricetornado.com\/da\/produkt\/scanpan-classic-glaslaag-35-5-x-26-5-cm\/","title":{"rendered":"Scanpan Classic Glasl\u00e5g 35.5 x 26.5 Cm"},"content":{"rendered":"<p>K\u00f8b billig Scanpan Classic Glasl\u00e5g 35.5 x 26.5 Cm!<br \/>\nDette glasl\u00e5g er specielt designet til Scanpan Classic-seriens 5-liters bradepande p\u00e5 39 x 27 cm og forvandler din bradepande til en alsidig stegeso. Det robuste l\u00e5g f\u00f8lger Scanpans tradition for funktionalitet og holdbarhed, og giver dig mulighed for at tilberede retter med optimal varme- og fugtighedsbevarelse.Med et glasl\u00e5g fra Scanpan Classic f\u00e5r du bedre kontrol over madlavningen, da du kan se maden under tilberedningen uden at l\u00f8fte l\u00e5get. Dette minimerer varmetab og hj\u00e6lper med at bevare saft og smag i dine retter. L\u00e5get kan desuden bruges sammen med andre Classic-bradepander af samme st\u00f8rrelse takket v\u00e6re den udskiftelige pasform, hvilket g\u00f8r det til et fleksibelt valg i k\u00f8kkenet. for at finde mere tilbeh\u00f8r og kvalitetsudstyr til dit k\u00f8kken.<\/p>\n<p>Sammenlign priser p\u00e5 Scanpan Classic Glasl\u00e5g 35.5 x 26.5 Cm og k\u00f8b online til den billigste pris, samt p\u00e5 tilbud!\u00a0\u00a0Tjek den bedste pris, produkt beskrivelse, video, test, anmeldelser osv.<\/p>\n<p><strong>Brand: <\/strong>Scanpan<br \/>\n<strong>EAN: <\/strong>083421118806<br \/>\n<strong>Producentens varenr.:<\/strong> 083421118806<\/p>\n<p><strong>P.S.<\/strong><br \/>\nTilmeld dig til &#8220;Opret Gratis Prisfald Alarm&#8221;, og bliv underrettet med det samme om prisfald p\u00e5 Scanpan Classic Glasl\u00e5g 35.5 x 26.5 Cm, og f\u00e5 den billigste pris!<\/p>\n<p>&nbsp;<\/p>\n<p>&nbsp;<\/p>\n","protected":false},"excerpt":{"rendered":"<p>K\u00f8b billig Scanpan Classic Glasl\u00e5g 35.5 x 26.5 Cm! Dette glasl\u00e5g er specielt designet til Scanpan Classic-seriens 5-liters bradepande p\u00e5 39 x 27 cm og forvandler din bradepande til en alsidig stegeso. Det robuste l\u00e5g f\u00f8lger Scanpans tradition for funktionalitet og holdbarhed, og giver dig mulighed for at tilberede retter med optimal varme- og fugtighedsbevarelse.Med [&hellip;]<\/p>\n","protected":false},"featured_media":999980000004470400,"template":"","meta":[],"store":[1272516],"product_brand":[1272521],"product_cat":[1272410],"product_tag":[1272681,1275184],"class_list":{"0":"post-447040","1":"product","2":"type-product","3":"status-publish","4":"has-post-thumbnail","6":"store-butik24","7":"product_brand-scanpan","8":"product_cat-koekkengrej","9":"product_tag-koekkengrej","10":"product_tag-scanpan","11":"pa_maerke-scanpan","13":"first","14":"instock","15":"product-type-external"},"_links":{"self":[{"href":"https:\/\/www.pricetornado.com\/da\/wp-json\/wp\/v2\/product\/447040","targetHints":{"allow":["GET"]}}],"collection":[{"href":"https:\/\/www.pricetornado.com\/da\/wp-json\/wp\/v2\/product"}],"about":[{"href":"https:\/\/www.pricetornado.com\/da\/wp-json\/wp\/v2\/types\/product"}],"wp:featuredmedia":[{"embeddable":true,"href":"https:\/\/www.pricetornado.com\/da\/wp-json\/"}],"wp:attachment":[{"href":"https:\/\/www.pricetornado.com\/da\/wp-json\/wp\/v2\/media?parent=447040"}],"wp:term":[{"taxonomy":"store","embeddable":true,"href":"https:\/\/www.pricetornado.com\/da\/wp-json\/wp\/v2\/store?post=447040"},{"taxonomy":"product_brand","embeddable":true,"href":"https:\/\/www.pricetornado.com\/da\/wp-json\/wp\/v2\/product_brand?post=447040"},{"taxonomy":"product_cat","embeddable":true,"href":"https:\/\/www.pricetornado.com\/da\/wp-json\/wp\/v2\/product_cat?post=447040"},{"taxonomy":"product_tag","embeddable":true,"href":"https:\/\/www.pricetornado.com\/da\/wp-json\/wp\/v2\/product_tag?post=447040"}],"curies":[{"name":"wp","href":"https:\/\/api.w.org\/{rel}","templated":true}]}}