{"id":447032,"date":"2025-02-25T00:44:20","date_gmt":"2025-02-24T23:44:20","guid":{"rendered":"https:\/\/www.pricetornado.com\/da\/produkt\/scanpan-20-cm-ctx-stegepande\/"},"modified":"2026-04-20T04:10:13","modified_gmt":"2026-04-20T02:10:13","slug":"scanpan-20-cm-ctx-stegepande","status":"publish","type":"product","link":"https:\/\/www.pricetornado.com\/da\/produkt\/scanpan-20-cm-ctx-stegepande\/","title":{"rendered":"Scanpan 20 Cm CTX stegepande"},"content":{"rendered":"<p>K\u00f8b billig Scanpan 20 Cm CTX stegepande!<br \/>\nScanpan CTX stegepande p\u00e5 20 cm er udviklet til at g\u00f8re madlavningen let og alsidig p\u00e5 alle typer komfurer \u2013 herunder induktion, gas, keramisk, halogen og spiral. Panden har buede sider for nem adgang med k\u00f8kkenredskaber, og det ergonomiske h\u00e5ndtag i rustfrit st\u00e5l ligger komfortabelt i h\u00e5nden uden at blive varmt under brug.Stegepanden er fremstillet i en solid femlags konstruktion, der kombinerer 100% genanvendt st\u00f8bt aluminium og rustfrit st\u00e5l. Denne kombination sikrer fremragende varmefordeling og -fastholdelse samt langvarig slidstyrke. Den b\u00f8rstede udvendige overflade i rustfrit st\u00e5l giver panden et eksklusivt og slidst\u00e6rkt udtryk.Scanpan CTX stegepanden er produceret med omtanke for milj\u00f8et ved brug af 100% genanvendt aluminium. Der ydes livstidsgaranti p\u00e5 produktet, hvilket understreger den h\u00f8je kvalitet og holdbarhed..<\/p>\n<p>Sammenlign priser p\u00e5 Scanpan 20 Cm CTX stegepande og k\u00f8b online til den billigste pris, samt p\u00e5 tilbud!\u00a0\u00a0Tjek den bedste pris, produkt beskrivelse, video, test, anmeldelser osv.<\/p>\n<p><strong>Brand: <\/strong>Scanpan<br \/>\n<strong>EAN: <\/strong>083421650207<br \/>\n<strong>Producentens varenr.:<\/strong> 083421650207<\/p>\n<p><strong>P.S.<\/strong><br \/>\nTilmeld dig til &#8220;Opret Gratis Prisfald Alarm&#8221;, og bliv underrettet med det samme om prisfald p\u00e5 Scanpan 20 Cm CTX stegepande, og f\u00e5 den billigste pris!<\/p>\n<p>&nbsp;<\/p>\n<p>&nbsp;<\/p>\n","protected":false},"excerpt":{"rendered":"<p>K\u00f8b billig Scanpan 20 Cm CTX stegepande! Scanpan CTX stegepande p\u00e5 20 cm er udviklet til at g\u00f8re madlavningen let og alsidig p\u00e5 alle typer komfurer \u2013 herunder induktion, gas, keramisk, halogen og spiral. Panden har buede sider for nem adgang med k\u00f8kkenredskaber, og det ergonomiske h\u00e5ndtag i rustfrit st\u00e5l ligger komfortabelt i h\u00e5nden uden [&hellip;]<\/p>\n","protected":false},"featured_media":999980000004470320,"template":"","meta":[],"store":[1272516],"product_brand":[1272521],"product_cat":[1272410],"product_tag":[1272681,1275184],"class_list":{"0":"post-447032","1":"product","2":"type-product","3":"status-publish","4":"has-post-thumbnail","6":"store-butik24","7":"product_brand-scanpan","8":"product_cat-koekkengrej","9":"product_tag-koekkengrej","10":"product_tag-scanpan","11":"pa_maerke-scanpan","13":"first","14":"instock","15":"product-type-external"},"_links":{"self":[{"href":"https:\/\/www.pricetornado.com\/da\/wp-json\/wp\/v2\/product\/447032","targetHints":{"allow":["GET"]}}],"collection":[{"href":"https:\/\/www.pricetornado.com\/da\/wp-json\/wp\/v2\/product"}],"about":[{"href":"https:\/\/www.pricetornado.com\/da\/wp-json\/wp\/v2\/types\/product"}],"wp:featuredmedia":[{"embeddable":true,"href":"https:\/\/www.pricetornado.com\/da\/wp-json\/"}],"wp:attachment":[{"href":"https:\/\/www.pricetornado.com\/da\/wp-json\/wp\/v2\/media?parent=447032"}],"wp:term":[{"taxonomy":"store","embeddable":true,"href":"https:\/\/www.pricetornado.com\/da\/wp-json\/wp\/v2\/store?post=447032"},{"taxonomy":"product_brand","embeddable":true,"href":"https:\/\/www.pricetornado.com\/da\/wp-json\/wp\/v2\/product_brand?post=447032"},{"taxonomy":"product_cat","embeddable":true,"href":"https:\/\/www.pricetornado.com\/da\/wp-json\/wp\/v2\/product_cat?post=447032"},{"taxonomy":"product_tag","embeddable":true,"href":"https:\/\/www.pricetornado.com\/da\/wp-json\/wp\/v2\/product_tag?post=447032"}],"curies":[{"name":"wp","href":"https:\/\/api.w.org\/{rel}","templated":true}]}}