{"id":447029,"date":"2025-02-27T14:51:02","date_gmt":"2025-02-27T13:51:02","guid":{"rendered":"https:\/\/www.pricetornado.com\/da\/produkt\/scanpan-20-cm-classic-stegepande\/"},"modified":"2026-04-17T11:20:13","modified_gmt":"2026-04-17T09:20:13","slug":"scanpan-20-cm-classic-stegepande","status":"publish","type":"product","link":"https:\/\/www.pricetornado.com\/da\/produkt\/scanpan-20-cm-classic-stegepande\/","title":{"rendered":"Scanpan 20 Cm Classic Stegepande"},"content":{"rendered":"<p>K\u00f8b billig Scanpan 20 Cm Classic Stegepande!<br \/>\nScanpan Classic stegepande p\u00e5 20 cm er fremstillet af genanvendt st\u00f8bt aluminium, hvilket giver en robust pande med optimal holdbarhed og j\u00e6vn varmefordeling. Den innovative STRATANIUM non-stick bel\u00e6gning g\u00f8r det muligt at stege uden fedtstof, sikrer nem reng\u00f8ring og t\u00e5ler brug af metalredskaber. Bel\u00e6gningen er PFOA-fri, s\u00e5 du f\u00e5r en sund og sikker madlavning uden skadelige kemikalier.Panden fungerer til keramiske-, gas-, halogen- og traditionelle spiralkomfurer. Bem\u00e6rk, at den kan bruges p\u00e5 induktion. Non-stick bel\u00e6gningen muligg\u00f8r madlavning helt uden eller med minimalt fedtstof, for en sundere tilberedning.Scanpan Classic stegepande 20 cm er designet til at g\u00f8re madlavningen lettere, sundere og mere holdbar i hverdagen. Opdag flere produkter fra .<\/p>\n<p>Sammenlign priser p\u00e5 Scanpan 20 Cm Classic Stegepande og k\u00f8b online til den billigste pris, samt p\u00e5 tilbud!\u00a0\u00a0Tjek den bedste pris, produkt beskrivelse, video, test, anmeldelser osv.<\/p>\n<p><strong>Brand: <\/strong>Scanpan<br \/>\n<strong>EAN: <\/strong>083421450203<br \/>\n<strong>Producentens varenr.:<\/strong> 083421450203<\/p>\n<p><strong>P.S.<\/strong><br \/>\nTilmeld dig til &#8220;Opret Gratis Prisfald Alarm&#8221;, og bliv underrettet med det samme om prisfald p\u00e5 Scanpan 20 Cm Classic Stegepande, og f\u00e5 den billigste pris!<\/p>\n<p>&nbsp;<\/p>\n<p>&nbsp;<\/p>\n","protected":false},"excerpt":{"rendered":"<p>K\u00f8b billig Scanpan 20 Cm Classic Stegepande! Scanpan Classic stegepande p\u00e5 20 cm er fremstillet af genanvendt st\u00f8bt aluminium, hvilket giver en robust pande med optimal holdbarhed og j\u00e6vn varmefordeling. Den innovative STRATANIUM non-stick bel\u00e6gning g\u00f8r det muligt at stege uden fedtstof, sikrer nem reng\u00f8ring og t\u00e5ler brug af metalredskaber. Bel\u00e6gningen er PFOA-fri, s\u00e5 du [&hellip;]<\/p>\n","protected":false},"featured_media":999980000004470290,"template":"","meta":[],"store":[1272516],"product_brand":[1272521],"product_cat":[1272410],"product_tag":[1272681,1275184],"class_list":{"0":"post-447029","1":"product","2":"type-product","3":"status-publish","4":"has-post-thumbnail","6":"store-butik24","7":"product_brand-scanpan","8":"product_cat-koekkengrej","9":"product_tag-koekkengrej","10":"product_tag-scanpan","11":"pa_maerke-scanpan","13":"first","14":"instock","15":"product-type-external"},"_links":{"self":[{"href":"https:\/\/www.pricetornado.com\/da\/wp-json\/wp\/v2\/product\/447029","targetHints":{"allow":["GET"]}}],"collection":[{"href":"https:\/\/www.pricetornado.com\/da\/wp-json\/wp\/v2\/product"}],"about":[{"href":"https:\/\/www.pricetornado.com\/da\/wp-json\/wp\/v2\/types\/product"}],"wp:featuredmedia":[{"embeddable":true,"href":"https:\/\/www.pricetornado.com\/da\/wp-json\/"}],"wp:attachment":[{"href":"https:\/\/www.pricetornado.com\/da\/wp-json\/wp\/v2\/media?parent=447029"}],"wp:term":[{"taxonomy":"store","embeddable":true,"href":"https:\/\/www.pricetornado.com\/da\/wp-json\/wp\/v2\/store?post=447029"},{"taxonomy":"product_brand","embeddable":true,"href":"https:\/\/www.pricetornado.com\/da\/wp-json\/wp\/v2\/product_brand?post=447029"},{"taxonomy":"product_cat","embeddable":true,"href":"https:\/\/www.pricetornado.com\/da\/wp-json\/wp\/v2\/product_cat?post=447029"},{"taxonomy":"product_tag","embeddable":true,"href":"https:\/\/www.pricetornado.com\/da\/wp-json\/wp\/v2\/product_tag?post=447029"}],"curies":[{"name":"wp","href":"https:\/\/api.w.org\/{rel}","templated":true}]}}