{"id":447024,"date":"2025-02-24T16:59:09","date_gmt":"2025-02-24T15:59:09","guid":{"rendered":"https:\/\/www.pricetornado.com\/da\/produkt\/philips-pro6305bk-00-pro-series-oeretelefoner-med-mikrofon-sort\/"},"modified":"2026-04-21T11:09:52","modified_gmt":"2026-04-21T09:09:52","slug":"philips-pro6305bk-00-pro-series-oeretelefoner-med-mikrofon-sort","status":"publish","type":"product","link":"https:\/\/www.pricetornado.com\/da\/produkt\/philips-pro6305bk-00-pro-series-oeretelefoner-med-mikrofon-sort\/","title":{"rendered":"Philips PRO6305BK\/00 Pro series \u00d8retelefoner med mikrofon &#8211; Sort"},"content":{"rendered":"<p>K\u00f8b billig Philips PRO6305BK\/00 Pro series \u00d8retelefoner med mikrofon &#8211; Sort!<br \/>\nOplev musik, som kunstneren har t\u00e6nkt det, med Philips PRO6305 in-ear hovedtelefoner. Disse \u00f8retelefoner er pr\u00e6cist udformet for at levere en naturlig, afbalanceret lyd og afsl\u00f8rer hver eneste detalje. 12,2 mm neodymium drivere og en Mylar dome membran sikrer enest\u00e5ende lydkvalitet, mens den lukkede bagside og passive st\u00f8jisolation giver dig en fordybende lytteoplevelse uden forstyrrelser fra omgivelserne.Philips PRO6305 underst\u00f8tter Hi-Res Audio og gengiver lyd op til 40 kHz for detaljeret og ren gengivelse. Den indbyggede mikrofon med ekkofjernelse giver klare samtaler, mens mikrofon og besvar-knap p\u00e5 ledningen g\u00f8r det let at skifte mellem opkald og musik.\u00d8retelefonernes ovale akustiske r\u00f8rform og de tre st\u00f8rrelser udskiftelige gummi\u00f8repropper sikrer en personlig, komfortabel pasform \u2013 ogs\u00e5 ved l\u00e6ngere brug. Det slanke, ergonomiske design f\u00f8les let i \u00f8ret og egner sig perfekt til brug p\u00e5 farten. Vakuummetallisering tilf\u00f8rer en elegant, metallic finish, mens materialerne som CCA-stemmespole bidrager til holdbarhed og konsekvent lydkvalitet.Et guldpladeret 3,5 mm stik sikrer stabil og p\u00e5lidelig forbindelse til dine enheder. De udskiftelige \u00f8repropper giver optimal tilpasning til dit \u00f8re og forbedrer den passive st\u00f8jisolation yderligere, s\u00e5 du kan nyde musik og samtaler i h\u00f8j kvalitet, uanset hvor du er.De ideelle \u00f8retelefoner for dig, der \u00f8nsker hi-fi lyd og komfort p\u00e5 farten. Se mere i vores for flere kvalitetslydl\u00f8sninger.<\/p>\n<p>Sammenlign priser p\u00e5 Philips PRO6305BK\/00 Pro series \u00d8retelefoner med mikrofon &#8211; Sort og k\u00f8b online til den billigste pris, samt p\u00e5 tilbud!\u00a0\u00a0Tjek den bedste pris, produkt beskrivelse, video, test, anmeldelser osv.<\/p>\n<p><strong>Brand: <\/strong>Philips<br \/>\n<strong>EAN: <\/strong>6951613981795<br \/>\n<strong>Producentens varenr.:<\/strong> 6951613981795<\/p>\n<p><strong>P.S.<\/strong><br \/>\nTilmeld dig til &#8220;Opret Gratis Prisfald Alarm&#8221;, og bliv underrettet med det samme om prisfald p\u00e5 Philips PRO6305BK\/00 Pro series \u00d8retelefoner med mikrofon &#8211; Sort, og f\u00e5 den billigste pris!<\/p>\n<p>&nbsp;<\/p>\n<p>&nbsp;<\/p>\n","protected":false},"excerpt":{"rendered":"<p>K\u00f8b billig Philips PRO6305BK\/00 Pro series \u00d8retelefoner med mikrofon &#8211; Sort! Oplev musik, som kunstneren har t\u00e6nkt det, med Philips PRO6305 in-ear hovedtelefoner. Disse \u00f8retelefoner er pr\u00e6cist udformet for at levere en naturlig, afbalanceret lyd og afsl\u00f8rer hver eneste detalje. 12,2 mm neodymium drivere og en Mylar dome membran sikrer enest\u00e5ende lydkvalitet, mens den lukkede [&hellip;]<\/p>\n","protected":false},"featured_media":999980000004470240,"template":"","meta":[],"store":[1272516],"product_brand":[1272519],"product_cat":[1272434],"product_tag":[1272843,1275180],"class_list":{"0":"post-447024","1":"product","2":"type-product","3":"status-publish","4":"has-post-thumbnail","6":"store-butik24","7":"product_brand-philips","8":"product_cat-hovedtelefoner","9":"product_tag-hovedtelefoner","10":"product_tag-philips","11":"pa_maerke-philips","13":"first","14":"instock","15":"product-type-external"},"_links":{"self":[{"href":"https:\/\/www.pricetornado.com\/da\/wp-json\/wp\/v2\/product\/447024","targetHints":{"allow":["GET"]}}],"collection":[{"href":"https:\/\/www.pricetornado.com\/da\/wp-json\/wp\/v2\/product"}],"about":[{"href":"https:\/\/www.pricetornado.com\/da\/wp-json\/wp\/v2\/types\/product"}],"wp:featuredmedia":[{"embeddable":true,"href":"https:\/\/www.pricetornado.com\/da\/wp-json\/"}],"wp:attachment":[{"href":"https:\/\/www.pricetornado.com\/da\/wp-json\/wp\/v2\/media?parent=447024"}],"wp:term":[{"taxonomy":"store","embeddable":true,"href":"https:\/\/www.pricetornado.com\/da\/wp-json\/wp\/v2\/store?post=447024"},{"taxonomy":"product_brand","embeddable":true,"href":"https:\/\/www.pricetornado.com\/da\/wp-json\/wp\/v2\/product_brand?post=447024"},{"taxonomy":"product_cat","embeddable":true,"href":"https:\/\/www.pricetornado.com\/da\/wp-json\/wp\/v2\/product_cat?post=447024"},{"taxonomy":"product_tag","embeddable":true,"href":"https:\/\/www.pricetornado.com\/da\/wp-json\/wp\/v2\/product_tag?post=447024"}],"curies":[{"name":"wp","href":"https:\/\/api.w.org\/{rel}","templated":true}]}}