{"id":447023,"date":"2025-02-26T20:44:19","date_gmt":"2025-02-26T19:44:19","guid":{"rendered":"https:\/\/www.pricetornado.com\/da\/produkt\/philips-tah2005bk-00-over-ear-stereohovedtelefoner\/"},"modified":"2026-04-18T03:50:40","modified_gmt":"2026-04-18T01:50:40","slug":"philips-tah2005bk-00-over-ear-stereohovedtelefoner","status":"publish","type":"product","link":"https:\/\/www.pricetornado.com\/da\/produkt\/philips-tah2005bk-00-over-ear-stereohovedtelefoner\/","title":{"rendered":"Philips TAH2005BK\/00 Over-Ear Stereohovedtelefoner"},"content":{"rendered":"<p>K\u00f8b billig Philips TAH2005BK\/00 Over-Ear Stereohovedtelefoner!<br \/>\nPhilips over-ear-hovedtelefoner giver dig en bekvem og stabil pasform, perfekt til b\u00e5de musik, podcasts og hverdagens lydoplevelser. Den lette konstruktion, sammen med bl\u00f8de og polstrede \u00f8repuder samt en polstret, justerbar hovedb\u00f8jle, sikrer komfort selv ved lang tids brug.Udstyret med 40 mm neodymium-drivere leverer disse hovedtelefoner en klar og fyldig lyd. Den lukkede bagside og den gode passive st\u00f8jisolering g\u00f8r, at du f\u00e5r en fokuseret lytteoplevelse \u2013 kun du h\u00f8rer musikken.Det 2 meter lange hovedtelefonkabel giver rigelig bev\u00e6gelsesfrihed og g\u00f8r det nemt at tilslutte til dine foretrukne enheder s\u00e5som b\u00e6rbare computere eller tablets. Da hovedtelefonerne ikke kr\u00e6ver batteri, kan du lytte uden afbrydelser s\u00e5 l\u00e6nge, du \u00f8nsker.Oplev p\u00e5lidelig lydkvalitet og langvarig komfort med Philips over-ear hovedtelefoner \u2013 et ideelt valg til alle, der \u00f8nsker enkel, kablet afspilning hver dag. Se ogs\u00e5 vores komplette udvalg af produkter for flere lydl\u00f8sninger til hjemmet og hverdagen.<\/p>\n<p>Sammenlign priser p\u00e5 Philips TAH2005BK\/00 Over-Ear Stereohovedtelefoner og k\u00f8b online til den billigste pris, samt p\u00e5 tilbud!\u00a0\u00a0Tjek den bedste pris, produkt beskrivelse, video, test, anmeldelser osv.<\/p>\n<p><strong>Brand: <\/strong>Philips<br \/>\n<strong>EAN: <\/strong>4895229109988<br \/>\n<strong>Producentens varenr.:<\/strong> 4895229109988<\/p>\n<p><strong>P.S.<\/strong><br \/>\nTilmeld dig til &#8220;Opret Gratis Prisfald Alarm&#8221;, og bliv underrettet med det samme om prisfald p\u00e5 Philips TAH2005BK\/00 Over-Ear Stereohovedtelefoner, og f\u00e5 den billigste pris!<\/p>\n<p>&nbsp;<\/p>\n<p>&nbsp;<\/p>\n","protected":false},"excerpt":{"rendered":"<p>K\u00f8b billig Philips TAH2005BK\/00 Over-Ear Stereohovedtelefoner! Philips over-ear-hovedtelefoner giver dig en bekvem og stabil pasform, perfekt til b\u00e5de musik, podcasts og hverdagens lydoplevelser. Den lette konstruktion, sammen med bl\u00f8de og polstrede \u00f8repuder samt en polstret, justerbar hovedb\u00f8jle, sikrer komfort selv ved lang tids brug.Udstyret med 40 mm neodymium-drivere leverer disse hovedtelefoner en klar og fyldig [&hellip;]<\/p>\n","protected":false},"featured_media":999980000004470230,"template":"","meta":[],"store":[1272516],"product_brand":[1272519],"product_cat":[1272434],"product_tag":[1272843,1275180],"class_list":{"0":"post-447023","1":"product","2":"type-product","3":"status-publish","4":"has-post-thumbnail","6":"store-butik24","7":"product_brand-philips","8":"product_cat-hovedtelefoner","9":"product_tag-hovedtelefoner","10":"product_tag-philips","11":"pa_maerke-philips","13":"first","14":"instock","15":"product-type-external"},"_links":{"self":[{"href":"https:\/\/www.pricetornado.com\/da\/wp-json\/wp\/v2\/product\/447023","targetHints":{"allow":["GET"]}}],"collection":[{"href":"https:\/\/www.pricetornado.com\/da\/wp-json\/wp\/v2\/product"}],"about":[{"href":"https:\/\/www.pricetornado.com\/da\/wp-json\/wp\/v2\/types\/product"}],"wp:featuredmedia":[{"embeddable":true,"href":"https:\/\/www.pricetornado.com\/da\/wp-json\/"}],"wp:attachment":[{"href":"https:\/\/www.pricetornado.com\/da\/wp-json\/wp\/v2\/media?parent=447023"}],"wp:term":[{"taxonomy":"store","embeddable":true,"href":"https:\/\/www.pricetornado.com\/da\/wp-json\/wp\/v2\/store?post=447023"},{"taxonomy":"product_brand","embeddable":true,"href":"https:\/\/www.pricetornado.com\/da\/wp-json\/wp\/v2\/product_brand?post=447023"},{"taxonomy":"product_cat","embeddable":true,"href":"https:\/\/www.pricetornado.com\/da\/wp-json\/wp\/v2\/product_cat?post=447023"},{"taxonomy":"product_tag","embeddable":true,"href":"https:\/\/www.pricetornado.com\/da\/wp-json\/wp\/v2\/product_tag?post=447023"}],"curies":[{"name":"wp","href":"https:\/\/api.w.org\/{rel}","templated":true}]}}