{"id":447020,"date":"2025-02-25T09:14:22","date_gmt":"2025-02-25T08:14:22","guid":{"rendered":"https:\/\/www.pricetornado.com\/da\/produkt\/philips-skrivebordslampe-einstein-dsk602-15w-3000-5500k-moerkegraa\/"},"modified":"2026-04-17T01:50:39","modified_gmt":"2026-04-16T23:50:39","slug":"philips-skrivebordslampe-einstein-dsk602-15w-3000-5500k-moerkegraa","status":"publish","type":"product","link":"https:\/\/www.pricetornado.com\/da\/produkt\/philips-skrivebordslampe-einstein-dsk602-15w-3000-5500k-moerkegraa\/","title":{"rendered":"Philips skrivebordslampe Einstein DSK602 15W 3000-5500K &#8211; M\u00f8rkeGr\u00e5"},"content":{"rendered":"<p>K\u00f8b billig Philips skrivebordslampe Einstein DSK602 15W 3000-5500K &#8211; M\u00f8rkeGr\u00e5!<br \/>\nPhilips skrivebordslampe Einstein i moderne m\u00f8rkegr\u00e5 er designet med fokus p\u00e5 holdbarhed og brugervenlighed. Lampen er fremstillet i en kombination af metal og plastik, der sikrer en robust, men let konstruktion ideel til skrivebordet. Den passer ind i de fleste indretninger takket v\u00e6re sit enkle, m\u00f8rkegr\u00e5 design.Lampen har en integreret LED-lyskilde med et str\u00f8mforbrug p\u00e5 15 watt og en lysstyrke p\u00e5 cirka 630 lumen. Med en justerbar farvetemperatur fra 2800K til 5100K kan du nemt tilpasse lyset fra varmt til k\u00f8ligt hvidt, s\u00e5 det passer til forskellige opgaver og stemninger.Touchbetjeningen med trinl\u00f8s d\u00e6mpning g\u00f8r det enkelt at justere lysstyrken pr\u00e6cist efter behov, hvilket b\u00e5de \u00f8ger komforten og hj\u00e6lper med at spare energi.Philips Einstein skrivebordslampe er udstyret med EyeComfort-teknologi, som sikrer et bl\u00e6ndfrit, flimmerfrit og farve\u00e6gte lys. Dette reducerer \u00f8jenbelastning og g\u00f8r lampen velegnet ved l\u00e6ngerevarende brug.Justerbar lampesk\u00e6rm, der kan roteres og drejes, s\u00e5 du kan rette lyset pr\u00e6cist, hvor det er brug for.Overflademontering g\u00f8r den nem at fastg\u00f8re p\u00e5 skrivebordet for en stabil og pladsbesparende l\u00f8sning.Lampen har en IP20 certificering, hvilket betyder beskyttelse mod faste partikler st\u00f8rre end 12,5 mm, velegnet til indend\u00f8rs brug.Driftsikker p\u00e5 standard 220-240V netsp\u00e6nding.LED-lyskilden i denne lampe har en levetid p\u00e5 omkring 15.000 timer, hvilket sikrer langvarig brug uden behov for hyppige udskiftninger. Det giver samtidig en b\u00e6redygtig og \u00f8konomisk fordel ved reduceret energiforbrug og mindre affald.Med Philips skrivebordslampe Einstein f\u00e5r du en p\u00e5lidelig og fleksibel arbejdslys-l\u00f8sning, der kombinerer kvalitet, komfort og moderne teknologi. Oplev fordelene ved justerbar belysning og \u00f8jenvenligt lys, som underst\u00f8tter dine daglige opgaver. Bestil din lampe i dag hos Butik24.<\/p>\n<p>Sammenlign priser p\u00e5 Philips skrivebordslampe Einstein DSK602 15W 3000-5500K &#8211; M\u00f8rkeGr\u00e5 og k\u00f8b online til den billigste pris, samt p\u00e5 tilbud!\u00a0\u00a0Tjek den bedste pris, produkt beskrivelse, video, test, anmeldelser osv.<\/p>\n<p><strong>Brand: <\/strong>Philips<br \/>\n<strong>EAN: <\/strong>8719514431195<br \/>\n<strong>Producentens varenr.:<\/strong> 8719514431195<\/p>\n<p><strong>P.S.<\/strong><br \/>\nTilmeld dig til &#8220;Opret Gratis Prisfald Alarm&#8221;, og bliv underrettet med det samme om prisfald p\u00e5 Philips skrivebordslampe Einstein DSK602 15W 3000-5500K &#8211; M\u00f8rkeGr\u00e5, og f\u00e5 den billigste pris!<\/p>\n<p>&nbsp;<\/p>\n<p>&nbsp;<\/p>\n","protected":false},"excerpt":{"rendered":"<p>K\u00f8b billig Philips skrivebordslampe Einstein DSK602 15W 3000-5500K &#8211; M\u00f8rkeGr\u00e5! Philips skrivebordslampe Einstein i moderne m\u00f8rkegr\u00e5 er designet med fokus p\u00e5 holdbarhed og brugervenlighed. Lampen er fremstillet i en kombination af metal og plastik, der sikrer en robust, men let konstruktion ideel til skrivebordet. Den passer ind i de fleste indretninger takket v\u00e6re sit enkle, [&hellip;]<\/p>\n","protected":false},"featured_media":999980000004470200,"template":"","meta":[],"store":[1272516],"product_brand":[1272519],"product_cat":[1272407],"product_tag":[1272697,1275180],"class_list":{"0":"post-447020","1":"product","2":"type-product","3":"status-publish","4":"has-post-thumbnail","6":"store-butik24","7":"product_brand-philips","8":"product_cat-belysning-2","9":"product_tag-belysning","10":"product_tag-philips","11":"pa_maerke-philips","13":"first","14":"instock","15":"product-type-external"},"_links":{"self":[{"href":"https:\/\/www.pricetornado.com\/da\/wp-json\/wp\/v2\/product\/447020","targetHints":{"allow":["GET"]}}],"collection":[{"href":"https:\/\/www.pricetornado.com\/da\/wp-json\/wp\/v2\/product"}],"about":[{"href":"https:\/\/www.pricetornado.com\/da\/wp-json\/wp\/v2\/types\/product"}],"wp:featuredmedia":[{"embeddable":true,"href":"https:\/\/www.pricetornado.com\/da\/wp-json\/"}],"wp:attachment":[{"href":"https:\/\/www.pricetornado.com\/da\/wp-json\/wp\/v2\/media?parent=447020"}],"wp:term":[{"taxonomy":"store","embeddable":true,"href":"https:\/\/www.pricetornado.com\/da\/wp-json\/wp\/v2\/store?post=447020"},{"taxonomy":"product_brand","embeddable":true,"href":"https:\/\/www.pricetornado.com\/da\/wp-json\/wp\/v2\/product_brand?post=447020"},{"taxonomy":"product_cat","embeddable":true,"href":"https:\/\/www.pricetornado.com\/da\/wp-json\/wp\/v2\/product_cat?post=447020"},{"taxonomy":"product_tag","embeddable":true,"href":"https:\/\/www.pricetornado.com\/da\/wp-json\/wp\/v2\/product_tag?post=447020"}],"curies":[{"name":"wp","href":"https:\/\/api.w.org\/{rel}","templated":true}]}}