{"id":447019,"date":"2025-02-21T17:40:09","date_gmt":"2025-02-21T16:40:09","guid":{"rendered":"https:\/\/www.pricetornado.com\/da\/produkt\/philips-hue-white-and-color-ambiance-e14-dobbeltpakke\/"},"modified":"2026-04-20T05:50:27","modified_gmt":"2026-04-20T03:50:27","slug":"philips-hue-white-and-color-ambiance-e14-dobbeltpakke","status":"publish","type":"product","link":"https:\/\/www.pricetornado.com\/da\/produkt\/philips-hue-white-and-color-ambiance-e14-dobbeltpakke\/","title":{"rendered":"Philips Hue White and color ambiance E14 dobbeltpakke"},"content":{"rendered":"<p>K\u00f8b billig Philips Hue White and color ambiance E14 dobbeltpakke!<br \/>\nGiv dit hjem liv og personlighed med den smarte Philips Hue E14 dobbeltpakke. Disse kerteformede LED-p\u00e6rer leverer b\u00e5de varmt og k\u00f8ligt hvidt lys samt 16 millioner levende farver. Med energieffektiv LED-teknologi, der garanterer lavt str\u00f8mforbrug p\u00e5 kun 5,3 W pr. p\u00e6re, lang levetid og \u00f8jeblikkelig t\u00e6nding, f\u00e5r du avanceret belysning, der kombinerer stil, komfort og funktionalitet.Philips Hue E14 p\u00e6rerne tilbyder fleksibel betjening med Bluetooth og Zigbee, s\u00e5 du nemt kan styre op til 10 lyskilder i \u00e9t rum direkte fra Hue Bluetooth appen p\u00e5 din smartphone. \u00d8nsker du flere muligheder, kan du tilslutte en Hue Bridge (s\u00e6lges separat) og dermed udvide styringen til op til 50 lyskilder fordelt over hele hjemmet samt f\u00e5 adgang til alle avancerede funktioner.Integrer dine Hue-p\u00e6rer med Amazon Alexa eller Google Assistant via kompatible smartenheder som Echo eller Nest, og betjen lyset med enkle stemmekommandoer. Du kan t\u00e6nde, slukke eller justere belysningen i hele rummet eller p\u00e5 enkelte lamper helt uden at l\u00f8fte en finger.Farvel\u00e6g hverdagens \u00f8jeblikke med mere end 16 millioner farver og skab den perfekte stemning til enhver lejlighed \u2013 fra fest til afslapning. Benyt forudindstillede lys-scener som Energize, Concentrate, Read og Relax for at optimere din hverdag, give energi, \u00f8ge fokus, fordybe dig i l\u00e6sning eller skabe ro og velv\u00e6re.Energiforbrug: kun 5,3 W pr. p\u00e6reLang levetid: op til 25.000 timerTilf\u00f8jer du en Philips Hue Bridge (s\u00e6lges separat), f\u00e5r du adgang til det fulde spektrum af smarte belysningsfunktioner \u2013 herunder automatiserede rutiner, fjernstyring, integration med bev\u00e6gelsessensorer og intelligente kontakter, samt avanceret styring af hele dit smarte hjemmenetv\u00e6rk.Oplev fleksibel, energieffektiv og stemningsskabende belysning med Philips Hue \u2013 det oplagte valg for moderne, intelligente hjem.<\/p>\n<p>Sammenlign priser p\u00e5 Philips Hue White and color ambiance E14 dobbeltpakke og k\u00f8b online til den billigste pris, samt p\u00e5 tilbud!\u00a0\u00a0Tjek den bedste pris, produkt beskrivelse, video, test, anmeldelser osv.<\/p>\n<p><strong>Brand: <\/strong>Philips Hue<br \/>\n<strong>EAN: <\/strong>8719514356719<br \/>\n<strong>Producentens varenr.:<\/strong> 8719514356719<\/p>\n<p><strong>P.S.<\/strong><br \/>\nTilmeld dig til &#8220;Opret Gratis Prisfald Alarm&#8221;, og bliv underrettet med det samme om prisfald p\u00e5 Philips Hue White and color ambiance E14 dobbeltpakke, og f\u00e5 den billigste pris!<\/p>\n<p>&nbsp;<\/p>\n<p>&nbsp;<\/p>\n","protected":false},"excerpt":{"rendered":"<p>K\u00f8b billig Philips Hue White and color ambiance E14 dobbeltpakke! Giv dit hjem liv og personlighed med den smarte Philips Hue E14 dobbeltpakke. Disse kerteformede LED-p\u00e6rer leverer b\u00e5de varmt og k\u00f8ligt hvidt lys samt 16 millioner levende farver. Med energieffektiv LED-teknologi, der garanterer lavt str\u00f8mforbrug p\u00e5 kun 5,3 W pr. p\u00e6re, lang levetid og \u00f8jeblikkelig [&hellip;]<\/p>\n","protected":false},"featured_media":999980000004470190,"template":"","meta":[],"store":[1272516],"product_brand":[1272523],"product_cat":[1272422],"product_tag":[1272767],"class_list":{"0":"post-447019","1":"product","2":"type-product","3":"status-publish","4":"has-post-thumbnail","6":"store-butik24","7":"product_brand-philips-hue","8":"product_cat-philips-hue","9":"product_tag-philips-hue","10":"pa_maerke-philips-hue","12":"first","13":"instock","14":"product-type-external"},"_links":{"self":[{"href":"https:\/\/www.pricetornado.com\/da\/wp-json\/wp\/v2\/product\/447019","targetHints":{"allow":["GET"]}}],"collection":[{"href":"https:\/\/www.pricetornado.com\/da\/wp-json\/wp\/v2\/product"}],"about":[{"href":"https:\/\/www.pricetornado.com\/da\/wp-json\/wp\/v2\/types\/product"}],"wp:featuredmedia":[{"embeddable":true,"href":"https:\/\/www.pricetornado.com\/da\/wp-json\/"}],"wp:attachment":[{"href":"https:\/\/www.pricetornado.com\/da\/wp-json\/wp\/v2\/media?parent=447019"}],"wp:term":[{"taxonomy":"store","embeddable":true,"href":"https:\/\/www.pricetornado.com\/da\/wp-json\/wp\/v2\/store?post=447019"},{"taxonomy":"product_brand","embeddable":true,"href":"https:\/\/www.pricetornado.com\/da\/wp-json\/wp\/v2\/product_brand?post=447019"},{"taxonomy":"product_cat","embeddable":true,"href":"https:\/\/www.pricetornado.com\/da\/wp-json\/wp\/v2\/product_cat?post=447019"},{"taxonomy":"product_tag","embeddable":true,"href":"https:\/\/www.pricetornado.com\/da\/wp-json\/wp\/v2\/product_tag?post=447019"}],"curies":[{"name":"wp","href":"https:\/\/api.w.org\/{rel}","templated":true}]}}