{"id":447009,"date":"2025-02-25T11:38:24","date_gmt":"2025-02-25T10:38:24","guid":{"rendered":"https:\/\/www.pricetornado.com\/da\/produkt\/nedis-aftraeksslange-pvc-100-mm-6-00-m-egnet-air-ventilation-tumble-dryers-hvid-drho100bwt60\/"},"modified":"2026-04-17T03:20:24","modified_gmt":"2026-04-17T01:20:24","slug":"nedis-aftraeksslange-pvc-100-mm-6-00-m-egnet-air-ventilation-tumble-dryers-hvid-drho100bwt60","status":"publish","type":"product","link":"https:\/\/www.pricetornado.com\/da\/produkt\/nedis-aftraeksslange-pvc-100-mm-6-00-m-egnet-air-ventilation-tumble-dryers-hvid-drho100bwt60\/","title":{"rendered":"Nedis &#8211; Aftr\u00e6ksslange PVC | 100 mm | 6.00 m | Egnet: Air Ventilation \/ Tumble Dryers | Hvid &#8211; DRHO100BWT60"},"content":{"rendered":"<p>K\u00f8b billig Nedis &#8211; Aftr\u00e6ksslange PVC | 100 mm | 6.00 m | Egnet: Air Ventilation \/ Tumble Dryers | Hvid &#8211; DRHO100BWT60!<br \/>\nDenne aftr\u00e6ksslange fra Nedis er fremstillet af holdbart, korrosionsbestandigt PVC, som sikrer fleksibilitet og lang levetid. Slangen er s\u00e6rligt velegnet til udluftningssystemer og t\u00f8rretumblere, hvilket g\u00f8r den ideel til brug i badev\u00e6relser, toiletter, stuer og andre rum, hvor der er behov for effektiv udluftning.Med sin lette og fleksible konstruktion kan denne PVC slange let tilpasses forskellige installationsbehov og rum. Den er ideel til at lede fugtig luft v\u00e6k fra t\u00f8rretumbleren eller til generel ventilation, uden at materialet p\u00e5virkes af fugt eller korrosion. til dit hjem hos Butik24.<\/p>\n<p>Sammenlign priser p\u00e5 Nedis &#8211; Aftr\u00e6ksslange PVC | 100 mm | 6.00 m | Egnet: Air Ventilation \/ Tumble Dryers | Hvid &#8211; DRHO100BWT60 og k\u00f8b online til den billigste pris, samt p\u00e5 tilbud!\u00a0\u00a0Tjek den bedste pris, produkt beskrivelse, video, test, anmeldelser osv.<\/p>\n<p><strong>Brand: <\/strong>Nedis<br \/>\n<strong>EAN: <\/strong>5412810301560<br \/>\n<strong>Producentens varenr.:<\/strong> 5412810301560<\/p>\n<p><strong>P.S.<\/strong><br \/>\nTilmeld dig til &#8220;Opret Gratis Prisfald Alarm&#8221;, og bliv underrettet med det samme om prisfald p\u00e5 Nedis &#8211; Aftr\u00e6ksslange PVC | 100 mm | 6.00 m | Egnet: Air Ventilation \/ Tumble Dryers | Hvid &#8211; DRHO100BWT60, og f\u00e5 den billigste pris!<\/p>\n<p>&nbsp;<\/p>\n<p>&nbsp;<\/p>\n","protected":false},"excerpt":{"rendered":"<p>K\u00f8b billig Nedis &#8211; Aftr\u00e6ksslange PVC | 100 mm | 6.00 m | Egnet: Air Ventilation \/ Tumble Dryers | Hvid &#8211; DRHO100BWT60! Denne aftr\u00e6ksslange fra Nedis er fremstillet af holdbart, korrosionsbestandigt PVC, som sikrer fleksibilitet og lang levetid. Slangen er s\u00e6rligt velegnet til udluftningssystemer og t\u00f8rretumblere, hvilket g\u00f8r den ideel til brug i badev\u00e6relser, [&hellip;]<\/p>\n","protected":false},"featured_media":999980000004470090,"template":"","meta":[],"store":[1272516],"product_brand":[1272517],"product_cat":[1272508],"product_tag":[1272837,1275178],"class_list":{"0":"post-447009","1":"product","2":"type-product","3":"status-publish","4":"has-post-thumbnail","6":"store-butik24","7":"product_brand-nedis","8":"product_cat-husholdningsapparater","9":"product_tag-husholdningsapparater","10":"product_tag-nedis","11":"pa_maerke-nedis","13":"first","14":"instock","15":"product-type-external"},"_links":{"self":[{"href":"https:\/\/www.pricetornado.com\/da\/wp-json\/wp\/v2\/product\/447009","targetHints":{"allow":["GET"]}}],"collection":[{"href":"https:\/\/www.pricetornado.com\/da\/wp-json\/wp\/v2\/product"}],"about":[{"href":"https:\/\/www.pricetornado.com\/da\/wp-json\/wp\/v2\/types\/product"}],"wp:featuredmedia":[{"embeddable":true,"href":"https:\/\/www.pricetornado.com\/da\/wp-json\/"}],"wp:attachment":[{"href":"https:\/\/www.pricetornado.com\/da\/wp-json\/wp\/v2\/media?parent=447009"}],"wp:term":[{"taxonomy":"store","embeddable":true,"href":"https:\/\/www.pricetornado.com\/da\/wp-json\/wp\/v2\/store?post=447009"},{"taxonomy":"product_brand","embeddable":true,"href":"https:\/\/www.pricetornado.com\/da\/wp-json\/wp\/v2\/product_brand?post=447009"},{"taxonomy":"product_cat","embeddable":true,"href":"https:\/\/www.pricetornado.com\/da\/wp-json\/wp\/v2\/product_cat?post=447009"},{"taxonomy":"product_tag","embeddable":true,"href":"https:\/\/www.pricetornado.com\/da\/wp-json\/wp\/v2\/product_tag?post=447009"}],"curies":[{"name":"wp","href":"https:\/\/api.w.org\/{rel}","templated":true}]}}