{"id":447006,"date":"2025-02-20T16:16:52","date_gmt":"2025-02-20T15:16:52","guid":{"rendered":"https:\/\/www.pricetornado.com\/da\/produkt\/pillivuyt-gourmet-grydelap-205-x-205-cm-2-stk-brun\/"},"modified":"2026-04-20T02:50:29","modified_gmt":"2026-04-20T00:50:29","slug":"pillivuyt-gourmet-grydelap-205-x-205-cm-2-stk-brun","status":"publish","type":"product","link":"https:\/\/www.pricetornado.com\/da\/produkt\/pillivuyt-gourmet-grydelap-205-x-205-cm-2-stk-brun\/","title":{"rendered":"Pillivuyt Gourmet Grydelap 20,5 x 20,5 cm 2 stk. Brun"},"content":{"rendered":"<p>K\u00f8b billig Pillivuyt Gourmet Grydelap 20,5 x 20,5 cm 2 stk. Brun!<br \/>\nDette s\u00e6t best\u00e5r af to brune grydelapper fremstillet af kraftigt kanvas og 100 % b\u00f8ffell\u00e6der, der tilsammen sikrer en robust og slidst\u00e6rk l\u00f8sning til daglig brug i k\u00f8kkenet. Grydelapperne m\u00e5ler 20,5 x 20,5 cm og giver fuld beskyttelse af h\u00e5nden, n\u00e5r du h\u00e5ndterer varme fade og gryder.Kanvasen er 100 % bomuld i en kraftig v\u00e6vning, som g\u00f8r grydelapperne b\u00e5de slidst\u00e6rke og vandafvisende \u2013 ideelle egenskaber til hyppig brug i k\u00f8kkenet, hvor b\u00e5de varme og fugt kan forekomme. L\u00e6deret er 100 % b\u00f8ffell\u00e6der, kendt for sin h\u00f8je elasticitet og slidstyrke. Med korrekt pleje udvikler b\u00f8ffell\u00e6deret en flot patina, som forbedrer l\u00e6derets udseende med tiden.Grydelapperne beskytter hele h\u00e5nden mod varme, hvilket mindsker risikoen for forbr\u00e6ndinger og giver tryghed, n\u00e5r du tager varme retter ud af ovnen.Disse grydelapper matcher andre produkter fra Pillivuyt og kan kombineres med flere k\u00f8kkenredskaber fra samme serie. Invest\u00e9r i holdbarhed og stil til dit k\u00f8kken med dette s\u00e6t grydelapper, der forener funktionalitet, beskyttelse og \u00e6stetik.<\/p>\n<p>Sammenlign priser p\u00e5 Pillivuyt Gourmet Grydelap 20,5 x 20,5 cm 2 stk. Brun og k\u00f8b online til den billigste pris, samt p\u00e5 tilbud!\u00a0\u00a0Tjek den bedste pris, produkt beskrivelse, video, test, anmeldelser osv.<\/p>\n<p><strong>Brand: <\/strong>Pillivuyt<br \/>\n<strong>EAN: <\/strong>5722000295754<br \/>\n<strong>Producentens varenr.:<\/strong> 5722000295754<\/p>\n<p><strong>P.S.<\/strong><br \/>\nTilmeld dig til &#8220;Opret Gratis Prisfald Alarm&#8221;, og bliv underrettet med det samme om prisfald p\u00e5 Pillivuyt Gourmet Grydelap 20,5 x 20,5 cm 2 stk. Brun, og f\u00e5 den billigste pris!<\/p>\n<p>&nbsp;<\/p>\n<p>&nbsp;<\/p>\n","protected":false},"excerpt":{"rendered":"<p>K\u00f8b billig Pillivuyt Gourmet Grydelap 20,5 x 20,5 cm 2 stk. Brun! Dette s\u00e6t best\u00e5r af to brune grydelapper fremstillet af kraftigt kanvas og 100 % b\u00f8ffell\u00e6der, der tilsammen sikrer en robust og slidst\u00e6rk l\u00f8sning til daglig brug i k\u00f8kkenet. Grydelapperne m\u00e5ler 20,5 x 20,5 cm og giver fuld beskyttelse af h\u00e5nden, n\u00e5r du h\u00e5ndterer [&hellip;]<\/p>\n","protected":false},"featured_media":999980000004470060,"template":"","meta":[],"store":[1272516],"product_brand":[1272529],"product_cat":[1272410],"product_tag":[1272681,1275179],"class_list":{"0":"post-447006","1":"product","2":"type-product","3":"status-publish","4":"has-post-thumbnail","6":"store-butik24","7":"product_brand-pillivuyt","8":"product_cat-koekkengrej","9":"product_tag-koekkengrej","10":"product_tag-pillivuyt","11":"pa_maerke-pillivuyt","13":"first","14":"instock","15":"product-type-external"},"_links":{"self":[{"href":"https:\/\/www.pricetornado.com\/da\/wp-json\/wp\/v2\/product\/447006","targetHints":{"allow":["GET"]}}],"collection":[{"href":"https:\/\/www.pricetornado.com\/da\/wp-json\/wp\/v2\/product"}],"about":[{"href":"https:\/\/www.pricetornado.com\/da\/wp-json\/wp\/v2\/types\/product"}],"wp:featuredmedia":[{"embeddable":true,"href":"https:\/\/www.pricetornado.com\/da\/wp-json\/"}],"wp:attachment":[{"href":"https:\/\/www.pricetornado.com\/da\/wp-json\/wp\/v2\/media?parent=447006"}],"wp:term":[{"taxonomy":"store","embeddable":true,"href":"https:\/\/www.pricetornado.com\/da\/wp-json\/wp\/v2\/store?post=447006"},{"taxonomy":"product_brand","embeddable":true,"href":"https:\/\/www.pricetornado.com\/da\/wp-json\/wp\/v2\/product_brand?post=447006"},{"taxonomy":"product_cat","embeddable":true,"href":"https:\/\/www.pricetornado.com\/da\/wp-json\/wp\/v2\/product_cat?post=447006"},{"taxonomy":"product_tag","embeddable":true,"href":"https:\/\/www.pricetornado.com\/da\/wp-json\/wp\/v2\/product_tag?post=447006"}],"curies":[{"name":"wp","href":"https:\/\/api.w.org\/{rel}","templated":true}]}}