{"id":447005,"date":"2025-02-21T18:14:22","date_gmt":"2025-02-21T17:14:22","guid":{"rendered":"https:\/\/www.pricetornado.com\/da\/produkt\/philips-hue-startsaet-2-x-e27-paerer-1100lm\/"},"modified":"2026-04-19T02:39:58","modified_gmt":"2026-04-19T00:39:58","slug":"philips-hue-startsaet-2-x-e27-paerer-1100lm","status":"publish","type":"product","link":"https:\/\/www.pricetornado.com\/da\/produkt\/philips-hue-startsaet-2-x-e27-paerer-1100lm\/","title":{"rendered":"Philips Hue Starts\u00e6t 2 x E27 p\u00e6rer (1100lm)"},"content":{"rendered":"<p>K\u00f8b billig Philips Hue Starts\u00e6t 2 x E27 p\u00e6rer (1100lm)!<br \/>\nStyr lyset i dit hjem nemt og fleksibelt med Philips Hue White and color ambiance E27 starts\u00e6t. S\u00e6ttet indeholder 2 LED-p\u00e6rer med E27-fatning, der giver adgang til b\u00e5de hvidt og farvet lys samt alle nuancer imellem \u2013 op til 16 millioner farver. Med den medf\u00f8lgende Hue Bridge kan du f\u00e5 adgang til avancerede funktioner og styre lysene via app, stemme eller intelligent tilbeh\u00f8r.Op til 1.055 lumen lysstyrke ved 4000K, svarende til en traditionel 75W p\u00e6re, med \u00f8jeblikkelig fuld lysstyrkeLang levetid p\u00e5 op til 25.000 timer og op til 50.000 t\u00e6nd\/sluk-cyklusserPhilips Hue starts\u00e6ttet er den optimale l\u00f8sning, hvis du \u00f8nsker moderne og fleksibel styring af din belysning kombineret med energibesparelse og lang holdbarhed. Start nemt med Bluetooth, eller udvid til fuld smart home-integration via den medf\u00f8lgende Hue Bridge. fra Butik24 \u2013 din genvej til intelligent belysning og hjemmets fremtid.<\/p>\n<p>Sammenlign priser p\u00e5 Philips Hue Starts\u00e6t 2 x E27 p\u00e6rer (1100lm) og k\u00f8b online til den billigste pris, samt p\u00e5 tilbud!\u00a0\u00a0Tjek den bedste pris, produkt beskrivelse, video, test, anmeldelser osv.<\/p>\n<p><strong>Brand: <\/strong>Philips Hue<br \/>\n<strong>EAN: <\/strong>8719514291492<br \/>\n<strong>Producentens varenr.:<\/strong> 8719514291492<\/p>\n<p><strong>P.S.<\/strong><br \/>\nTilmeld dig til &#8220;Opret Gratis Prisfald Alarm&#8221;, og bliv underrettet med det samme om prisfald p\u00e5 Philips Hue Starts\u00e6t 2 x E27 p\u00e6rer (1100lm), og f\u00e5 den billigste pris!<\/p>\n<p>&nbsp;<\/p>\n<p>&nbsp;<\/p>\n","protected":false},"excerpt":{"rendered":"<p>K\u00f8b billig Philips Hue Starts\u00e6t 2 x E27 p\u00e6rer (1100lm)! Styr lyset i dit hjem nemt og fleksibelt med Philips Hue White and color ambiance E27 starts\u00e6t. S\u00e6ttet indeholder 2 LED-p\u00e6rer med E27-fatning, der giver adgang til b\u00e5de hvidt og farvet lys samt alle nuancer imellem \u2013 op til 16 millioner farver. Med den medf\u00f8lgende [&hellip;]<\/p>\n","protected":false},"featured_media":999980000004470050,"template":"","meta":[],"store":[1272516],"product_brand":[1272523],"product_cat":[1272407],"product_tag":[1272697,1272767],"class_list":{"0":"post-447005","1":"product","2":"type-product","3":"status-publish","4":"has-post-thumbnail","6":"store-butik24","7":"product_brand-philips-hue","8":"product_cat-belysning-2","9":"product_tag-belysning","10":"product_tag-philips-hue","11":"pa_maerke-philips-hue","13":"first","14":"instock","15":"product-type-external"},"_links":{"self":[{"href":"https:\/\/www.pricetornado.com\/da\/wp-json\/wp\/v2\/product\/447005","targetHints":{"allow":["GET"]}}],"collection":[{"href":"https:\/\/www.pricetornado.com\/da\/wp-json\/wp\/v2\/product"}],"about":[{"href":"https:\/\/www.pricetornado.com\/da\/wp-json\/wp\/v2\/types\/product"}],"wp:featuredmedia":[{"embeddable":true,"href":"https:\/\/www.pricetornado.com\/da\/wp-json\/"}],"wp:attachment":[{"href":"https:\/\/www.pricetornado.com\/da\/wp-json\/wp\/v2\/media?parent=447005"}],"wp:term":[{"taxonomy":"store","embeddable":true,"href":"https:\/\/www.pricetornado.com\/da\/wp-json\/wp\/v2\/store?post=447005"},{"taxonomy":"product_brand","embeddable":true,"href":"https:\/\/www.pricetornado.com\/da\/wp-json\/wp\/v2\/product_brand?post=447005"},{"taxonomy":"product_cat","embeddable":true,"href":"https:\/\/www.pricetornado.com\/da\/wp-json\/wp\/v2\/product_cat?post=447005"},{"taxonomy":"product_tag","embeddable":true,"href":"https:\/\/www.pricetornado.com\/da\/wp-json\/wp\/v2\/product_tag?post=447005"}],"curies":[{"name":"wp","href":"https:\/\/api.w.org\/{rel}","templated":true}]}}