{"id":446998,"date":"2025-02-27T11:34:51","date_gmt":"2025-02-27T10:34:51","guid":{"rendered":"https:\/\/www.pricetornado.com\/da\/produkt\/wiz-neon-flex-strip-3-meter\/"},"modified":"2026-04-30T02:40:05","modified_gmt":"2026-04-30T00:40:05","slug":"wiz-neon-flex-strip-3-meter","status":"publish","type":"product","link":"https:\/\/www.pricetornado.com\/da\/produkt\/wiz-neon-flex-strip-3-meter\/","title":{"rendered":"WIZ Neon flex strip 3 meter"},"content":{"rendered":"<p>K\u00f8b billig WIZ Neon flex strip 3 meter!<br \/>\nWiZ Neon flex strip p\u00e5 3 meter g\u00f8r det muligt at forme lyset pr\u00e6cis, som du \u00f8nsker, og skabe intelligente og kreative lysformer, der forsk\u00f8nner ethvert rum. Den b\u00f8jelige og fleksible lightstrip g\u00f8r det nemt at lave personlige dekorationer og forbedre b\u00e5de stemningen og indretningen.Du kan styre WiZ Neon flex strip via WiZ-appen, WiZ-fjernbetjeningen eller med stemmen gennem Google Home, Alexa eller Siri. F\u00e5 adgang til millioner af farver og nyd gradierede neon farveeffekter, som skaber en dynamisk og livlig atmosf\u00e6re i hjemmet.Dobbeltisoleret og robust konstruktion, der sikrer sikker indend\u00f8rs brug.Bendbar design g\u00f8r installationen alsidig og nem i forskellige rum.IP20-klassificeret for beskyttelse mod faste partikler over 12 mm \u2013 ikke beregnet til fugtige omr\u00e5der eller udend\u00f8rs brug.Indbygget bev\u00e6gelsesdetektering med WiZ&apos;s SpaceSense-teknologi (kr\u00e6ver mindst to WiZ-lys i rummet til aktivering).Energieffektive LED\u2019er reducerer str\u00f8mforbruget.Matter-certificering sikrer problemfri integration med andre smart home-enheder..<\/p>\n<p>Sammenlign priser p\u00e5 WIZ Neon flex strip 3 meter og k\u00f8b online til den billigste pris, samt p\u00e5 tilbud!\u00a0\u00a0Tjek den bedste pris, produkt beskrivelse, video, test, anmeldelser osv.<\/p>\n<p><strong>Brand: <\/strong>Wiz<br \/>\n<strong>EAN: <\/strong>8720169072510<br \/>\n<strong>Producentens varenr.:<\/strong> 8720169072510<\/p>\n<p><strong>P.S.<\/strong><br \/>\nTilmeld dig til &#8220;Opret Gratis Prisfald Alarm&#8221;, og bliv underrettet med det samme om prisfald p\u00e5 WIZ Neon flex strip 3 meter, og f\u00e5 den billigste pris!<\/p>\n<p>&nbsp;<\/p>\n<p>&nbsp;<\/p>\n","protected":false},"excerpt":{"rendered":"<p>K\u00f8b billig WIZ Neon flex strip 3 meter! WiZ Neon flex strip p\u00e5 3 meter g\u00f8r det muligt at forme lyset pr\u00e6cis, som du \u00f8nsker, og skabe intelligente og kreative lysformer, der forsk\u00f8nner ethvert rum. Den b\u00f8jelige og fleksible lightstrip g\u00f8r det nemt at lave personlige dekorationer og forbedre b\u00e5de stemningen og indretningen.Du kan styre [&hellip;]<\/p>\n","protected":false},"featured_media":999980000004469980,"template":"","meta":[],"store":[1272516],"product_brand":[1272522],"product_cat":[1272407],"product_tag":[1272697,1275183],"class_list":{"0":"post-446998","1":"product","2":"type-product","3":"status-publish","4":"has-post-thumbnail","6":"store-butik24","7":"product_brand-wiz","8":"product_cat-belysning-2","9":"product_tag-belysning","10":"product_tag-wiz","11":"pa_maerke-wiz","13":"first","14":"instock","15":"product-type-external"},"_links":{"self":[{"href":"https:\/\/www.pricetornado.com\/da\/wp-json\/wp\/v2\/product\/446998","targetHints":{"allow":["GET"]}}],"collection":[{"href":"https:\/\/www.pricetornado.com\/da\/wp-json\/wp\/v2\/product"}],"about":[{"href":"https:\/\/www.pricetornado.com\/da\/wp-json\/wp\/v2\/types\/product"}],"wp:featuredmedia":[{"embeddable":true,"href":"https:\/\/www.pricetornado.com\/da\/wp-json\/"}],"wp:attachment":[{"href":"https:\/\/www.pricetornado.com\/da\/wp-json\/wp\/v2\/media?parent=446998"}],"wp:term":[{"taxonomy":"store","embeddable":true,"href":"https:\/\/www.pricetornado.com\/da\/wp-json\/wp\/v2\/store?post=446998"},{"taxonomy":"product_brand","embeddable":true,"href":"https:\/\/www.pricetornado.com\/da\/wp-json\/wp\/v2\/product_brand?post=446998"},{"taxonomy":"product_cat","embeddable":true,"href":"https:\/\/www.pricetornado.com\/da\/wp-json\/wp\/v2\/product_cat?post=446998"},{"taxonomy":"product_tag","embeddable":true,"href":"https:\/\/www.pricetornado.com\/da\/wp-json\/wp\/v2\/product_tag?post=446998"}],"curies":[{"name":"wp","href":"https:\/\/api.w.org\/{rel}","templated":true}]}}