{"id":446992,"date":"2025-02-24T20:28:04","date_gmt":"2025-02-24T19:28:04","guid":{"rendered":"https:\/\/www.pricetornado.com\/da\/produkt\/philips-oneblade-pro-360-ansigt-og-krop-qp6552-15\/"},"modified":"2026-04-17T10:29:56","modified_gmt":"2026-04-17T08:29:56","slug":"philips-oneblade-pro-360-ansigt-og-krop-qp6552-15","status":"publish","type":"product","link":"https:\/\/www.pricetornado.com\/da\/produkt\/philips-oneblade-pro-360-ansigt-og-krop-qp6552-15\/","title":{"rendered":"Philips OneBlade Pro 360 Ansigt og krop- QP6552\/15"},"content":{"rendered":"<p>K\u00f8b billig Philips OneBlade Pro 360 Ansigt og krop- QP6552\/15!<br \/>\nPhilips OneBlade Pro 360 til ansigt og krop giver dig mulighed for at trimme, style og barbere alle sk\u00e6gl\u00e6ngder med kun \u00e9t fleksibelt v\u00e6rkt\u00f8j. Det innovative 360-graders sk\u00e6r f\u00f8lger nemt ansigtets og kroppens kurver for pr\u00e6cis og komfortabel barbering. Med b\u00e5de et sk\u00e6r til ansigtet og et hudbeskyttende sk\u00e6r til kroppen beh\u00f8ver du ikke flere forskellige produkter \u2013 alt klares med \u00e9n enhed.OneBlade Pro 360 kan trimme, barbere og forme alle h\u00e5rl\u00e6ngder p\u00e5 b\u00e5de ansigt og krop. Den dobbeltsidede klinge g\u00f8r det let at rette og definere skarpe kanter for et pr\u00e6cist resultat hver gang. Med den justerbare pr\u00e6cisionskam kan du v\u00e6lge mellem 20 l\u00e6ngdeindstillinger fra 0,4 til 10 mm, s\u00e5 du opn\u00e5r ensartet trimning tilpasset dine behov.Philips OneBlade Pro 360 har en glattebel\u00e6gning og afrundede spidser, der beskytter huden og sikrer en behagelig barbering \u2013 selv p\u00e5 f\u00f8lsomme omr\u00e5der. En beskyttende hudkappe kan fastg\u00f8res, n\u00e5r du barberer s\u00e6rligt f\u00f8lsomme steder for ekstra sikkerhed.Den slidst\u00e6rke klinge i rustfrit st\u00e5l sikrer lang holdbarhed og effektiv ydeevne over tid. Det ergonomiske greb giver en behagelig og sikker h\u00e5ndtering, uanset om du trimmer eller barberer.Den indbyggede genopladelige litiumionbatteri giver op til 120 minutters brugstid efter kun \u00e9n times opladning. Et digitalt LED-display viser batteristatus, opladningsforl\u00f8b og har desuden en praktisk rejsel\u00e5s til sikker opbevaring. Apparater er fuldt vandt\u00e6t (IPX7), hvilket g\u00f8r det let at reng\u00f8re og ideelt til b\u00e5de v\u00e5d- og t\u00f8rbarbering.Philips OneBlade Pro 360 er det alsidige valg til effektiv og pr\u00e6cis barbering og trimning af b\u00e5de ansigt og krop. Find den i vores udvalg af .<\/p>\n<p>Sammenlign priser p\u00e5 Philips OneBlade Pro 360 Ansigt og krop- QP6552\/15 og k\u00f8b online til den billigste pris, samt p\u00e5 tilbud!\u00a0\u00a0Tjek den bedste pris, produkt beskrivelse, video, test, anmeldelser osv.<\/p>\n<p><strong>Brand: <\/strong>Philips<br \/>\n<strong>EAN: <\/strong>8720689027199<br \/>\n<strong>Producentens varenr.:<\/strong> 8720689027199<\/p>\n<p><strong>P.S.<\/strong><br \/>\nTilmeld dig til &#8220;Opret Gratis Prisfald Alarm&#8221;, og bliv underrettet med det samme om prisfald p\u00e5 Philips OneBlade Pro 360 Ansigt og krop- QP6552\/15, og f\u00e5 den billigste pris!<\/p>\n<p>&nbsp;<\/p>\n<p>&nbsp;<\/p>\n","protected":false},"excerpt":{"rendered":"<p>K\u00f8b billig Philips OneBlade Pro 360 Ansigt og krop- QP6552\/15! Philips OneBlade Pro 360 til ansigt og krop giver dig mulighed for at trimme, style og barbere alle sk\u00e6gl\u00e6ngder med kun \u00e9t fleksibelt v\u00e6rkt\u00f8j. Det innovative 360-graders sk\u00e6r f\u00f8lger nemt ansigtets og kroppens kurver for pr\u00e6cis og komfortabel barbering. Med b\u00e5de et sk\u00e6r til ansigtet [&hellip;]<\/p>\n","protected":false},"featured_media":999980000004469920,"template":"","meta":[],"store":[1272516],"product_brand":[1272519],"product_cat":[1272413],"product_tag":[1272706,1275180],"class_list":{"0":"post-446992","1":"product","2":"type-product","3":"status-publish","4":"has-post-thumbnail","6":"store-butik24","7":"product_brand-philips","8":"product_cat-personlig-pleje","9":"product_tag-personlig-pleje","10":"product_tag-philips","11":"pa_maerke-philips","13":"first","14":"instock","15":"product-type-external"},"_links":{"self":[{"href":"https:\/\/www.pricetornado.com\/da\/wp-json\/wp\/v2\/product\/446992","targetHints":{"allow":["GET"]}}],"collection":[{"href":"https:\/\/www.pricetornado.com\/da\/wp-json\/wp\/v2\/product"}],"about":[{"href":"https:\/\/www.pricetornado.com\/da\/wp-json\/wp\/v2\/types\/product"}],"wp:featuredmedia":[{"embeddable":true,"href":"https:\/\/www.pricetornado.com\/da\/wp-json\/"}],"wp:attachment":[{"href":"https:\/\/www.pricetornado.com\/da\/wp-json\/wp\/v2\/media?parent=446992"}],"wp:term":[{"taxonomy":"store","embeddable":true,"href":"https:\/\/www.pricetornado.com\/da\/wp-json\/wp\/v2\/store?post=446992"},{"taxonomy":"product_brand","embeddable":true,"href":"https:\/\/www.pricetornado.com\/da\/wp-json\/wp\/v2\/product_brand?post=446992"},{"taxonomy":"product_cat","embeddable":true,"href":"https:\/\/www.pricetornado.com\/da\/wp-json\/wp\/v2\/product_cat?post=446992"},{"taxonomy":"product_tag","embeddable":true,"href":"https:\/\/www.pricetornado.com\/da\/wp-json\/wp\/v2\/product_tag?post=446992"}],"curies":[{"name":"wp","href":"https:\/\/api.w.org\/{rel}","templated":true}]}}