{"id":446991,"date":"2025-02-27T09:49:09","date_gmt":"2025-02-27T08:49:09","guid":{"rendered":"https:\/\/www.pricetornado.com\/da\/produkt\/peugeot-bistro-peberkvaern-10-cm-hvid-boeg\/"},"modified":"2026-04-21T03:59:57","modified_gmt":"2026-04-21T01:59:57","slug":"peugeot-bistro-peberkvaern-10-cm-hvid-boeg","status":"publish","type":"product","link":"https:\/\/www.pricetornado.com\/da\/produkt\/peugeot-bistro-peberkvaern-10-cm-hvid-boeg\/","title":{"rendered":"Peugeot Bistro Peberkv\u00e6rn 10 cm Hvid B\u00f8g"},"content":{"rendered":"<p>K\u00f8b billig Peugeot Bistro Peberkv\u00e6rn 10 cm Hvid B\u00f8g!<br \/>\nBistro er en \u00e6gte fransk caf\u00e9-klassiker siden 1874 og kombinerer tidl\u00f8st design med moderne funktionalitet. Peugeot Bistro peberkv\u00e6rnen fremstilles i hvid b\u00f8g \u2013 et holdbart og b\u00e6redygtigt materiale, der giver et naturligt og stilrent udseende. Kv\u00e6rnen f\u00e5s i flere farver: natur, choko, sort og hvid, og passer perfekt p\u00e5 b\u00e5de hverdagsbordet og til s\u00e6rlige lejligheder.Malemekanisme i rustfrit st\u00e5l, der er skarp, modstandsdygtig og har livstidsgaranti., der matcher Bistro-seriens klassiske design og h\u00f8je funktionalitet.<\/p>\n<p>Sammenlign priser p\u00e5 Peugeot Bistro Peberkv\u00e6rn 10 cm Hvid B\u00f8g og k\u00f8b online til den billigste pris, samt p\u00e5 tilbud!\u00a0\u00a0Tjek den bedste pris, produkt beskrivelse, video, test, anmeldelser osv.<\/p>\n<p><strong>Brand: <\/strong>Peugeot<br \/>\n<strong>EAN: <\/strong>4006950024215<br \/>\n<strong>Producentens varenr.:<\/strong> 4006950024215<\/p>\n<p><strong>P.S.<\/strong><br \/>\nTilmeld dig til &#8220;Opret Gratis Prisfald Alarm&#8221;, og bliv underrettet med det samme om prisfald p\u00e5 Peugeot Bistro Peberkv\u00e6rn 10 cm Hvid B\u00f8g, og f\u00e5 den billigste pris!<\/p>\n<p>&nbsp;<\/p>\n<p>&nbsp;<\/p>\n","protected":false},"excerpt":{"rendered":"<p>K\u00f8b billig Peugeot Bistro Peberkv\u00e6rn 10 cm Hvid B\u00f8g! Bistro er en \u00e6gte fransk caf\u00e9-klassiker siden 1874 og kombinerer tidl\u00f8st design med moderne funktionalitet. Peugeot Bistro peberkv\u00e6rnen fremstilles i hvid b\u00f8g \u2013 et holdbart og b\u00e6redygtigt materiale, der giver et naturligt og stilrent udseende. Kv\u00e6rnen f\u00e5s i flere farver: natur, choko, sort og hvid, og [&hellip;]<\/p>\n","protected":false},"featured_media":999980000004469910,"template":"","meta":[],"store":[1272516],"product_brand":[1272520],"product_cat":[1272410],"product_tag":[1272681,1275187],"class_list":{"0":"post-446991","1":"product","2":"type-product","3":"status-publish","4":"has-post-thumbnail","6":"store-butik24","7":"product_brand-peugeot","8":"product_cat-koekkengrej","9":"product_tag-koekkengrej","10":"product_tag-peugeot","11":"pa_maerke-peugeot","13":"first","14":"instock","15":"product-type-external"},"_links":{"self":[{"href":"https:\/\/www.pricetornado.com\/da\/wp-json\/wp\/v2\/product\/446991","targetHints":{"allow":["GET"]}}],"collection":[{"href":"https:\/\/www.pricetornado.com\/da\/wp-json\/wp\/v2\/product"}],"about":[{"href":"https:\/\/www.pricetornado.com\/da\/wp-json\/wp\/v2\/types\/product"}],"wp:featuredmedia":[{"embeddable":true,"href":"https:\/\/www.pricetornado.com\/da\/wp-json\/"}],"wp:attachment":[{"href":"https:\/\/www.pricetornado.com\/da\/wp-json\/wp\/v2\/media?parent=446991"}],"wp:term":[{"taxonomy":"store","embeddable":true,"href":"https:\/\/www.pricetornado.com\/da\/wp-json\/wp\/v2\/store?post=446991"},{"taxonomy":"product_brand","embeddable":true,"href":"https:\/\/www.pricetornado.com\/da\/wp-json\/wp\/v2\/product_brand?post=446991"},{"taxonomy":"product_cat","embeddable":true,"href":"https:\/\/www.pricetornado.com\/da\/wp-json\/wp\/v2\/product_cat?post=446991"},{"taxonomy":"product_tag","embeddable":true,"href":"https:\/\/www.pricetornado.com\/da\/wp-json\/wp\/v2\/product_tag?post=446991"}],"curies":[{"name":"wp","href":"https:\/\/api.w.org\/{rel}","templated":true}]}}