{"id":446983,"date":"2025-02-21T13:18:16","date_gmt":"2025-02-21T12:18:16","guid":{"rendered":"https:\/\/www.pricetornado.com\/da\/produkt\/alecto-varmedetektor-10-aar-hvid-ha59\/"},"modified":"2026-04-17T02:50:26","modified_gmt":"2026-04-17T00:50:26","slug":"alecto-varmedetektor-10-aar-hvid-ha59","status":"publish","type":"product","link":"https:\/\/www.pricetornado.com\/da\/produkt\/alecto-varmedetektor-10-aar-hvid-ha59\/","title":{"rendered":"Alecto &#8211; Varmedetektor 10 \u00e5r Hvid &#8211; HA59"},"content":{"rendered":"<p>K\u00f8b billig Alecto &#8211; Varmedetektor 10 \u00e5r Hvid &#8211; HA59!<br \/>\nAlecto varmedetektor er ideel til rum, hvor traditionelle r\u00f8gdetektorer kan give falske alarmer, s\u00e5som k\u00f8kkener, garager eller badev\u00e6relser. I stedet for at reagere p\u00e5 r\u00f8g registrerer denne enhed overdreven varme og udl\u00f8ser en alarm, n\u00e5r temperaturen n\u00e5r eller overstiger 54 \u00b0C. Dette giver en tidlig advarsel om potentielle brandfarer i milj\u00f8er, hvor r\u00f8gdetektorer ikke er egnede.Varmedetektoren er fremstillet af holdbare materialer med et kompakt design og en lang sensorlevetid p\u00e5 op til 10 \u00e5r, hvilket minimerer behovet for udskiftning og sikrer bekymringsfri brug. Enheden er EN54-5 certificeret, hvilket garanterer driftssikkerhed og h\u00f8j sikkerhed i alle typer milj\u00f8er.Kraftig alarm p\u00e5 85 dB sikrer, at du bliver advaret, ogs\u00e5 mens du sover.Selvtestfunktion, s\u00e5 du let kan kontrollere, at enheden fungerer korrekt.LED-indikator viser, at varmedetektoren er aktiv.Automatisk advarsel ved lavt batteriniveau giver ekstra tryghed.Let montage med medf\u00f8lgende monteringsmaterialer.Str\u00f8mforsynes af et DC 3V CR14250-batteri med op til 10 \u00e5rs levetid.Alecto varmedetektor tilf\u00f8jer et vigtigt lag sikkerhed i rum, hvor madlavningsdamp, fugt eller st\u00f8v kan fremkalde fejlalarmer i r\u00f8gdetektorer. Dette g\u00f8r den ideel til b\u00e5de private hjem og erhvervsbygninger, hvor ekstra brandsikkerhed er p\u00e5kr\u00e6vet.V\u00e6lg Alecto varmedetektor for p\u00e5lidelig og langtidsholdbar brandsikring \u2013 en nem og effektiv l\u00f8sning til \u00f8get tryghed i hverdagen.<\/p>\n<p>Sammenlign priser p\u00e5 Alecto &#8211; Varmedetektor 10 \u00e5r Hvid &#8211; HA59 og k\u00f8b online til den billigste pris, samt p\u00e5 tilbud!\u00a0\u00a0Tjek den bedste pris, produkt beskrivelse, video, test, anmeldelser osv.<\/p>\n<p><strong>Brand: <\/strong>Alecto<br \/>\n<strong>EAN: <\/strong>8711902079484<br \/>\n<strong>Producentens varenr.:<\/strong> 8711902079484<\/p>\n<p><strong>P.S.<\/strong><br \/>\nTilmeld dig til &#8220;Opret Gratis Prisfald Alarm&#8221;, og bliv underrettet med det samme om prisfald p\u00e5 Alecto &#8211; Varmedetektor 10 \u00e5r Hvid &#8211; HA59, og f\u00e5 den billigste pris!<\/p>\n<p>&nbsp;<\/p>\n<p>&nbsp;<\/p>\n","protected":false},"excerpt":{"rendered":"<p>K\u00f8b billig Alecto &#8211; Varmedetektor 10 \u00e5r Hvid &#8211; HA59! Alecto varmedetektor er ideel til rum, hvor traditionelle r\u00f8gdetektorer kan give falske alarmer, s\u00e5som k\u00f8kkener, garager eller badev\u00e6relser. I stedet for at reagere p\u00e5 r\u00f8g registrerer denne enhed overdreven varme og udl\u00f8ser en alarm, n\u00e5r temperaturen n\u00e5r eller overstiger 54 \u00b0C. Dette giver en tidlig [&hellip;]<\/p>\n","protected":false},"featured_media":999980000004469830,"template":"","meta":[],"store":[1272516],"product_brand":[1272518],"product_cat":[1272469],"product_tag":[1275186,1273060],"class_list":{"0":"post-446983","1":"product","2":"type-product","3":"status-publish","4":"has-post-thumbnail","6":"store-butik24","7":"product_brand-alecto","8":"product_cat-detektorer","9":"product_tag-alecto","10":"product_tag-detektorer","11":"pa_maerke-alecto","13":"first","14":"instock","15":"product-type-external"},"_links":{"self":[{"href":"https:\/\/www.pricetornado.com\/da\/wp-json\/wp\/v2\/product\/446983","targetHints":{"allow":["GET"]}}],"collection":[{"href":"https:\/\/www.pricetornado.com\/da\/wp-json\/wp\/v2\/product"}],"about":[{"href":"https:\/\/www.pricetornado.com\/da\/wp-json\/wp\/v2\/types\/product"}],"wp:featuredmedia":[{"embeddable":true,"href":"https:\/\/www.pricetornado.com\/da\/wp-json\/"}],"wp:attachment":[{"href":"https:\/\/www.pricetornado.com\/da\/wp-json\/wp\/v2\/media?parent=446983"}],"wp:term":[{"taxonomy":"store","embeddable":true,"href":"https:\/\/www.pricetornado.com\/da\/wp-json\/wp\/v2\/store?post=446983"},{"taxonomy":"product_brand","embeddable":true,"href":"https:\/\/www.pricetornado.com\/da\/wp-json\/wp\/v2\/product_brand?post=446983"},{"taxonomy":"product_cat","embeddable":true,"href":"https:\/\/www.pricetornado.com\/da\/wp-json\/wp\/v2\/product_cat?post=446983"},{"taxonomy":"product_tag","embeddable":true,"href":"https:\/\/www.pricetornado.com\/da\/wp-json\/wp\/v2\/product_tag?post=446983"}],"curies":[{"name":"wp","href":"https:\/\/api.w.org\/{rel}","templated":true}]}}