{"id":446981,"date":"2025-02-24T07:57:20","date_gmt":"2025-02-24T06:57:20","guid":{"rendered":"https:\/\/www.pricetornado.com\/da\/produkt\/nedis-smartlife-robot-med-gardin-i-skinne-u-skinne-draperer-gardiner-batteri-usb-drevet-4000-mah-bluetooth-hvid-btmc20wt1pc\/"},"modified":"2026-03-25T02:02:09","modified_gmt":"2026-03-25T01:02:09","slug":"nedis-smartlife-robot-med-gardin-i-skinne-u-skinne-draperer-gardiner-batteri-usb-drevet-4000-mah-bluetooth-hvid-btmc20wt1pc","status":"publish","type":"product","link":"https:\/\/www.pricetornado.com\/da\/produkt\/nedis-smartlife-robot-med-gardin-i-skinne-u-skinne-draperer-gardiner-batteri-usb-drevet-4000-mah-bluetooth-hvid-btmc20wt1pc\/","title":{"rendered":"Nedis &#8211; SmartLife Robot med Gardin | I-Skinne \/ U-Skinne | Draperer \/ Gardiner | Batteri \/ USB Drevet | 4000 mAh | Bluetooth\u00ae | Hvid &#8211; BTMC20WT1PC"},"content":{"rendered":"<p>K\u00f8b billig Nedis &#8211; SmartLife Robot med Gardin | I-Skinne \/ U-Skinne | Draperer \/ Gardiner | Batteri \/ USB Drevet | 4000 mAh | Bluetooth\u00ae | Hvid &#8211; BTMC20WT1PC!<br \/>\nNedis SmartLife gardinrobot g\u00f8r dine gardiner smarte og nemme at styre. Denne motoriserede l\u00f8sning giver dig mulighed for at automatisere dine stangskinnegardiner via Bluetooth og Nedis SmartLife-appen (kompatibel med Android og iOS). Opret tidsplaner og rutiner, s\u00e5 gardinerne \u00e5bner og lukker automatisk p\u00e5 de tidspunkter, du \u00f8nsker \u2013 uanset om du er hjemme eller ej. Du kan ogs\u00e5 betjene gardinerne manuelt via fysiske knapper p\u00e5 enheden, hvilket g\u00f8r den ekstra brugervenlig.Desuden underst\u00f8tter gardinrobotten stemmestyring via Google Home og Amazon Alexa, s\u00e5 du kan styre gardinerne helt h\u00e5ndfrit.Enheden er lavet af robust ABS-plast, der kombinerer lav v\u00e6gt med styrke til dagligt brug. Den er kompatibel med b\u00e5de I-skinner (7-26 mm) og U-skinner (4-30 mm) via to medf\u00f8lgende monteringsbeslag, hvilket g\u00f8r den velegnet til de fleste gardinst\u00e6nger i hjemmet. Installationen tager kun cirka 30 sekunder og kr\u00e6ver intet v\u00e6rkt\u00f8j, s\u00e5 du kan hurtigt f\u00e5 smarte gardiner uden besv\u00e6r.Det integrerede genopladelige 4000 mAh lithium-ion-batteri oplades nemt via USB-C og sikrer tr\u00e5dl\u00f8s betjening af gardiner op til 12 kg. Enheden benytter Bluetooth Low Energy-teknologi for at minimere str\u00f8mforbruget og sikre lang driftstid mellem opladninger.Bem\u00e6rk, at produktet ikke er vandt\u00e6t og b\u00f8r ikke uds\u00e6ttes for vand, fugt eller aggressive reng\u00f8ringsmidler. For at bevare gardinrobotten skal fysisk st\u00f8d undg\u00e5s. Produktet er CE-m\u00e6rket og overholder RED 2014\/53\/EU-direktivet for sikkerhed og elektromagnetisk kompatibilitet.Nedis SmartLife gardinrobot g\u00f8r det nemt at automatisere gardiner \u2013 selv dem, der er placeret bag m\u00f8bler eller sv\u00e6re at n\u00e5. Du f\u00e5r fleksibilitet, komfort og \u00f8get sikkerhed i hjemmet med enkel styring via app eller stemme. G\u00f8r din boligs vinduer intelligente med en hurtig og nem installation.<\/p>\n<p>Sammenlign priser p\u00e5 Nedis &#8211; SmartLife Robot med Gardin | I-Skinne \/ U-Skinne | Draperer \/ Gardiner | Batteri \/ USB Drevet | 4000 mAh | Bluetooth\u00ae | Hvid &#8211; BTMC20WT1PC og k\u00f8b online til den billigste pris, samt p\u00e5 tilbud!\u00a0\u00a0Tjek den bedste pris, produkt beskrivelse, video, test, anmeldelser osv.<\/p>\n<p><strong>Brand: <\/strong>Nedis<br \/>\n<strong>EAN: <\/strong>5412810419708<br \/>\n<strong>Producentens varenr.:<\/strong> 5412810419708<\/p>\n<p><strong>P.S.<\/strong><br \/>\nTilmeld dig til &#8220;Opret Gratis Prisfald Alarm&#8221;, og bliv underrettet med det samme om prisfald p\u00e5 Nedis &#8211; SmartLife Robot med Gardin | I-Skinne \/ U-Skinne | Draperer \/ Gardiner | Batteri \/ USB Drevet | 4000 mAh | Bluetooth\u00ae | Hvid &#8211; BTMC20WT1PC, og f\u00e5 den billigste pris!<\/p>\n<p>&nbsp;<\/p>\n<p>&nbsp;<\/p>\n","protected":false},"excerpt":{"rendered":"<p>K\u00f8b billig Nedis &#8211; SmartLife Robot med Gardin | I-Skinne \/ U-Skinne | Draperer \/ Gardiner | Batteri \/ USB Drevet | 4000 mAh | Bluetooth\u00ae | Hvid &#8211; BTMC20WT1PC! Nedis SmartLife gardinrobot g\u00f8r dine gardiner smarte og nemme at styre. Denne motoriserede l\u00f8sning giver dig mulighed for at automatisere dine stangskinnegardiner via Bluetooth og [&hellip;]<\/p>\n","protected":false},"featured_media":0,"template":"","meta":[],"store":[1272516],"product_brand":[1272517],"product_cat":[1272491],"product_tag":[1272740,1275178],"class_list":{"0":"post-446981","1":"product","2":"type-product","3":"status-publish","5":"store-butik24","6":"product_brand-nedis","7":"product_cat-hjem-og-livstil","8":"product_tag-hjem-og-livstil","9":"product_tag-nedis","10":"pa_maerke-nedis","12":"first","13":"instock","14":"product-type-external"},"_links":{"self":[{"href":"https:\/\/www.pricetornado.com\/da\/wp-json\/wp\/v2\/product\/446981","targetHints":{"allow":["GET"]}}],"collection":[{"href":"https:\/\/www.pricetornado.com\/da\/wp-json\/wp\/v2\/product"}],"about":[{"href":"https:\/\/www.pricetornado.com\/da\/wp-json\/wp\/v2\/types\/product"}],"wp:attachment":[{"href":"https:\/\/www.pricetornado.com\/da\/wp-json\/wp\/v2\/media?parent=446981"}],"wp:term":[{"taxonomy":"store","embeddable":true,"href":"https:\/\/www.pricetornado.com\/da\/wp-json\/wp\/v2\/store?post=446981"},{"taxonomy":"product_brand","embeddable":true,"href":"https:\/\/www.pricetornado.com\/da\/wp-json\/wp\/v2\/product_brand?post=446981"},{"taxonomy":"product_cat","embeddable":true,"href":"https:\/\/www.pricetornado.com\/da\/wp-json\/wp\/v2\/product_cat?post=446981"},{"taxonomy":"product_tag","embeddable":true,"href":"https:\/\/www.pricetornado.com\/da\/wp-json\/wp\/v2\/product_tag?post=446981"}],"curies":[{"name":"wp","href":"https:\/\/api.w.org\/{rel}","templated":true}]}}