{"id":446965,"date":"2025-02-21T00:54:43","date_gmt":"2025-02-20T23:54:43","guid":{"rendered":"https:\/\/www.pricetornado.com\/da\/produkt\/lenco-baerbar-dab-fm-radio-med-alarmfunktion-hvid-pdr-030wh\/"},"modified":"2026-04-17T01:30:35","modified_gmt":"2026-04-16T23:30:35","slug":"lenco-baerbar-dab-fm-radio-med-alarmfunktion-hvid-pdr-030wh","status":"publish","type":"product","link":"https:\/\/www.pricetornado.com\/da\/produkt\/lenco-baerbar-dab-fm-radio-med-alarmfunktion-hvid-pdr-030wh\/","title":{"rendered":"Lenco &#8211; B\u00e6rbar DAB+\/FM-radio med alarmfunktion Hvid &#8211; PDR-030WH"},"content":{"rendered":"<p>K\u00f8b billig Lenco &#8211; B\u00e6rbar DAB+\/FM-radio med alarmfunktion Hvid &#8211; PDR-030WH!<br \/>\nLenco PDR-030 er en let og praktisk b\u00e6rbar radio, som giver dig adgang til b\u00e5de DAB+ og FM-radiostationer i digital og analog lydkvalitet. Det robuste plastkabinettet sikrer holdbarhed og g\u00f8r radioen nem at tage med overalt. Med sine kompakte dimensioner p\u00e5 ca. 21 x 14 cm og en v\u00e6gt under et kilo kan du let have radioen med til parken, p\u00e5 udflugten eller i sommerhuset.Radioen har et brugervenligt kontrolpanel med tydeligt markerede knapper og forudindstillinger, s\u00e5 du hurtigt kan skifte og gemme dine favoritstationer p\u00e5 DAB+ og FM. Den teleskopiske antenne forbedrer modtagelsen og sikrer et klart signal uden forstyrrelser.Lenco PDR-030 har et integreret genopladeligt batteri, der giver op til ca. 6 timers tr\u00e5dl\u00f8s brug, s\u00e5 du kan lytte uden at v\u00e6re afh\u00e6ngig af str\u00f8m. Dual alarmfunktionen lader dig v\u00e6lge mellem buzzer eller radio som v\u00e6kkeur. Derudover kan du benytte sleep-timer og snooze-funktioner, s\u00e5 du let kan falde i s\u00f8vn eller v\u00e5gne til din yndlingsmusik.Genopladeligt batteri med op til ca. 6 timers brugLenco PDR-030 findes i b\u00e5de hvid og sort, s\u00e5 du kan v\u00e6lge den variant, der passer bedst til din stil og dit hjem. Denne radio er det perfekte valg for dig, der \u00f8nsker en p\u00e5lidelig, brugervenlig og moderne radiooplevelse med fremragende lydkvalitet \u2013 uanset hvor du befinder dig.<\/p>\n<p>Sammenlign priser p\u00e5 Lenco &#8211; B\u00e6rbar DAB+\/FM-radio med alarmfunktion Hvid &#8211; PDR-030WH og k\u00f8b online til den billigste pris, samt p\u00e5 tilbud!\u00a0\u00a0Tjek den bedste pris, produkt beskrivelse, video, test, anmeldelser osv.<\/p>\n<p><strong>Brand: <\/strong>Lenco<br \/>\n<strong>EAN: <\/strong>8711902035725<br \/>\n<strong>Producentens varenr.:<\/strong> 8711902035725<\/p>\n<p><strong>P.S.<\/strong><br \/>\nTilmeld dig til &#8220;Opret Gratis Prisfald Alarm&#8221;, og bliv underrettet med det samme om prisfald p\u00e5 Lenco &#8211; B\u00e6rbar DAB+\/FM-radio med alarmfunktion Hvid &#8211; PDR-030WH, og f\u00e5 den billigste pris!<\/p>\n<p>&nbsp;<\/p>\n<p>&nbsp;<\/p>\n","protected":false},"excerpt":{"rendered":"<p>K\u00f8b billig Lenco &#8211; B\u00e6rbar DAB+\/FM-radio med alarmfunktion Hvid &#8211; PDR-030WH! Lenco PDR-030 er en let og praktisk b\u00e6rbar radio, som giver dig adgang til b\u00e5de DAB+ og FM-radiostationer i digital og analog lydkvalitet. Det robuste plastkabinettet sikrer holdbarhed og g\u00f8r radioen nem at tage med overalt. Med sine kompakte dimensioner p\u00e5 ca. 21 x [&hellip;]<\/p>\n","protected":false},"featured_media":999980000004469650,"template":"","meta":[],"store":[1272516],"product_brand":[1272526],"product_cat":[1272439],"product_tag":[1275188,1272694],"class_list":{"0":"post-446965","1":"product","2":"type-product","3":"status-publish","4":"has-post-thumbnail","6":"store-butik24","7":"product_brand-lenco","8":"product_cat-radio-2","9":"product_tag-lenco","10":"product_tag-radio","11":"pa_maerke-lenco","13":"first","14":"instock","15":"product-type-external"},"_links":{"self":[{"href":"https:\/\/www.pricetornado.com\/da\/wp-json\/wp\/v2\/product\/446965","targetHints":{"allow":["GET"]}}],"collection":[{"href":"https:\/\/www.pricetornado.com\/da\/wp-json\/wp\/v2\/product"}],"about":[{"href":"https:\/\/www.pricetornado.com\/da\/wp-json\/wp\/v2\/types\/product"}],"wp:featuredmedia":[{"embeddable":true,"href":"https:\/\/www.pricetornado.com\/da\/wp-json\/"}],"wp:attachment":[{"href":"https:\/\/www.pricetornado.com\/da\/wp-json\/wp\/v2\/media?parent=446965"}],"wp:term":[{"taxonomy":"store","embeddable":true,"href":"https:\/\/www.pricetornado.com\/da\/wp-json\/wp\/v2\/store?post=446965"},{"taxonomy":"product_brand","embeddable":true,"href":"https:\/\/www.pricetornado.com\/da\/wp-json\/wp\/v2\/product_brand?post=446965"},{"taxonomy":"product_cat","embeddable":true,"href":"https:\/\/www.pricetornado.com\/da\/wp-json\/wp\/v2\/product_cat?post=446965"},{"taxonomy":"product_tag","embeddable":true,"href":"https:\/\/www.pricetornado.com\/da\/wp-json\/wp\/v2\/product_tag?post=446965"}],"curies":[{"name":"wp","href":"https:\/\/api.w.org\/{rel}","templated":true}]}}