{"id":446962,"date":"2025-02-22T18:54:16","date_gmt":"2025-02-22T17:54:16","guid":{"rendered":"https:\/\/www.pricetornado.com\/da\/produkt\/lenco-svedtaette-bluetooth-oerepropper-inklusive-powerbank-etui-sort-epb-160bk\/"},"modified":"2026-04-17T02:29:52","modified_gmt":"2026-04-17T00:29:52","slug":"lenco-svedtaette-bluetooth-oerepropper-inklusive-powerbank-etui-sort-epb-160bk","status":"publish","type":"product","link":"https:\/\/www.pricetornado.com\/da\/produkt\/lenco-svedtaette-bluetooth-oerepropper-inklusive-powerbank-etui-sort-epb-160bk\/","title":{"rendered":"Lenco &#8211; Svedt\u00e6tte Bluetooth-\u00f8repropper inklusive powerbank-etui Sort &#8211; EPB-160BK"},"content":{"rendered":"<p>K\u00f8b billig Lenco &#8211; Svedt\u00e6tte Bluetooth-\u00f8repropper inklusive powerbank-etui Sort &#8211; EPB-160BK!<br \/>\nLenco EPB-160 er de ideelle Bluetooth-\u00f8repropper til b\u00e5de musik og opkald, uanset om du tr\u00e6ner eller er p\u00e5 farten. Med integreret mikrofon i kablet, der peger nedad for optimal stemmeoptagelse, kan du nemt foretage opkald uden at tage telefonen op. \u00d8repropperne forbindes let med Bluetooth 5.0 og har en r\u00e6kkevidde p\u00e5 op til 10 meter, hvilket sikrer stabil tr\u00e5dl\u00f8s lyd b\u00e5de til din yndlingsmusik og samtaler.\u00d8repropperne er fremstillet af en kombination af metal, stof, plastik og gummi for \u00f8get holdbarhed og lav v\u00e6gt. De bl\u00f8de silikone-\u00f8repropper sikrer en behagelig og sikker pasform, der bliver siddende \u2013 selv under l\u00f8b og anden aktivitet. Derudover er de IPX4-certificerede og dermed sved- og fugtbestandige, hvilket g\u00f8r dem perfekt egnede til tr\u00e6ning.Med op til 9 timers spilletid kan du h\u00f8re musik hele dagen eller gennemf\u00f8re lange opkald uden afbrydelse. N\u00e5r batteriet er tomt, oplader du nemt \u00f8repropperne p\u00e5 kun 1,5 time med det medf\u00f8lgende mikro-USB-kabel eller det transportable powerbank-etui. Etuiet har samtidig en batteristatusindikator, s\u00e5 du altid har styr p\u00e5 str\u00f8mmen, n\u00e5r du er p\u00e5 farten.De simple touch-knapper p\u00e5 kablet g\u00f8r det let at styre musikafspilning, justere lydstyrken eller besvare opkald \u2013 helt uden at skulle finde telefonen frem. Dette giver dig maksimal frihed og bekvemmelighed i b\u00e5de hverdag og tr\u00e6ning.Bluetooth 5.0 med op til 10 meters r\u00e6kkeviddeOp til 9 timers spilletid pr. opladningLenco EPB-160 Bluetooth-\u00f8repropper giver dig optimal komfort, p\u00e5lidelig funktionalitet og robust kvalitet \u2013 og er det perfekte valg til dig, der \u00f8nsker frihed til at lytte til musik og foretage opkald, uanset hvor du er. Oplev tr\u00e5dl\u00f8s bev\u00e6gelsesfrihed i din hverdag \u2013 bestil i dag.<\/p>\n<p>Sammenlign priser p\u00e5 Lenco &#8211; Svedt\u00e6tte Bluetooth-\u00f8repropper inklusive powerbank-etui Sort &#8211; EPB-160BK og k\u00f8b online til den billigste pris, samt p\u00e5 tilbud!\u00a0\u00a0Tjek den bedste pris, produkt beskrivelse, video, test, anmeldelser osv.<\/p>\n<p><strong>Brand: <\/strong>Lenco<br \/>\n<strong>EAN: <\/strong>8711902042358<br \/>\n<strong>Producentens varenr.:<\/strong> 8711902042358<\/p>\n<p><strong>P.S.<\/strong><br \/>\nTilmeld dig til &#8220;Opret Gratis Prisfald Alarm&#8221;, og bliv underrettet med det samme om prisfald p\u00e5 Lenco &#8211; Svedt\u00e6tte Bluetooth-\u00f8repropper inklusive powerbank-etui Sort &#8211; EPB-160BK, og f\u00e5 den billigste pris!<\/p>\n<p>&nbsp;<\/p>\n<p>&nbsp;<\/p>\n","protected":false},"excerpt":{"rendered":"<p>K\u00f8b billig Lenco &#8211; Svedt\u00e6tte Bluetooth-\u00f8repropper inklusive powerbank-etui Sort &#8211; EPB-160BK! Lenco EPB-160 er de ideelle Bluetooth-\u00f8repropper til b\u00e5de musik og opkald, uanset om du tr\u00e6ner eller er p\u00e5 farten. Med integreret mikrofon i kablet, der peger nedad for optimal stemmeoptagelse, kan du nemt foretage opkald uden at tage telefonen op. \u00d8repropperne forbindes let med [&hellip;]<\/p>\n","protected":false},"featured_media":999980000004469620,"template":"","meta":[],"store":[1272516],"product_brand":[1272526],"product_cat":[1272434],"product_tag":[1272843,1275188],"class_list":{"0":"post-446962","1":"product","2":"type-product","3":"status-publish","4":"has-post-thumbnail","6":"store-butik24","7":"product_brand-lenco","8":"product_cat-hovedtelefoner","9":"product_tag-hovedtelefoner","10":"product_tag-lenco","11":"pa_maerke-lenco","13":"first","14":"instock","15":"product-type-external"},"_links":{"self":[{"href":"https:\/\/www.pricetornado.com\/da\/wp-json\/wp\/v2\/product\/446962","targetHints":{"allow":["GET"]}}],"collection":[{"href":"https:\/\/www.pricetornado.com\/da\/wp-json\/wp\/v2\/product"}],"about":[{"href":"https:\/\/www.pricetornado.com\/da\/wp-json\/wp\/v2\/types\/product"}],"wp:featuredmedia":[{"embeddable":true,"href":"https:\/\/www.pricetornado.com\/da\/wp-json\/"}],"wp:attachment":[{"href":"https:\/\/www.pricetornado.com\/da\/wp-json\/wp\/v2\/media?parent=446962"}],"wp:term":[{"taxonomy":"store","embeddable":true,"href":"https:\/\/www.pricetornado.com\/da\/wp-json\/wp\/v2\/store?post=446962"},{"taxonomy":"product_brand","embeddable":true,"href":"https:\/\/www.pricetornado.com\/da\/wp-json\/wp\/v2\/product_brand?post=446962"},{"taxonomy":"product_cat","embeddable":true,"href":"https:\/\/www.pricetornado.com\/da\/wp-json\/wp\/v2\/product_cat?post=446962"},{"taxonomy":"product_tag","embeddable":true,"href":"https:\/\/www.pricetornado.com\/da\/wp-json\/wp\/v2\/product_tag?post=446962"}],"curies":[{"name":"wp","href":"https:\/\/api.w.org\/{rel}","templated":true}]}}