{"id":446956,"date":"2025-02-27T16:16:16","date_gmt":"2025-02-27T15:16:16","guid":{"rendered":"https:\/\/www.pricetornado.com\/da\/produkt\/lenco-baerbar-stereo-fm-radio-med-cd-afspiller-transparent-scd-24tr\/"},"modified":"2026-04-17T01:30:25","modified_gmt":"2026-04-16T23:30:25","slug":"lenco-baerbar-stereo-fm-radio-med-cd-afspiller-transparent-scd-24tr","status":"publish","type":"product","link":"https:\/\/www.pricetornado.com\/da\/produkt\/lenco-baerbar-stereo-fm-radio-med-cd-afspiller-transparent-scd-24tr\/","title":{"rendered":"Lenco &#8211; B\u00e6rbar stereo FM-radio med cd-afspiller Transparent &#8211; SCD-24TR"},"content":{"rendered":"<p>K\u00f8b billig Lenco &#8211; B\u00e6rbar stereo FM-radio med cd-afspiller Transparent &#8211; SCD-24TR!<br \/>\nLenco SCD-24TR er en brugervenlig, b\u00e6rbar stereo FM-radio med indbygget cd-afspiller og et karakteristisk transparent plastkabinet, s\u00e5 du kan f\u00f8lge med i cd-mekanismen. Kombinationen af slidst\u00e6rkt metal og let plast s\u00f8rger for h\u00f8j holdbarhed og nem transport, mens det indbyggede h\u00e5ndtag g\u00f8r det oplagt at tage musikken med dig \u2013 b\u00e5de hjemme og p\u00e5 farten.Lenco SCD-24TR kan tilsluttes b\u00e5de stikkontakt og batterier, hvilket g\u00f8r den ideel til brug inde som ude. Apparaterne er designet med et energivenligt standby-forbrug p\u00e5 kun 0,46 W.Bluetooth 5.0 for tr\u00e5dl\u00f8s streaming fra dine mobile enhederLenco SCD-24TR fylder minimalt (ca. 240 mm i dybden og 130 mm i h\u00f8jden) og vejer kun cirka 1,38 kg. Det integrerede b\u00e6reh\u00e5ndtag g\u00f8r den let at tage med til parken, til fest eller hvor som helst, du \u00f8nsker musik og underholdning.Lenco SCD-24TR f\u00e5s i syv flotte farver: bl\u00e5\/sort, gr\u00f8n\/sort, lilla, r\u00f8d\/sort, hvid, sort\/s\u00f8lv og pink, s\u00e5 du kan v\u00e6lge den, der passer bedst til din smag.Med Lenco SCD-24TR kan du nyde dine yndlingssange og radioprogrammer, uanset hvor du er. Takket v\u00e6re brugervenlig teknologi, programmerbar hukommelse og det b\u00e6rbare design er det altid nemt at have god lyd lige ved h\u00e5nden \u2013 b\u00e5de alene og sammen med andre.<\/p>\n<p>Sammenlign priser p\u00e5 Lenco &#8211; B\u00e6rbar stereo FM-radio med cd-afspiller Transparent &#8211; SCD-24TR og k\u00f8b online til den billigste pris, samt p\u00e5 tilbud!\u00a0\u00a0Tjek den bedste pris, produkt beskrivelse, video, test, anmeldelser osv.<\/p>\n<p><strong>Brand: <\/strong>Lenco<br \/>\n<strong>EAN: <\/strong>8711902066255<br \/>\n<strong>Producentens varenr.:<\/strong> 8711902066255<\/p>\n<p><strong>P.S.<\/strong><br \/>\nTilmeld dig til &#8220;Opret Gratis Prisfald Alarm&#8221;, og bliv underrettet med det samme om prisfald p\u00e5 Lenco &#8211; B\u00e6rbar stereo FM-radio med cd-afspiller Transparent &#8211; SCD-24TR, og f\u00e5 den billigste pris!<\/p>\n<p>&nbsp;<\/p>\n<p>&nbsp;<\/p>\n","protected":false},"excerpt":{"rendered":"<p>K\u00f8b billig Lenco &#8211; B\u00e6rbar stereo FM-radio med cd-afspiller Transparent &#8211; SCD-24TR! Lenco SCD-24TR er en brugervenlig, b\u00e6rbar stereo FM-radio med indbygget cd-afspiller og et karakteristisk transparent plastkabinet, s\u00e5 du kan f\u00f8lge med i cd-mekanismen. Kombinationen af slidst\u00e6rkt metal og let plast s\u00f8rger for h\u00f8j holdbarhed og nem transport, mens det indbyggede h\u00e5ndtag g\u00f8r det [&hellip;]<\/p>\n","protected":false},"featured_media":999980000004469560,"template":"","meta":[],"store":[1272516],"product_brand":[1272526],"product_cat":[1272439],"product_tag":[1275188,1272694],"class_list":{"0":"post-446956","1":"product","2":"type-product","3":"status-publish","4":"has-post-thumbnail","6":"store-butik24","7":"product_brand-lenco","8":"product_cat-radio-2","9":"product_tag-lenco","10":"product_tag-radio","11":"pa_maerke-lenco","13":"first","14":"instock","15":"product-type-external"},"_links":{"self":[{"href":"https:\/\/www.pricetornado.com\/da\/wp-json\/wp\/v2\/product\/446956","targetHints":{"allow":["GET"]}}],"collection":[{"href":"https:\/\/www.pricetornado.com\/da\/wp-json\/wp\/v2\/product"}],"about":[{"href":"https:\/\/www.pricetornado.com\/da\/wp-json\/wp\/v2\/types\/product"}],"wp:featuredmedia":[{"embeddable":true,"href":"https:\/\/www.pricetornado.com\/da\/wp-json\/"}],"wp:attachment":[{"href":"https:\/\/www.pricetornado.com\/da\/wp-json\/wp\/v2\/media?parent=446956"}],"wp:term":[{"taxonomy":"store","embeddable":true,"href":"https:\/\/www.pricetornado.com\/da\/wp-json\/wp\/v2\/store?post=446956"},{"taxonomy":"product_brand","embeddable":true,"href":"https:\/\/www.pricetornado.com\/da\/wp-json\/wp\/v2\/product_brand?post=446956"},{"taxonomy":"product_cat","embeddable":true,"href":"https:\/\/www.pricetornado.com\/da\/wp-json\/wp\/v2\/product_cat?post=446956"},{"taxonomy":"product_tag","embeddable":true,"href":"https:\/\/www.pricetornado.com\/da\/wp-json\/wp\/v2\/product_tag?post=446956"}],"curies":[{"name":"wp","href":"https:\/\/api.w.org\/{rel}","templated":true}]}}