{"id":446955,"date":"2025-02-24T11:23:47","date_gmt":"2025-02-24T10:23:47","guid":{"rendered":"https:\/\/www.pricetornado.com\/da\/produkt\/lenco-baerbar-fm-radio-med-cd-blaa-sort-scd-24-blue-bl\/"},"modified":"2026-05-01T01:40:10","modified_gmt":"2026-04-30T23:40:10","slug":"lenco-baerbar-fm-radio-med-cd-blaa-sort-scd-24-blue-bl","status":"publish","type":"product","link":"https:\/\/www.pricetornado.com\/da\/produkt\/lenco-baerbar-fm-radio-med-cd-blaa-sort-scd-24-blue-bl\/","title":{"rendered":"Lenco &#8211; B\u00e6rbar FM-radio med CD Bl\u00e5\/Sort &#8211; SCD-24 BLUE\/BL"},"content":{"rendered":"<p>K\u00f8b billig Lenco &#8211; B\u00e6rbar FM-radio med CD Bl\u00e5\/Sort &#8211; SCD-24 BLUE\/BL!<br \/>\nLenco SCD-24 er en b\u00e6rbar FM-radio med CD-afspiller i et enkelt og brugervenligt design, der passer til b\u00e5de b\u00f8rn og voksne. Den er nem at betjene \u2013 tilslut til stikkontakt eller brug batterier, og med et enkelt tryk kan du straks nyde dine yndlings-cd\u2019er eller favoritstationer p\u00e5 FM-radioen.Med sine kompakte m\u00e5l (13 cm h\u00f8j, 21,5 cm bred og 24 cm dyb) og det integrerede h\u00e5ndtag er Lenco SCD-24 let at tage med dig overalt \u2013 i parken, til fester eller hvor som helst du \u00f8nsker at lytte til din musik. Kombinationen af metal og plastik i konstruktionen giver b\u00e5de holdbarhed og lav v\u00e6gt.Afspilleren kan bruges b\u00e5de med det medf\u00f8lgende netstr\u00f8mkabel og med batterier, s\u00e5 du f\u00e5r frihed til at nyde musik b\u00e5de indend\u00f8rs og udend\u00f8rs.Lenco SCD-24 har et lavt standby-forbrug p\u00e5 kun 0,46 W og skifter automatisk til energibesparende tilstand efter 10 minutters inaktivitet. Produktet er CE-certificeret og opfylder europ\u00e6iske krav til sikkerhed og milj\u00f8. Der medf\u00f8lger 24 m\u00e5neders fabriksgaranti for ekstra tryghed.Lenco SCD-24 f\u00e5s i syv farvekombinationer: bl\u00e5\/sort, gr\u00f8n\/sort, lilla, r\u00f8d\/sort, hvid, sort\/s\u00f8lv og pink, s\u00e5 du kan finde en variant, der matcher din stil og dit hjem.Oplev friheden med Lenco SCD-24 \u2013 en robust, energieffektiv og brugervenlig b\u00e6rbar FM-radio og CD-afspiller, der giver dig mulighed for at nyde dine yndlingsmelodier, uanset hvor du er.<\/p>\n<p>Sammenlign priser p\u00e5 Lenco &#8211; B\u00e6rbar FM-radio med CD Bl\u00e5\/Sort &#8211; SCD-24 BLUE\/BL og k\u00f8b online til den billigste pris, samt p\u00e5 tilbud!\u00a0\u00a0Tjek den bedste pris, produkt beskrivelse, video, test, anmeldelser osv.<\/p>\n<p><strong>Brand: <\/strong>Lenco<br \/>\n<strong>EAN: <\/strong>8711902028055<br \/>\n<strong>Producentens varenr.:<\/strong> 8711902028055<\/p>\n<p><strong>P.S.<\/strong><br \/>\nTilmeld dig til &#8220;Opret Gratis Prisfald Alarm&#8221;, og bliv underrettet med det samme om prisfald p\u00e5 Lenco &#8211; B\u00e6rbar FM-radio med CD Bl\u00e5\/Sort &#8211; SCD-24 BLUE\/BL, og f\u00e5 den billigste pris!<\/p>\n<p>&nbsp;<\/p>\n<p>&nbsp;<\/p>\n","protected":false},"excerpt":{"rendered":"<p>K\u00f8b billig Lenco &#8211; B\u00e6rbar FM-radio med CD Bl\u00e5\/Sort &#8211; SCD-24 BLUE\/BL! Lenco SCD-24 er en b\u00e6rbar FM-radio med CD-afspiller i et enkelt og brugervenligt design, der passer til b\u00e5de b\u00f8rn og voksne. Den er nem at betjene \u2013 tilslut til stikkontakt eller brug batterier, og med et enkelt tryk kan du straks nyde dine [&hellip;]<\/p>\n","protected":false},"featured_media":999980000004469550,"template":"","meta":[],"store":[1272516],"product_brand":[1272526],"product_cat":[1272439],"product_tag":[1275188,1272694],"class_list":{"0":"post-446955","1":"product","2":"type-product","3":"status-publish","4":"has-post-thumbnail","6":"store-butik24","7":"product_brand-lenco","8":"product_cat-radio-2","9":"product_tag-lenco","10":"product_tag-radio","11":"pa_maerke-lenco","13":"first","14":"instock","15":"product-type-external"},"_links":{"self":[{"href":"https:\/\/www.pricetornado.com\/da\/wp-json\/wp\/v2\/product\/446955","targetHints":{"allow":["GET"]}}],"collection":[{"href":"https:\/\/www.pricetornado.com\/da\/wp-json\/wp\/v2\/product"}],"about":[{"href":"https:\/\/www.pricetornado.com\/da\/wp-json\/wp\/v2\/types\/product"}],"wp:featuredmedia":[{"embeddable":true,"href":"https:\/\/www.pricetornado.com\/da\/wp-json\/"}],"wp:attachment":[{"href":"https:\/\/www.pricetornado.com\/da\/wp-json\/wp\/v2\/media?parent=446955"}],"wp:term":[{"taxonomy":"store","embeddable":true,"href":"https:\/\/www.pricetornado.com\/da\/wp-json\/wp\/v2\/store?post=446955"},{"taxonomy":"product_brand","embeddable":true,"href":"https:\/\/www.pricetornado.com\/da\/wp-json\/wp\/v2\/product_brand?post=446955"},{"taxonomy":"product_cat","embeddable":true,"href":"https:\/\/www.pricetornado.com\/da\/wp-json\/wp\/v2\/product_cat?post=446955"},{"taxonomy":"product_tag","embeddable":true,"href":"https:\/\/www.pricetornado.com\/da\/wp-json\/wp\/v2\/product_tag?post=446955"}],"curies":[{"name":"wp","href":"https:\/\/api.w.org\/{rel}","templated":true}]}}