{"id":446954,"date":"2025-02-27T22:11:38","date_gmt":"2025-02-27T21:11:38","guid":{"rendered":"https:\/\/www.pricetornado.com\/da\/produkt\/lenco-baerbar-dab-radio-med-bluetooth-miljoevenlig-bambus-pdr-040ef\/"},"modified":"2026-04-15T01:19:41","modified_gmt":"2026-04-14T23:19:41","slug":"lenco-baerbar-dab-radio-med-bluetooth-miljoevenlig-bambus-pdr-040ef","status":"publish","type":"product","link":"https:\/\/www.pricetornado.com\/da\/produkt\/lenco-baerbar-dab-radio-med-bluetooth-miljoevenlig-bambus-pdr-040ef\/","title":{"rendered":"Lenco &#8211; B\u00e6rbar DAB+-radio med Bluetooth\u00ae Milj\u00f8venlig bambus &#8211; PDR-040EF"},"content":{"rendered":"<p>K\u00f8b billig Lenco &#8211; B\u00e6rbar DAB+-radio med Bluetooth\u00ae Milj\u00f8venlig bambus &#8211; PDR-040EF!<br \/>\nLenco PDR-040EF er en praktisk og stilfuld DAB+-radio, som giver dig mulighed for at nyde b\u00e5de digital og analog radiokvalitet. Uanset om du foretr\u00e6kker DAB+- eller FM-stationer, f\u00e5r du adgang til et bredt udvalg af kanaler med klar lyd uden forstyrrende st\u00f8j. Med hele 20 forudindstillinger kan du hurtigt finde dine yndlingsradiostationer, uanset hvor du befinder dig.Radioen er fremstillet af \u00e6gte bambus \u2013 et milj\u00f8venligt og holdbart materiale, der tilf\u00f8rer radioen et trendy og elegant look. Dette b\u00e6redygtige design appellerer til b\u00e5de design- og milj\u00f8bevidste brugere og g\u00f8r PDR-040EF endnu mere b\u00e6redygtig end de klassiske sorte og hvide varianter i serien.PDR-040EF er nem at tage med overalt, hvad enten du er hjemme eller p\u00e5 farten. Den er udstyret med et kraftigt 2000mAh lithium-ion genopladeligt batteri, som giver dig op til 12-16 timers spilletid p\u00e5 \u00e9n opladning. Radioen har en 3,5 mm jackstik, s\u00e5 du kan lytte til dine yndlingssange i stilhed med hovedtelefoner.Takket v\u00e6re Bluetooth 5.0 kan du nemt streame musik tr\u00e5dl\u00f8st fra din telefon, tablet eller andre kompatible enheder direkte til radioen. Derudover har PDR-040EF b\u00e5de ur- og alarmfunktion, s\u00e5 den ogs\u00e5 fungerer som et alsidigt v\u00e6kkeur til natbordet.Bluetooth 5.0 til tr\u00e5dl\u00f8s musikstreamingI pakken finder du: Lenco PDR-040EF, str\u00f8madapter, mikro-USB-kabel og manual.Lenco PDR-040EF kombinerer moderne digital lyd, tr\u00e5dl\u00f8s streaming og et unikt bambusdesign, der b\u00e5de er funktionelt og milj\u00f8venligt. Med sin lange batterilevetid, mange funktioner og flotte udseende egner denne radio sig perfekt til b\u00e5de indend\u00f8rs og udend\u00f8rs brug. Oplev friheden ved b\u00e6rbar musik med Lenco PDR-040EF \u2013 dit valg for bedre lyd og b\u00e6redygtighed.<\/p>\n<p>Sammenlign priser p\u00e5 Lenco &#8211; B\u00e6rbar DAB+-radio med Bluetooth\u00ae Milj\u00f8venlig bambus &#8211; PDR-040EF og k\u00f8b online til den billigste pris, samt p\u00e5 tilbud!\u00a0\u00a0Tjek den bedste pris, produkt beskrivelse, video, test, anmeldelser osv.<\/p>\n<p><strong>Brand: <\/strong>Lenco<br \/>\n<strong>EAN: <\/strong>8711902080589<br \/>\n<strong>Producentens varenr.:<\/strong> 8711902080589<\/p>\n<p><strong>P.S.<\/strong><br \/>\nTilmeld dig til &#8220;Opret Gratis Prisfald Alarm&#8221;, og bliv underrettet med det samme om prisfald p\u00e5 Lenco &#8211; B\u00e6rbar DAB+-radio med Bluetooth\u00ae Milj\u00f8venlig bambus &#8211; PDR-040EF, og f\u00e5 den billigste pris!<\/p>\n<p>&nbsp;<\/p>\n<p>&nbsp;<\/p>\n","protected":false},"excerpt":{"rendered":"<p>K\u00f8b billig Lenco &#8211; B\u00e6rbar DAB+-radio med Bluetooth\u00ae Milj\u00f8venlig bambus &#8211; PDR-040EF! Lenco PDR-040EF er en praktisk og stilfuld DAB+-radio, som giver dig mulighed for at nyde b\u00e5de digital og analog radiokvalitet. Uanset om du foretr\u00e6kker DAB+- eller FM-stationer, f\u00e5r du adgang til et bredt udvalg af kanaler med klar lyd uden forstyrrende st\u00f8j. Med [&hellip;]<\/p>\n","protected":false},"featured_media":0,"template":"","meta":[],"store":[1272516],"product_brand":[1272526],"product_cat":[1272439],"product_tag":[1275188,1272694],"class_list":{"0":"post-446954","1":"product","2":"type-product","3":"status-publish","5":"store-butik24","6":"product_brand-lenco","7":"product_cat-radio-2","8":"product_tag-lenco","9":"product_tag-radio","10":"pa_maerke-lenco","12":"first","13":"instock","14":"product-type-external"},"_links":{"self":[{"href":"https:\/\/www.pricetornado.com\/da\/wp-json\/wp\/v2\/product\/446954","targetHints":{"allow":["GET"]}}],"collection":[{"href":"https:\/\/www.pricetornado.com\/da\/wp-json\/wp\/v2\/product"}],"about":[{"href":"https:\/\/www.pricetornado.com\/da\/wp-json\/wp\/v2\/types\/product"}],"wp:attachment":[{"href":"https:\/\/www.pricetornado.com\/da\/wp-json\/wp\/v2\/media?parent=446954"}],"wp:term":[{"taxonomy":"store","embeddable":true,"href":"https:\/\/www.pricetornado.com\/da\/wp-json\/wp\/v2\/store?post=446954"},{"taxonomy":"product_brand","embeddable":true,"href":"https:\/\/www.pricetornado.com\/da\/wp-json\/wp\/v2\/product_brand?post=446954"},{"taxonomy":"product_cat","embeddable":true,"href":"https:\/\/www.pricetornado.com\/da\/wp-json\/wp\/v2\/product_cat?post=446954"},{"taxonomy":"product_tag","embeddable":true,"href":"https:\/\/www.pricetornado.com\/da\/wp-json\/wp\/v2\/product_tag?post=446954"}],"curies":[{"name":"wp","href":"https:\/\/api.w.org\/{rel}","templated":true}]}}