{"id":446949,"date":"2025-02-25T23:39:09","date_gmt":"2025-02-25T22:39:09","guid":{"rendered":"https:\/\/www.pricetornado.com\/da\/produkt\/lenco-pladespiller-med-bluetooth-transmission-pine-lbt-188pi\/"},"modified":"2026-04-15T01:56:32","modified_gmt":"2026-04-14T23:56:32","slug":"lenco-pladespiller-med-bluetooth-transmission-pine-lbt-188pi","status":"publish","type":"product","link":"https:\/\/www.pricetornado.com\/da\/produkt\/lenco-pladespiller-med-bluetooth-transmission-pine-lbt-188pi\/","title":{"rendered":"Lenco &#8211; Pladespiller med Bluetooth\u00ae-transmission Pine &#8211; LBT-188PI"},"content":{"rendered":"<p>K\u00f8b billig Lenco &#8211; Pladespiller med Bluetooth\u00ae-transmission Pine &#8211; LBT-188PI!<br \/>\nLenco LBT-188 er en pladespiller med Bluetooth\u00ae-funktionalitet. Det er nemt og bekvemt at tilslutte denne pladespiller til din Bluetooth\u00ae-h\u00f8jttaler eller dine hovedtelefoner, hvilket giver den ideelle ops\u00e6tning til at nyde en fuld, varm lyd, mens du slapper af i sofaen derhjemme. Find dine gamle plader frem fra loftet, og afspil dem p\u00e5 denne moderne pladespiller. Nyd den krystalklare lyd af din vinyl, b\u00e5de den gamle og den nye. Skift fra 33 til 45 rpm for at afspille din vinylplade i den rigtige hastighed.Der medf\u00f8lger et analogt til digitalt konverteringssystem med en USB-forbindelse, s\u00e5 du nemt kan arkivere din dyrebare vinyl til din computer ved hj\u00e6lp af USB-porten p\u00e5 bagsiden af pladespilleren.LBT-188 har en pladespillerplade af metal, remtr\u00e6k, RCA-tilslutning og en arm med modv\u00e6gt. Plastd\u00e6kslet sikrer, at din pladespiller ikke forsvinder under et lag st\u00f8v, og beskytter den mod skader udefra.Pladespilleren leveres komplet med CE-UK multistik og AC-str\u00f8mforsyningsadapter.<\/p>\n<p>Sammenlign priser p\u00e5 Lenco &#8211; Pladespiller med Bluetooth\u00ae-transmission Pine &#8211; LBT-188PI og k\u00f8b online til den billigste pris, samt p\u00e5 tilbud!\u00a0\u00a0Tjek den bedste pris, produkt beskrivelse, video, test, anmeldelser osv.<\/p>\n<p><strong>Brand: <\/strong>Lenco<br \/>\n<strong>EAN: <\/strong>8711902041122<br \/>\n<strong>Producentens varenr.:<\/strong> 8711902041122<\/p>\n<p><strong>P.S.<\/strong><br \/>\nTilmeld dig til &#8220;Opret Gratis Prisfald Alarm&#8221;, og bliv underrettet med det samme om prisfald p\u00e5 Lenco &#8211; Pladespiller med Bluetooth\u00ae-transmission Pine &#8211; LBT-188PI, og f\u00e5 den billigste pris!<\/p>\n<p>&nbsp;<\/p>\n<p>&nbsp;<\/p>\n","protected":false},"excerpt":{"rendered":"<p>K\u00f8b billig Lenco &#8211; Pladespiller med Bluetooth\u00ae-transmission Pine &#8211; LBT-188PI! Lenco LBT-188 er en pladespiller med Bluetooth\u00ae-funktionalitet. Det er nemt og bekvemt at tilslutte denne pladespiller til din Bluetooth\u00ae-h\u00f8jttaler eller dine hovedtelefoner, hvilket giver den ideelle ops\u00e6tning til at nyde en fuld, varm lyd, mens du slapper af i sofaen derhjemme. Find dine gamle plader [&hellip;]<\/p>\n","protected":false},"featured_media":0,"template":"","meta":[],"store":[1272516],"product_brand":[1272526],"product_cat":[1272471],"product_tag":[1275188,1272790],"class_list":{"0":"post-446949","1":"product","2":"type-product","3":"status-publish","5":"store-butik24","6":"product_brand-lenco","7":"product_cat-underholdning","8":"product_tag-lenco","9":"product_tag-underholdning","10":"pa_maerke-lenco","12":"first","13":"instock","14":"product-type-external"},"_links":{"self":[{"href":"https:\/\/www.pricetornado.com\/da\/wp-json\/wp\/v2\/product\/446949","targetHints":{"allow":["GET"]}}],"collection":[{"href":"https:\/\/www.pricetornado.com\/da\/wp-json\/wp\/v2\/product"}],"about":[{"href":"https:\/\/www.pricetornado.com\/da\/wp-json\/wp\/v2\/types\/product"}],"wp:attachment":[{"href":"https:\/\/www.pricetornado.com\/da\/wp-json\/wp\/v2\/media?parent=446949"}],"wp:term":[{"taxonomy":"store","embeddable":true,"href":"https:\/\/www.pricetornado.com\/da\/wp-json\/wp\/v2\/store?post=446949"},{"taxonomy":"product_brand","embeddable":true,"href":"https:\/\/www.pricetornado.com\/da\/wp-json\/wp\/v2\/product_brand?post=446949"},{"taxonomy":"product_cat","embeddable":true,"href":"https:\/\/www.pricetornado.com\/da\/wp-json\/wp\/v2\/product_cat?post=446949"},{"taxonomy":"product_tag","embeddable":true,"href":"https:\/\/www.pricetornado.com\/da\/wp-json\/wp\/v2\/product_tag?post=446949"}],"curies":[{"name":"wp","href":"https:\/\/api.w.org\/{rel}","templated":true}]}}