{"id":446941,"date":"2025-02-20T06:01:07","date_gmt":"2025-02-20T05:01:07","guid":{"rendered":"https:\/\/www.pricetornado.com\/da\/produkt\/scanpan-to-go-termoflaske-750ml-aluminium-tannin\/"},"modified":"2026-04-17T09:20:21","modified_gmt":"2026-04-17T07:20:21","slug":"scanpan-to-go-termoflaske-750ml-aluminium-tannin","status":"publish","type":"product","link":"https:\/\/www.pricetornado.com\/da\/produkt\/scanpan-to-go-termoflaske-750ml-aluminium-tannin\/","title":{"rendered":"Scanpan To Go Termoflaske -750ml &#8211; Aluminium &#8211; Tannin"},"content":{"rendered":"<p>K\u00f8b billig Scanpan To Go Termoflaske -750ml &#8211; Aluminium &#8211; Tannin!<br \/>\ntermoflasker er skabt med fokus p\u00e5 mode, funktionalitet og b\u00e6redygtighed. Flasken er genanvendelig og en ideel f\u00f8lgesvend til den aktive livsstil \u2013 uanset om du skal i fitnesscentret eller er p\u00e5 farten i hverdagen.Scanpan To Go termoflasken rummer 750 ml og holder dine drikkevarer kolde i op til 24 timer og varme i op til 12 timer takket v\u00e6re den effektive termiske isolering. Tag din kaffe, te eller vand med dig og nyd det i den \u00f8nskede temperatur hele dagen.Flasken er fremstillet af rustfrit st\u00e5l for h\u00f8j holdbarhed og robusthed, med ridsefast pulverlakering, der b\u00e5de giver et stilrent look og g\u00f8r flasken let at reng\u00f8re. Den er BPA-fri og konstrueret til at kunne anvendes igen og igen \u2013 et b\u00e6redygtigt valg, som reducerer engangsaffald.V\u00e6lg den farve, der matcher din stil \u2013 Scanpan To Go termoflasker er et moderne, funktionelt og milj\u00f8bevidst tilbeh\u00f8r til enhver hverdag..<\/p>\n<p>Sammenlign priser p\u00e5 Scanpan To Go Termoflaske -750ml &#8211; Aluminium &#8211; Tannin og k\u00f8b online til den billigste pris, samt p\u00e5 tilbud!\u00a0\u00a0Tjek den bedste pris, produkt beskrivelse, video, test, anmeldelser osv.<\/p>\n<p><strong>Brand: <\/strong>Scanpan<br \/>\n<strong>EAN: <\/strong>083421199263<br \/>\n<strong>Producentens varenr.:<\/strong> 083421199263<\/p>\n<p><strong>P.S.<\/strong><br \/>\nTilmeld dig til &#8220;Opret Gratis Prisfald Alarm&#8221;, og bliv underrettet med det samme om prisfald p\u00e5 Scanpan To Go Termoflaske -750ml &#8211; Aluminium &#8211; Tannin, og f\u00e5 den billigste pris!<\/p>\n<p>&nbsp;<\/p>\n<p>&nbsp;<\/p>\n","protected":false},"excerpt":{"rendered":"<p>K\u00f8b billig Scanpan To Go Termoflaske -750ml &#8211; Aluminium &#8211; Tannin! termoflasker er skabt med fokus p\u00e5 mode, funktionalitet og b\u00e6redygtighed. Flasken er genanvendelig og en ideel f\u00f8lgesvend til den aktive livsstil \u2013 uanset om du skal i fitnesscentret eller er p\u00e5 farten i hverdagen.Scanpan To Go termoflasken rummer 750 ml og holder dine drikkevarer [&hellip;]<\/p>\n","protected":false},"featured_media":999980000004469410,"template":"","meta":[],"store":[1272516],"product_brand":[1272521],"product_cat":[831418],"product_tag":[1272683,1275184],"class_list":{"0":"post-446941","1":"product","2":"type-product","3":"status-publish","4":"has-post-thumbnail","6":"store-butik24","7":"product_brand-scanpan","8":"product_cat-koekkenudstyr","9":"product_tag-koekkenudstyr","10":"product_tag-scanpan","11":"pa_maerke-scanpan","13":"first","14":"instock","15":"product-type-external"},"_links":{"self":[{"href":"https:\/\/www.pricetornado.com\/da\/wp-json\/wp\/v2\/product\/446941","targetHints":{"allow":["GET"]}}],"collection":[{"href":"https:\/\/www.pricetornado.com\/da\/wp-json\/wp\/v2\/product"}],"about":[{"href":"https:\/\/www.pricetornado.com\/da\/wp-json\/wp\/v2\/types\/product"}],"wp:featuredmedia":[{"embeddable":true,"href":"https:\/\/www.pricetornado.com\/da\/wp-json\/"}],"wp:attachment":[{"href":"https:\/\/www.pricetornado.com\/da\/wp-json\/wp\/v2\/media?parent=446941"}],"wp:term":[{"taxonomy":"store","embeddable":true,"href":"https:\/\/www.pricetornado.com\/da\/wp-json\/wp\/v2\/store?post=446941"},{"taxonomy":"product_brand","embeddable":true,"href":"https:\/\/www.pricetornado.com\/da\/wp-json\/wp\/v2\/product_brand?post=446941"},{"taxonomy":"product_cat","embeddable":true,"href":"https:\/\/www.pricetornado.com\/da\/wp-json\/wp\/v2\/product_cat?post=446941"},{"taxonomy":"product_tag","embeddable":true,"href":"https:\/\/www.pricetornado.com\/da\/wp-json\/wp\/v2\/product_tag?post=446941"}],"curies":[{"name":"wp","href":"https:\/\/api.w.org\/{rel}","templated":true}]}}