{"id":446940,"date":"2025-02-23T00:26:49","date_gmt":"2025-02-22T23:26:49","guid":{"rendered":"https:\/\/www.pricetornado.com\/da\/produkt\/nedis-pebl140cwt-elektrisk-taeppe-overtaeppe-1-person-180-x-130-cm-9-varmeindstillinger-vaskbar-overophedningsbeskyttelse-digital-kontrol-fleece\/"},"modified":"2026-04-18T02:30:48","modified_gmt":"2026-04-18T00:30:48","slug":"nedis-pebl140cwt-elektrisk-taeppe-overtaeppe-1-person-180-x-130-cm-9-varmeindstillinger-vaskbar-overophedningsbeskyttelse-digital-kontrol-fleece","status":"publish","type":"product","link":"https:\/\/www.pricetornado.com\/da\/produkt\/nedis-pebl140cwt-elektrisk-taeppe-overtaeppe-1-person-180-x-130-cm-9-varmeindstillinger-vaskbar-overophedningsbeskyttelse-digital-kontrol-fleece\/","title":{"rendered":"Nedis PEBL140CWT Elektrisk T\u00e6ppe Overt\u00e6ppe | 1 Person | 180 x 130 cm | 9 Varmeindstillinger | Vaskbar | Overophedningsbeskyttelse | Digital kontrol | Fleece"},"content":{"rendered":"<p>K\u00f8b billig Nedis PEBL140CWT Elektrisk T\u00e6ppe Overt\u00e6ppe | 1 Person | 180 x 130 cm | 9 Varmeindstillinger | Vaskbar | Overophedningsbeskyttelse | Digital kontrol | Fleece!<br \/>\nDette elektriske fleecet\u00e6ppe fra Nedis er fremstillet af superbl\u00f8dt super coral fleece og polyester, hvilket sikrer b\u00e5de fantastisk komfort og h\u00f8j holdbarhed. Materialerne bidrager til lang levetid og g\u00f8r t\u00e6ppet modstandsdygtigt over for gentagen vask uden at miste bl\u00f8dhed eller farve. Med en gener\u00f8s st\u00f8rrelse p\u00e5 180 x 130 cm er t\u00e6ppet ideelt til brug p\u00e5 sofaen, i l\u00e6nestolen eller ude p\u00e5 terrassen \u2013 perfekt til afslapning p\u00e5 k\u00f8lige aftener.Det elektriske t\u00e6ppe har ni varmeindstillinger, som du nemt kan justere med den aftagelige controller med LED-display og digital kontrol, s\u00e5 du kan tilpasse varmen pr\u00e6cis efter dine \u00f8nsker. Timerfunktionen giver dig mulighed for at v\u00e6lge mellem 1 og 9 timers automatiseret varmestyring, hvorefter t\u00e6ppet slukker af sig selv. Dette giver ikke kun maksimal komfort, men ogs\u00e5 \u00f8get sikkerhed og energibesparelse.T\u00e6ppet er udstyret med indbygget beskyttelse mod overophedning og kortslutning, s\u00e5 du trygt kan bruge det dagligt. Den aftagelige regulator og ledning g\u00f8r det muligt at vaske t\u00e6ppet, hvilket sikrer nem reng\u00f8ring og god hygiejne. Med det ekstra lange str\u00f8mkabel p\u00e5 2,4 meter f\u00e5r du stor fleksibilitet i placeringen og kan bruge t\u00e6ppet der, hvor du har mest brug for varme og komfort.Uanset om du vil holde varmen indenfor med en god film eller nyde en sommeraften udenfor, er Nedis elektriske t\u00e6ppe et ideelt valg for dig, der s\u00e6tter pris p\u00e5 b\u00e5de komfort og funktionalitet. Find flere smarte produkter fra hos Butik24.<\/p>\n<p>Sammenlign priser p\u00e5 Nedis PEBL140CWT Elektrisk T\u00e6ppe Overt\u00e6ppe | 1 Person | 180 x 130 cm | 9 Varmeindstillinger | Vaskbar | Overophedningsbeskyttelse | Digital kontrol | Fleece og k\u00f8b online til den billigste pris, samt p\u00e5 tilbud!\u00a0\u00a0Tjek den bedste pris, produkt beskrivelse, video, test, anmeldelser osv.<\/p>\n<p><strong>Brand: <\/strong>Nedis<br \/>\n<strong>EAN: <\/strong>5412810316939<br \/>\n<strong>Producentens varenr.:<\/strong> 5412810316939<\/p>\n<p><strong>P.S.<\/strong><br \/>\nTilmeld dig til &#8220;Opret Gratis Prisfald Alarm&#8221;, og bliv underrettet med det samme om prisfald p\u00e5 Nedis PEBL140CWT Elektrisk T\u00e6ppe Overt\u00e6ppe | 1 Person | 180 x 130 cm | 9 Varmeindstillinger | Vaskbar | Overophedningsbeskyttelse | Digital kontrol | Fleece, og f\u00e5 den billigste pris!<\/p>\n<p>&nbsp;<\/p>\n<p>&nbsp;<\/p>\n","protected":false},"excerpt":{"rendered":"<p>K\u00f8b billig Nedis PEBL140CWT Elektrisk T\u00e6ppe Overt\u00e6ppe | 1 Person | 180 x 130 cm | 9 Varmeindstillinger | Vaskbar | Overophedningsbeskyttelse | Digital kontrol | Fleece! Dette elektriske fleecet\u00e6ppe fra Nedis er fremstillet af superbl\u00f8dt super coral fleece og polyester, hvilket sikrer b\u00e5de fantastisk komfort og h\u00f8j holdbarhed. Materialerne bidrager til lang levetid og [&hellip;]<\/p>\n","protected":false},"featured_media":999980000004469400,"template":"","meta":[],"store":[1272516],"product_brand":[1272517],"product_cat":[1272412],"product_tag":[1275178,1272807],"class_list":{"0":"post-446940","1":"product","2":"type-product","3":"status-publish","4":"has-post-thumbnail","6":"store-butik24","7":"product_brand-nedis","8":"product_cat-sundhed-og-velvaere","9":"product_tag-nedis","10":"product_tag-sundhed-og-velvaere","11":"pa_maerke-nedis","13":"first","14":"instock","15":"product-type-external"},"_links":{"self":[{"href":"https:\/\/www.pricetornado.com\/da\/wp-json\/wp\/v2\/product\/446940","targetHints":{"allow":["GET"]}}],"collection":[{"href":"https:\/\/www.pricetornado.com\/da\/wp-json\/wp\/v2\/product"}],"about":[{"href":"https:\/\/www.pricetornado.com\/da\/wp-json\/wp\/v2\/types\/product"}],"wp:featuredmedia":[{"embeddable":true,"href":"https:\/\/www.pricetornado.com\/da\/wp-json\/"}],"wp:attachment":[{"href":"https:\/\/www.pricetornado.com\/da\/wp-json\/wp\/v2\/media?parent=446940"}],"wp:term":[{"taxonomy":"store","embeddable":true,"href":"https:\/\/www.pricetornado.com\/da\/wp-json\/wp\/v2\/store?post=446940"},{"taxonomy":"product_brand","embeddable":true,"href":"https:\/\/www.pricetornado.com\/da\/wp-json\/wp\/v2\/product_brand?post=446940"},{"taxonomy":"product_cat","embeddable":true,"href":"https:\/\/www.pricetornado.com\/da\/wp-json\/wp\/v2\/product_cat?post=446940"},{"taxonomy":"product_tag","embeddable":true,"href":"https:\/\/www.pricetornado.com\/da\/wp-json\/wp\/v2\/product_tag?post=446940"}],"curies":[{"name":"wp","href":"https:\/\/api.w.org\/{rel}","templated":true}]}}