{"id":446938,"date":"2025-02-24T15:39:45","date_gmt":"2025-02-24T14:39:45","guid":{"rendered":"https:\/\/www.pricetornado.com\/da\/produkt\/philips-mg7920-15-series-7000-all-in-one-trimmer-13-i-1-ansigt-hoved-og-krop\/"},"modified":"2026-04-18T02:00:16","modified_gmt":"2026-04-18T00:00:16","slug":"philips-mg7920-15-series-7000-all-in-one-trimmer-13-i-1-ansigt-hoved-og-krop","status":"publish","type":"product","link":"https:\/\/www.pricetornado.com\/da\/produkt\/philips-mg7920-15-series-7000-all-in-one-trimmer-13-i-1-ansigt-hoved-og-krop\/","title":{"rendered":"Philips MG7920\/15 Series 7000 All-in-One Trimmer 13-i-1: ansigt, hoved og krop"},"content":{"rendered":"<p>K\u00f8b billig Philips MG7920\/15 Series 7000 All-in-One Trimmer 13-i-1: ansigt, hoved og krop!<br \/>\nOplev ultimativ pr\u00e6cision med Philips MG7920\/15 Series 7000 All-in-One Trimmer \u2013 et enkelt og effektivt v\u00e6rkt\u00f8j, der lader dig skabe dit personlige look. Denne alsidige trimmer leveres med 13 funktionelle tilbeh\u00f8r, som g\u00f8r det nemt at style og trimme ansigt, h\u00e5r og krop pr\u00e6cis, som du \u00f8nsker. Den pr\u00e6cise trimmerkam sikrer en ensartet og glat trimning, med mulighed for 19 forskellige l\u00e6ngdeindstillinger fra 0,5 til 16 mm og pr\u00e6cisionstrin helt ned til 0,2 mm.Philips-trimmeren er udstyret med BeardSense Technology, som automatisk tilpasser kraften efter sk\u00e6ggets t\u00e6thed, s\u00e5 du altid opn\u00e5r et glat og j\u00e6vnt resultat i \u00e9n bev\u00e6gelse. Selvslibende, rustfri st\u00e5lblade kr\u00e6ver ingen olie og sikrer langvarig, p\u00e5lidelig ydeevne. F\u00e5 skarpe kanter og en j\u00e6vn finish \u2013 uanset din stil.Med sit ergonomiske gummigreb f\u00e5r du optimal komfort og fuld kontrol under brug. Trimmeren er vandafvisende, s\u00e5 du nemt kan reng\u00f8re den under vand og endda bruge den i badet for ekstra bekvemmelighed. Kropsbarberingshovedet har et indbygget hudbeskyttelsessystem, som sikrer sikker og komfortabel trimning \u2013 ogs\u00e5 p\u00e5 de mest f\u00f8lsomme omr\u00e5der.Den kraftfulde lithium-ion-batteri giver op til 120 minutters brugstid efter fuld opladning, hvilket svarer til cirka 4 uger ved normal brug. En smart indikator informerer dig, n\u00e5r det er tid til at oplade, og en 5-minutters hurtigopladning giver nok str\u00f8m til \u00e9n trimning, n\u00e5r du er p\u00e5 farten.Med Philips MG7920\/15 f\u00e5r du en driftssikker og alsidig l\u00f8sning til daglig grooming. G\u00e5 p\u00e5 opdagelse i hele vores sortiment af produkter og find flere smarte gadgets til personlig pleje.<\/p>\n<p>Sammenlign priser p\u00e5 Philips MG7920\/15 Series 7000 All-in-One Trimmer 13-i-1: ansigt, hoved og krop og k\u00f8b online til den billigste pris, samt p\u00e5 tilbud!\u00a0\u00a0Tjek den bedste pris, produkt beskrivelse, video, test, anmeldelser osv.<\/p>\n<p><strong>Brand: <\/strong>Philips<br \/>\n<strong>EAN: <\/strong>8720689019231<br \/>\n<strong>Producentens varenr.:<\/strong> 8720689019231<\/p>\n<p><strong>P.S.<\/strong><br \/>\nTilmeld dig til &#8220;Opret Gratis Prisfald Alarm&#8221;, og bliv underrettet med det samme om prisfald p\u00e5 Philips MG7920\/15 Series 7000 All-in-One Trimmer 13-i-1: ansigt, hoved og krop, og f\u00e5 den billigste pris!<\/p>\n<p>&nbsp;<\/p>\n<p>&nbsp;<\/p>\n","protected":false},"excerpt":{"rendered":"<p>K\u00f8b billig Philips MG7920\/15 Series 7000 All-in-One Trimmer 13-i-1: ansigt, hoved og krop! Oplev ultimativ pr\u00e6cision med Philips MG7920\/15 Series 7000 All-in-One Trimmer \u2013 et enkelt og effektivt v\u00e6rkt\u00f8j, der lader dig skabe dit personlige look. Denne alsidige trimmer leveres med 13 funktionelle tilbeh\u00f8r, som g\u00f8r det nemt at style og trimme ansigt, h\u00e5r og [&hellip;]<\/p>\n","protected":false},"featured_media":999980000004469380,"template":"","meta":[],"store":[1272516],"product_brand":[1272519],"product_cat":[1272429,1272413],"product_tag":[1272711,1272706,1275180],"class_list":{"0":"post-446938","1":"product","2":"type-product","3":"status-publish","4":"has-post-thumbnail","6":"store-butik24","7":"product_brand-philips","8":"product_cat-maend-personlig-pleje","9":"product_cat-personlig-pleje","10":"product_tag-maend","11":"product_tag-personlig-pleje","12":"product_tag-philips","13":"pa_maerke-philips","15":"first","16":"instock","17":"product-type-external"},"_links":{"self":[{"href":"https:\/\/www.pricetornado.com\/da\/wp-json\/wp\/v2\/product\/446938","targetHints":{"allow":["GET"]}}],"collection":[{"href":"https:\/\/www.pricetornado.com\/da\/wp-json\/wp\/v2\/product"}],"about":[{"href":"https:\/\/www.pricetornado.com\/da\/wp-json\/wp\/v2\/types\/product"}],"wp:featuredmedia":[{"embeddable":true,"href":"https:\/\/www.pricetornado.com\/da\/wp-json\/"}],"wp:attachment":[{"href":"https:\/\/www.pricetornado.com\/da\/wp-json\/wp\/v2\/media?parent=446938"}],"wp:term":[{"taxonomy":"store","embeddable":true,"href":"https:\/\/www.pricetornado.com\/da\/wp-json\/wp\/v2\/store?post=446938"},{"taxonomy":"product_brand","embeddable":true,"href":"https:\/\/www.pricetornado.com\/da\/wp-json\/wp\/v2\/product_brand?post=446938"},{"taxonomy":"product_cat","embeddable":true,"href":"https:\/\/www.pricetornado.com\/da\/wp-json\/wp\/v2\/product_cat?post=446938"},{"taxonomy":"product_tag","embeddable":true,"href":"https:\/\/www.pricetornado.com\/da\/wp-json\/wp\/v2\/product_tag?post=446938"}],"curies":[{"name":"wp","href":"https:\/\/api.w.org\/{rel}","templated":true}]}}