{"id":446933,"date":"2025-02-27T13:30:32","date_gmt":"2025-02-27T12:30:32","guid":{"rendered":"https:\/\/www.pricetornado.com\/da\/produkt\/philips-hr3740-00-haandmixer-450w-graa-hvid\/"},"modified":"2026-04-18T03:50:26","modified_gmt":"2026-04-18T01:50:26","slug":"philips-hr3740-00-haandmixer-450w-graa-hvid","status":"publish","type":"product","link":"https:\/\/www.pricetornado.com\/da\/produkt\/philips-hr3740-00-haandmixer-450w-graa-hvid\/","title":{"rendered":"Philips HR3740\/00 H\u00e5ndmixer 450W &#8211; Gr\u00e5 \/hvid"},"content":{"rendered":"<p>K\u00f8b billig Philips HR3740\/00 H\u00e5ndmixer 450W &#8211; Gr\u00e5 \/hvid!<br \/>\nMed Philips HR3740\/00 h\u00e5ndmixer kan du nemt lave luftige kager og j\u00e6vn kagedej til hele familien. Den kraftige 450 W motor g\u00f8r det muligt at arbejde med selv de mest seje deje, mens det konisk formede piskeris sikrer maksimal luftindblanding og kortere pisketid \u2013 s\u00e5 dine bagv\u00e6rk bliver ekstra lette og ensartede.H\u00e5ndmixeren tilbyder fem hastighedsindstillinger samt en turbofunktion, s\u00e5 du altid har den optimale kontrol, uanset om det g\u00e6lder let piskning eller grundig \u00e6ltning. De medf\u00f8lgende v\u00e6rkt\u00f8jer \u2013 piskeris og dejkroge \u2013 er fremstillet i rustfrit st\u00e5l for ekstra holdbarhed og nem reng\u00f8ring. Til- og afmontering sker hurtigt med en brugervenlig udl\u00f8serknap.Mixeren har et robust kabinet i ABS-plast, som g\u00f8r den b\u00e5de slidst\u00e6rk og let at h\u00e5ndtere. En smart ledningsklemme holder ledningen p\u00e6nt samlet for nem og organiseret opbevaring. Den glatte underside g\u00f8r det desuden let at reng\u00f8re mixeren efter brug.F\u00e5 perfekt miksede og luftige kager hver gang med Philips HR3740\/00 h\u00e5ndmixer \u2013 en uundv\u00e6rlig hj\u00e6lper i ethvert k\u00f8kken. Se ogs\u00e5 vores til smarte l\u00f8sninger i hjemmet.<\/p>\n<p>Sammenlign priser p\u00e5 Philips HR3740\/00 H\u00e5ndmixer 450W &#8211; Gr\u00e5 \/hvid og k\u00f8b online til den billigste pris, samt p\u00e5 tilbud!\u00a0\u00a0Tjek den bedste pris, produkt beskrivelse, video, test, anmeldelser osv.<\/p>\n<p><strong>Brand: <\/strong>Philips<br \/>\n<strong>EAN: <\/strong>8710103795582<br \/>\n<strong>Producentens varenr.:<\/strong> 8710103795582<\/p>\n<p><strong>P.S.<\/strong><br \/>\nTilmeld dig til &#8220;Opret Gratis Prisfald Alarm&#8221;, og bliv underrettet med det samme om prisfald p\u00e5 Philips HR3740\/00 H\u00e5ndmixer 450W &#8211; Gr\u00e5 \/hvid, og f\u00e5 den billigste pris!<\/p>\n<p>&nbsp;<\/p>\n<p>&nbsp;<\/p>\n","protected":false},"excerpt":{"rendered":"<p>K\u00f8b billig Philips HR3740\/00 H\u00e5ndmixer 450W &#8211; Gr\u00e5 \/hvid! Med Philips HR3740\/00 h\u00e5ndmixer kan du nemt lave luftige kager og j\u00e6vn kagedej til hele familien. Den kraftige 450 W motor g\u00f8r det muligt at arbejde med selv de mest seje deje, mens det konisk formede piskeris sikrer maksimal luftindblanding og kortere pisketid \u2013 s\u00e5 dine [&hellip;]<\/p>\n","protected":false},"featured_media":999980000004469330,"template":"","meta":[],"store":[1272516],"product_brand":[1272519],"product_cat":[831418],"product_tag":[1272683,1275180],"class_list":{"0":"post-446933","1":"product","2":"type-product","3":"status-publish","4":"has-post-thumbnail","6":"store-butik24","7":"product_brand-philips","8":"product_cat-koekkenudstyr","9":"product_tag-koekkenudstyr","10":"product_tag-philips","11":"pa_maerke-philips","13":"first","14":"instock","15":"product-type-external"},"_links":{"self":[{"href":"https:\/\/www.pricetornado.com\/da\/wp-json\/wp\/v2\/product\/446933","targetHints":{"allow":["GET"]}}],"collection":[{"href":"https:\/\/www.pricetornado.com\/da\/wp-json\/wp\/v2\/product"}],"about":[{"href":"https:\/\/www.pricetornado.com\/da\/wp-json\/wp\/v2\/types\/product"}],"wp:featuredmedia":[{"embeddable":true,"href":"https:\/\/www.pricetornado.com\/da\/wp-json\/"}],"wp:attachment":[{"href":"https:\/\/www.pricetornado.com\/da\/wp-json\/wp\/v2\/media?parent=446933"}],"wp:term":[{"taxonomy":"store","embeddable":true,"href":"https:\/\/www.pricetornado.com\/da\/wp-json\/wp\/v2\/store?post=446933"},{"taxonomy":"product_brand","embeddable":true,"href":"https:\/\/www.pricetornado.com\/da\/wp-json\/wp\/v2\/product_brand?post=446933"},{"taxonomy":"product_cat","embeddable":true,"href":"https:\/\/www.pricetornado.com\/da\/wp-json\/wp\/v2\/product_cat?post=446933"},{"taxonomy":"product_tag","embeddable":true,"href":"https:\/\/www.pricetornado.com\/da\/wp-json\/wp\/v2\/product_tag?post=446933"}],"curies":[{"name":"wp","href":"https:\/\/api.w.org\/{rel}","templated":true}]}}