{"id":446929,"date":"2025-02-23T15:42:10","date_gmt":"2025-02-23T14:42:10","guid":{"rendered":"https:\/\/www.pricetornado.com\/da\/produkt\/nedis-over-ear-kablede-hovedtelefoner-kabellaengde-1-20-m-volumenkontrol-sort-hpwd5024bk\/"},"modified":"2026-04-17T01:30:33","modified_gmt":"2026-04-16T23:30:33","slug":"nedis-over-ear-kablede-hovedtelefoner-kabellaengde-1-20-m-volumenkontrol-sort-hpwd5024bk","status":"publish","type":"product","link":"https:\/\/www.pricetornado.com\/da\/produkt\/nedis-over-ear-kablede-hovedtelefoner-kabellaengde-1-20-m-volumenkontrol-sort-hpwd5024bk\/","title":{"rendered":"Nedis &#8211; Over-Ear Kablede Hovedtelefoner | Kabell\u00e6ngde: 1.20 m | Volumenkontrol | Sort &#8211; HPWD5024BK"},"content":{"rendered":"<p>K\u00f8b billig Nedis &#8211; Over-Ear Kablede Hovedtelefoner | Kabell\u00e6ngde: 1.20 m | Volumenkontrol | Sort &#8211; HPWD5024BK!<br \/>\nDisse Nedis over-ear-hovedtelefoner med kablet USB-C-stik er den ideelle l\u00f8sning til alle enheder med en USB Type-C-port. De er fremstillet i let og robust ABS-plast, hvilket sikrer b\u00e5de holdbarhed og langvarig brugskomfort. Den rundede kabeltype p\u00e5 1,20 meter giver ekstra fleksibilitet og en stabil forbindelse til dine enheder.Ekstra bl\u00f8de \u00f8rekopper og en justerbar hovedb\u00f8jle bidrager til optimal komfort, selv under l\u00e6ngere tids brug. Med et let design p\u00e5 kun 147 gram samt et foldbart og drejeligt design, kan hovedtelefonerne nemt pakkes sammen og tages med overalt, hvilket g\u00f8r dem til en perfekt ledsager til b\u00e5de arbejde, rejser og fritid.40 mm drivers leverer en afbalanceret lydoplevelse med et frekvensomr\u00e5de fra 20 Hz til 20 kHz. Den indbyggede mikrofon sikrer skarp og klar lyd ved opkald, og den integrerede inline-fjernbetjening med touchkontroller g\u00f8r det muligt at styre musik, opkald og lydstyrke direkte fra headsettet \u2013 alt sammen uden at tage telefonen op af lommen.Oplev optimal komfort, holdbarhed og fremragende lydkvalitet med disse Nedis over-ear-hovedtelefoner med USB-C \u2013 perfekte til b\u00e5de arbejde, pendling og underholdning.<\/p>\n<p>Sammenlign priser p\u00e5 Nedis &#8211; Over-Ear Kablede Hovedtelefoner | Kabell\u00e6ngde: 1.20 m | Volumenkontrol | Sort &#8211; HPWD5024BK og k\u00f8b online til den billigste pris, samt p\u00e5 tilbud!\u00a0\u00a0Tjek den bedste pris, produkt beskrivelse, video, test, anmeldelser osv.<\/p>\n<p><strong>Brand: <\/strong>Nedis<br \/>\n<strong>EAN: <\/strong>5412810466207<br \/>\n<strong>Producentens varenr.:<\/strong> 5412810466207<\/p>\n<p><strong>P.S.<\/strong><br \/>\nTilmeld dig til &#8220;Opret Gratis Prisfald Alarm&#8221;, og bliv underrettet med det samme om prisfald p\u00e5 Nedis &#8211; Over-Ear Kablede Hovedtelefoner | Kabell\u00e6ngde: 1.20 m | Volumenkontrol | Sort &#8211; HPWD5024BK, og f\u00e5 den billigste pris!<\/p>\n<p>&nbsp;<\/p>\n<p>&nbsp;<\/p>\n","protected":false},"excerpt":{"rendered":"<p>K\u00f8b billig Nedis &#8211; Over-Ear Kablede Hovedtelefoner | Kabell\u00e6ngde: 1.20 m | Volumenkontrol | Sort &#8211; HPWD5024BK! Disse Nedis over-ear-hovedtelefoner med kablet USB-C-stik er den ideelle l\u00f8sning til alle enheder med en USB Type-C-port. De er fremstillet i let og robust ABS-plast, hvilket sikrer b\u00e5de holdbarhed og langvarig brugskomfort. Den rundede kabeltype p\u00e5 1,20 meter [&hellip;]<\/p>\n","protected":false},"featured_media":999980000004469290,"template":"","meta":[],"store":[1272516],"product_brand":[1272517],"product_cat":[1272434],"product_tag":[1272843,1275178],"class_list":{"0":"post-446929","1":"product","2":"type-product","3":"status-publish","4":"has-post-thumbnail","6":"store-butik24","7":"product_brand-nedis","8":"product_cat-hovedtelefoner","9":"product_tag-hovedtelefoner","10":"product_tag-nedis","11":"pa_maerke-nedis","13":"first","14":"instock","15":"product-type-external"},"_links":{"self":[{"href":"https:\/\/www.pricetornado.com\/da\/wp-json\/wp\/v2\/product\/446929","targetHints":{"allow":["GET"]}}],"collection":[{"href":"https:\/\/www.pricetornado.com\/da\/wp-json\/wp\/v2\/product"}],"about":[{"href":"https:\/\/www.pricetornado.com\/da\/wp-json\/wp\/v2\/types\/product"}],"wp:featuredmedia":[{"embeddable":true,"href":"https:\/\/www.pricetornado.com\/da\/wp-json\/"}],"wp:attachment":[{"href":"https:\/\/www.pricetornado.com\/da\/wp-json\/wp\/v2\/media?parent=446929"}],"wp:term":[{"taxonomy":"store","embeddable":true,"href":"https:\/\/www.pricetornado.com\/da\/wp-json\/wp\/v2\/store?post=446929"},{"taxonomy":"product_brand","embeddable":true,"href":"https:\/\/www.pricetornado.com\/da\/wp-json\/wp\/v2\/product_brand?post=446929"},{"taxonomy":"product_cat","embeddable":true,"href":"https:\/\/www.pricetornado.com\/da\/wp-json\/wp\/v2\/product_cat?post=446929"},{"taxonomy":"product_tag","embeddable":true,"href":"https:\/\/www.pricetornado.com\/da\/wp-json\/wp\/v2\/product_tag?post=446929"}],"curies":[{"name":"wp","href":"https:\/\/api.w.org\/{rel}","templated":true}]}}