{"id":446927,"date":"2025-02-23T15:33:40","date_gmt":"2025-02-23T14:33:40","guid":{"rendered":"https:\/\/www.pricetornado.com\/da\/produkt\/nedis-kasc111si-koekkenvaegt\/"},"modified":"2026-04-18T02:49:56","modified_gmt":"2026-04-18T00:49:56","slug":"nedis-kasc111si-koekkenvaegt","status":"publish","type":"product","link":"https:\/\/www.pricetornado.com\/da\/produkt\/nedis-kasc111si-koekkenvaegt\/","title":{"rendered":"Nedis KASC111SI K\u00f8kkenv\u00e6gt"},"content":{"rendered":"<p>K\u00f8b billig Nedis KASC111SI K\u00f8kkenv\u00e6gt!<br \/>\nOplev pr\u00e6cis vejning og smart funktionalitet med denne digitale k\u00f8kkenv\u00e6gt fra Nedis. K\u00f8kkenv\u00e6gten har et stilrent design i rustfrit st\u00e5l og leveres med en aftagelig, robust st\u00e5lsk\u00e5l, som g\u00f8r afvejning og reng\u00f8ring nem og bekvem. Med de kompakte m\u00e5l p\u00e5 214 x 143 x 214 mm og en v\u00e6gt, der er let at h\u00e5ndtere, passer v\u00e6gten perfekt ind i ethvert k\u00f8kken \u2013 b\u00e5de derhjemme og p\u00e5 farten.K\u00f8kkenv\u00e6gten drives af to AAA-batterier (medf\u00f8lger ikke) og er bygget i holdbare materialer for langtidsholdbar brug. Den aftagelige sk\u00e5l g\u00f8r det let at arbejde med ingredienser og forenkler reng\u00f8ringen. V\u00e6gten har ingen avancerede energisparefunktioner eller smarte forbindelser, men har fokus p\u00e5 det vigtigste: pr\u00e6cision, let anvendelighed og daglig brug. og udstyr dit k\u00f8kken med p\u00e5lidelige redskaber til madlavning og bagning.<\/p>\n<p>Sammenlign priser p\u00e5 Nedis KASC111SI K\u00f8kkenv\u00e6gt og k\u00f8b online til den billigste pris, samt p\u00e5 tilbud!\u00a0\u00a0Tjek den bedste pris, produkt beskrivelse, video, test, anmeldelser osv.<\/p>\n<p><strong>Brand: <\/strong>Nedis<br \/>\n<strong>EAN: <\/strong>5412810286669<br \/>\n<strong>Producentens varenr.:<\/strong> 5412810286669<\/p>\n<p><strong>P.S.<\/strong><br \/>\nTilmeld dig til &#8220;Opret Gratis Prisfald Alarm&#8221;, og bliv underrettet med det samme om prisfald p\u00e5 Nedis KASC111SI K\u00f8kkenv\u00e6gt, og f\u00e5 den billigste pris!<\/p>\n<p>&nbsp;<\/p>\n<p>&nbsp;<\/p>\n","protected":false},"excerpt":{"rendered":"<p>K\u00f8b billig Nedis KASC111SI K\u00f8kkenv\u00e6gt! Oplev pr\u00e6cis vejning og smart funktionalitet med denne digitale k\u00f8kkenv\u00e6gt fra Nedis. K\u00f8kkenv\u00e6gten har et stilrent design i rustfrit st\u00e5l og leveres med en aftagelig, robust st\u00e5lsk\u00e5l, som g\u00f8r afvejning og reng\u00f8ring nem og bekvem. Med de kompakte m\u00e5l p\u00e5 214 x 143 x 214 mm og en v\u00e6gt, der [&hellip;]<\/p>\n","protected":false},"featured_media":999980000004469270,"template":"","meta":[],"store":[1272516],"product_brand":[1272517],"product_cat":[1272415],"product_tag":[1272724,1275178],"class_list":{"0":"post-446927","1":"product","2":"type-product","3":"status-publish","4":"has-post-thumbnail","6":"store-butik24","7":"product_brand-nedis","8":"product_cat-husholdning","9":"product_tag-husholdning","10":"product_tag-nedis","11":"pa_maerke-nedis","13":"first","14":"instock","15":"product-type-external"},"_links":{"self":[{"href":"https:\/\/www.pricetornado.com\/da\/wp-json\/wp\/v2\/product\/446927","targetHints":{"allow":["GET"]}}],"collection":[{"href":"https:\/\/www.pricetornado.com\/da\/wp-json\/wp\/v2\/product"}],"about":[{"href":"https:\/\/www.pricetornado.com\/da\/wp-json\/wp\/v2\/types\/product"}],"wp:featuredmedia":[{"embeddable":true,"href":"https:\/\/www.pricetornado.com\/da\/wp-json\/"}],"wp:attachment":[{"href":"https:\/\/www.pricetornado.com\/da\/wp-json\/wp\/v2\/media?parent=446927"}],"wp:term":[{"taxonomy":"store","embeddable":true,"href":"https:\/\/www.pricetornado.com\/da\/wp-json\/wp\/v2\/store?post=446927"},{"taxonomy":"product_brand","embeddable":true,"href":"https:\/\/www.pricetornado.com\/da\/wp-json\/wp\/v2\/product_brand?post=446927"},{"taxonomy":"product_cat","embeddable":true,"href":"https:\/\/www.pricetornado.com\/da\/wp-json\/wp\/v2\/product_cat?post=446927"},{"taxonomy":"product_tag","embeddable":true,"href":"https:\/\/www.pricetornado.com\/da\/wp-json\/wp\/v2\/product_tag?post=446927"}],"curies":[{"name":"wp","href":"https:\/\/api.w.org\/{rel}","templated":true}]}}