{"id":446926,"date":"2025-02-20T09:49:50","date_gmt":"2025-02-20T08:49:50","guid":{"rendered":"https:\/\/www.pricetornado.com\/da\/produkt\/philips-hd5416-60-cafe-gourmet-filterkaffemaskine\/"},"modified":"2026-04-30T10:59:55","modified_gmt":"2026-04-30T08:59:55","slug":"philips-hd5416-60-cafe-gourmet-filterkaffemaskine","status":"publish","type":"product","link":"https:\/\/www.pricetornado.com\/da\/produkt\/philips-hd5416-60-cafe-gourmet-filterkaffemaskine\/","title":{"rendered":"Philips HD5416\/60 Cafe\u0301 Gourmet Filterkaffemaskine"},"content":{"rendered":"<p>K\u00f8b billig Philips HD5416\/60 Cafe\u0301 Gourmet Filterkaffemaskine!<br \/>\nOplev den rituelle brygning af exceptionelt velsmagende kaffe med Philips Caf\u00e9 Gourmet filterkaffemaskinen. Den unikke Boil &amp; Brew-teknologi optimerer bryggeprocessen ved f\u00f8rst at koge vandet og derefter lade det cirkulere gennem filteret. Dette sikrer en ekstra varm kaffe med en fyldig aroma og smag i hver eneste kop.Boil &amp; Brew-teknologi for maksimal kaffearoma og temperatur.Cirkulation af kaffen for optimal smag i hver kop.Anti-drip funktion forhindrer dryp p\u00e5 kanden og k\u00f8kkenbordet efter brygning.Vandstandsm\u00e5ler for nem p\u00e5fyldning og kontrol af vandniveauet.Oplyst t\u00e6nd\/sluk-knap, der tydeligt viser, n\u00e5r maskinen er i brug.Automatisk sluk efter 40 minutter sparer energi og \u00f8ger sikkerheden.Dele, der t\u00e5ler opvaskemaskine, g\u00f8r reng\u00f8ringen nem og bekvem.Kaffemaskinen leveres med en glaskande, der ikke p\u00e5virker kaffens smag og er nem at reng\u00f8re. Maskinen har desuden en f\u00f8devaregodkendt rustfri st\u00e5lpande, som er sikker at benytte til varme v\u00e6sker. Philips Caf\u00e9 Gourmet overholder g\u00e6ldende standarder for elektromagnetiske felter og har en restvarmeadvarsel, da visse dele forbliver varme efter brug for \u00f8get sikkerhed.Leder du efter en p\u00e5lidelig og nem filterkaffemaskine, er Philips Caf\u00e9 Gourmet et oplagt valg. Se mere i vores kategori for .<\/p>\n<p>Sammenlign priser p\u00e5 Philips HD5416\/60 Cafe\u0301 Gourmet Filterkaffemaskine og k\u00f8b online til den billigste pris, samt p\u00e5 tilbud!\u00a0\u00a0Tjek den bedste pris, produkt beskrivelse, video, test, anmeldelser osv.<\/p>\n<p><strong>Brand: <\/strong>Philips<br \/>\n<strong>EAN: <\/strong>8720389000669<br \/>\n<strong>Producentens varenr.:<\/strong> 8720389000669<\/p>\n<p><strong>P.S.<\/strong><br \/>\nTilmeld dig til &#8220;Opret Gratis Prisfald Alarm&#8221;, og bliv underrettet med det samme om prisfald p\u00e5 Philips HD5416\/60 Cafe\u0301 Gourmet Filterkaffemaskine, og f\u00e5 den billigste pris!<\/p>\n<p>&nbsp;<\/p>\n<p>&nbsp;<\/p>\n","protected":false},"excerpt":{"rendered":"<p>K\u00f8b billig Philips HD5416\/60 Cafe\u0301 Gourmet Filterkaffemaskine! Oplev den rituelle brygning af exceptionelt velsmagende kaffe med Philips Caf\u00e9 Gourmet filterkaffemaskinen. Den unikke Boil &amp; Brew-teknologi optimerer bryggeprocessen ved f\u00f8rst at koge vandet og derefter lade det cirkulere gennem filteret. Dette sikrer en ekstra varm kaffe med en fyldig aroma og smag i hver eneste kop.Boil [&hellip;]<\/p>\n","protected":false},"featured_media":999980000004469260,"template":"","meta":[],"store":[1272516],"product_brand":[1272519],"product_cat":[1272415],"product_tag":[1272724,1275180],"class_list":{"0":"post-446926","1":"product","2":"type-product","3":"status-publish","4":"has-post-thumbnail","6":"store-butik24","7":"product_brand-philips","8":"product_cat-husholdning","9":"product_tag-husholdning","10":"product_tag-philips","11":"pa_maerke-philips","13":"first","14":"instock","15":"product-type-external"},"_links":{"self":[{"href":"https:\/\/www.pricetornado.com\/da\/wp-json\/wp\/v2\/product\/446926","targetHints":{"allow":["GET"]}}],"collection":[{"href":"https:\/\/www.pricetornado.com\/da\/wp-json\/wp\/v2\/product"}],"about":[{"href":"https:\/\/www.pricetornado.com\/da\/wp-json\/wp\/v2\/types\/product"}],"wp:featuredmedia":[{"embeddable":true,"href":"https:\/\/www.pricetornado.com\/da\/wp-json\/"}],"wp:attachment":[{"href":"https:\/\/www.pricetornado.com\/da\/wp-json\/wp\/v2\/media?parent=446926"}],"wp:term":[{"taxonomy":"store","embeddable":true,"href":"https:\/\/www.pricetornado.com\/da\/wp-json\/wp\/v2\/store?post=446926"},{"taxonomy":"product_brand","embeddable":true,"href":"https:\/\/www.pricetornado.com\/da\/wp-json\/wp\/v2\/product_brand?post=446926"},{"taxonomy":"product_cat","embeddable":true,"href":"https:\/\/www.pricetornado.com\/da\/wp-json\/wp\/v2\/product_cat?post=446926"},{"taxonomy":"product_tag","embeddable":true,"href":"https:\/\/www.pricetornado.com\/da\/wp-json\/wp\/v2\/product_tag?post=446926"}],"curies":[{"name":"wp","href":"https:\/\/api.w.org\/{rel}","templated":true}]}}