{"id":446917,"date":"2025-02-22T07:14:21","date_gmt":"2025-02-22T06:14:21","guid":{"rendered":"https:\/\/www.pricetornado.com\/da\/produkt\/philips-fc7088-01-aquatrio-pro-3-i-1-stoevsuger-vasker-gulv-og-toerrer\/"},"modified":"2026-04-17T10:20:04","modified_gmt":"2026-04-17T08:20:04","slug":"philips-fc7088-01-aquatrio-pro-3-i-1-stoevsuger-vasker-gulv-og-toerrer","status":"publish","type":"product","link":"https:\/\/www.pricetornado.com\/da\/produkt\/philips-fc7088-01-aquatrio-pro-3-i-1-stoevsuger-vasker-gulv-og-toerrer\/","title":{"rendered":"Philips FC7088\/01 AquaTrio Pro 3-i-1: St\u00f8vsuger, vasker gulv og t\u00f8rrer"},"content":{"rendered":"<p>K\u00f8b billig Philips FC7088\/01 AquaTrio Pro 3-i-1: St\u00f8vsuger, vasker gulv og t\u00f8rrer!<br \/>\nPhilips AquaTrio Pro kombinerer st\u00f8vsugning, vask og t\u00f8rring i \u00e9n effektiv maskine, der g\u00f8r reng\u00f8ringen af h\u00e5rde gulve hurtigere og nemmere. Med denne gulvreng\u00f8ringsmaskine sparer du op til 50 % tid og besv\u00e6r, mens kraftfulde, men sk\u00e5nsomme mikrofiberb\u00f8rster effektivt fjerner snavs og pletter. Resultatet er synligt rene gulve, der t\u00f8rrer op til 50 % hurtigere end ved traditionel gulvvask.AquaTrio Pro er udstyret med hurtigt roterende mikrofiberb\u00f8rster, der fjerner st\u00f8v, snavs og op til 99 % af alle bakterier samt reducerer allergener. Kvaliteten er testet og certificeret af ECARF (European Centre for Allergy Research Foundation), hvilket g\u00f8r maskinen ideel til allergikere. De separate tanke til rent og beskidt vand betyder, at du altid vasker med rent vand, mens snavs og allergener opsamles i en separat tank.LED-indikatorer viser tydeligt, n\u00e5r vandtankene skal fyldes eller t\u00f8mmes, eller hvis der opst\u00e5r en forhindring. Maskinen er udstyret med et praktisk b\u00e6reh\u00e5ndtag og har et robust design i anthracit, der sikrer b\u00e5de holdbarhed og nem h\u00e5ndtering.De hurtigt roterende b\u00f8rster reng\u00f8r sig selv under brug, hvilket sikrer vedvarende h\u00f8j reng\u00f8ringseffekt. AquaTrio Pro&apos;s vandbaserede filtrering opsamler allergener og forhindrer, at de spredes i luften. Det lave energiforbrug (maks. 500 W) kombineret med effektiv reng\u00f8ring g\u00f8r maskinen b\u00e5de milj\u00f8venlig og \u00f8konomisk i drift. og oplev bedre, hurtigere og mere hygiejnisk gulvreng\u00f8ring med AquaTrio Pro \u2013 det intelligente valg til alle h\u00e5rde gulve.<\/p>\n<p>Sammenlign priser p\u00e5 Philips FC7088\/01 AquaTrio Pro 3-i-1: St\u00f8vsuger, vasker gulv og t\u00f8rrer og k\u00f8b online til den billigste pris, samt p\u00e5 tilbud!\u00a0\u00a0Tjek den bedste pris, produkt beskrivelse, video, test, anmeldelser osv.<\/p>\n<p><strong>Brand: <\/strong>Philips<br \/>\n<strong>EAN: <\/strong>8710103628378<br \/>\n<strong>Producentens varenr.:<\/strong> 8710103628378<\/p>\n<p><strong>P.S.<\/strong><br \/>\nTilmeld dig til &#8220;Opret Gratis Prisfald Alarm&#8221;, og bliv underrettet med det samme om prisfald p\u00e5 Philips FC7088\/01 AquaTrio Pro 3-i-1: St\u00f8vsuger, vasker gulv og t\u00f8rrer, og f\u00e5 den billigste pris!<\/p>\n<p>&nbsp;<\/p>\n<p>&nbsp;<\/p>\n","protected":false},"excerpt":{"rendered":"<p>K\u00f8b billig Philips FC7088\/01 AquaTrio Pro 3-i-1: St\u00f8vsuger, vasker gulv og t\u00f8rrer! Philips AquaTrio Pro kombinerer st\u00f8vsugning, vask og t\u00f8rring i \u00e9n effektiv maskine, der g\u00f8r reng\u00f8ringen af h\u00e5rde gulve hurtigere og nemmere. Med denne gulvreng\u00f8ringsmaskine sparer du op til 50 % tid og besv\u00e6r, mens kraftfulde, men sk\u00e5nsomme mikrofiberb\u00f8rster effektivt fjerner snavs og pletter. [&hellip;]<\/p>\n","protected":false},"featured_media":999980000004469170,"template":"","meta":[],"store":[1272516],"product_brand":[1272519],"product_cat":[1272411],"product_tag":[1275180,1272720],"class_list":{"0":"post-446917","1":"product","2":"type-product","3":"status-publish","4":"has-post-thumbnail","6":"store-butik24","7":"product_brand-philips","8":"product_cat-stoevsugere","9":"product_tag-philips","10":"product_tag-stoevsugere","11":"pa_maerke-philips","13":"first","14":"instock","15":"product-type-external"},"_links":{"self":[{"href":"https:\/\/www.pricetornado.com\/da\/wp-json\/wp\/v2\/product\/446917","targetHints":{"allow":["GET"]}}],"collection":[{"href":"https:\/\/www.pricetornado.com\/da\/wp-json\/wp\/v2\/product"}],"about":[{"href":"https:\/\/www.pricetornado.com\/da\/wp-json\/wp\/v2\/types\/product"}],"wp:featuredmedia":[{"embeddable":true,"href":"https:\/\/www.pricetornado.com\/da\/wp-json\/"}],"wp:attachment":[{"href":"https:\/\/www.pricetornado.com\/da\/wp-json\/wp\/v2\/media?parent=446917"}],"wp:term":[{"taxonomy":"store","embeddable":true,"href":"https:\/\/www.pricetornado.com\/da\/wp-json\/wp\/v2\/store?post=446917"},{"taxonomy":"product_brand","embeddable":true,"href":"https:\/\/www.pricetornado.com\/da\/wp-json\/wp\/v2\/product_brand?post=446917"},{"taxonomy":"product_cat","embeddable":true,"href":"https:\/\/www.pricetornado.com\/da\/wp-json\/wp\/v2\/product_cat?post=446917"},{"taxonomy":"product_tag","embeddable":true,"href":"https:\/\/www.pricetornado.com\/da\/wp-json\/wp\/v2\/product_tag?post=446917"}],"curies":[{"name":"wp","href":"https:\/\/api.w.org\/{rel}","templated":true}]}}