{"id":446911,"date":"2025-02-26T13:08:41","date_gmt":"2025-02-26T12:08:41","guid":{"rendered":"https:\/\/www.pricetornado.com\/da\/produkt\/alecto-sa-110-roegalarm-med-10-aars-batterilevetid\/"},"modified":"2026-04-17T02:20:43","modified_gmt":"2026-04-17T00:20:43","slug":"alecto-sa-110-roegalarm-med-10-aars-batterilevetid","status":"publish","type":"product","link":"https:\/\/www.pricetornado.com\/da\/produkt\/alecto-sa-110-roegalarm-med-10-aars-batterilevetid\/","title":{"rendered":"Alecto SA-110 R\u00f8galarm med 10 \u00e5rs batterilevetid"},"content":{"rendered":"<p>K\u00f8b billig Alecto SA-110 R\u00f8galarm med 10 \u00e5rs batterilevetid!<br \/>\nAlecto SA-110 r\u00f8gdetektoren er en p\u00e5lidelig og kompakt sikkerhedsl\u00f8sning til hjem, kontor og feriebolig. Med den optiske r\u00f8gsensor opdager modellen hurtigt ulmende brande og giver tidlig advarsel, s\u00e5 du kan handle med det samme. Den kraftige alarm p\u00e5 85 dB sikrer, at du aldrig overser en brand \u2013 et lydniveau svarende til det, hvor eksperter anbefaler \u00f8repropper.SA-110 leveres med et indbygget lithiumbatteri med op til 10 \u00e5rs levetid, s\u00e5 du slipper for hyppige batteriskift. Sensoren har ligeledes en levetid p\u00e5 10 \u00e5r, og produktet d\u00e6kkes af 10 \u00e5rs garanti. R\u00f8gdetektoren er fremstillet i plast og vejer blot 0,12 kg, hvilket \u2013 sammen med den kompakte st\u00f8rrelse p\u00e5 10,2 cm i diameter og 3,5 cm i dybden \u2013 g\u00f8r den nem at montere b\u00e5de p\u00e5 v\u00e6g og loft med det medf\u00f8lgende skruemonteringsudstyr eller via magnetisk montering.Enheden fungerer optimalt i temperaturer fra 5 til 45\u00b0C og op til 90 % luftfugtighed. Den medf\u00f8lgende lav-batteri indikator advarer dig, n\u00e5r batteriet er ved at v\u00e6re opbrugt, s\u00e5 du altid er sikret maksimal driftssikkerhed.R\u00f8gdetektoren opfylder EN14604:2005\/AC:2008-standarden for r\u00f8galarmer og leveres med 10 \u00e5rs garanti. Den optiske detektion og h\u00f8je alarmlyd sikrer, at brande opdages hurtigt og effektivt, og at du hurtigt kan iv\u00e6rks\u00e6tte n\u00f8dvendige forholdsregler. Perfekt til hjemmet, kontoret eller som ekstra sikkerhed, n\u00e5r du er p\u00e5 ferie..<\/p>\n<p>Sammenlign priser p\u00e5 Alecto SA-110 R\u00f8galarm med 10 \u00e5rs batterilevetid og k\u00f8b online til den billigste pris, samt p\u00e5 tilbud!\u00a0\u00a0Tjek den bedste pris, produkt beskrivelse, video, test, anmeldelser osv.<\/p>\n<p><strong>Brand: <\/strong>Alecto<br \/>\n<strong>EAN: <\/strong>8712412676897<br \/>\n<strong>Producentens varenr.:<\/strong> 8712412676897<\/p>\n<p><strong>P.S.<\/strong><br \/>\nTilmeld dig til &#8220;Opret Gratis Prisfald Alarm&#8221;, og bliv underrettet med det samme om prisfald p\u00e5 Alecto SA-110 R\u00f8galarm med 10 \u00e5rs batterilevetid, og f\u00e5 den billigste pris!<\/p>\n<p>&nbsp;<\/p>\n<p>&nbsp;<\/p>\n","protected":false},"excerpt":{"rendered":"<p>K\u00f8b billig Alecto SA-110 R\u00f8galarm med 10 \u00e5rs batterilevetid! Alecto SA-110 r\u00f8gdetektoren er en p\u00e5lidelig og kompakt sikkerhedsl\u00f8sning til hjem, kontor og feriebolig. Med den optiske r\u00f8gsensor opdager modellen hurtigt ulmende brande og giver tidlig advarsel, s\u00e5 du kan handle med det samme. Den kraftige alarm p\u00e5 85 dB sikrer, at du aldrig overser en [&hellip;]<\/p>\n","protected":false},"featured_media":999980000004469110,"template":"","meta":[],"store":[1272516],"product_brand":[1272518],"product_cat":[1272461],"product_tag":[1275186,1272817],"class_list":{"0":"post-446911","1":"product","2":"type-product","3":"status-publish","4":"has-post-thumbnail","6":"store-butik24","7":"product_brand-alecto","8":"product_cat-hjemmet","9":"product_tag-alecto","10":"product_tag-hjemmet","11":"pa_maerke-alecto","13":"first","14":"instock","15":"product-type-external"},"_links":{"self":[{"href":"https:\/\/www.pricetornado.com\/da\/wp-json\/wp\/v2\/product\/446911","targetHints":{"allow":["GET"]}}],"collection":[{"href":"https:\/\/www.pricetornado.com\/da\/wp-json\/wp\/v2\/product"}],"about":[{"href":"https:\/\/www.pricetornado.com\/da\/wp-json\/wp\/v2\/types\/product"}],"wp:featuredmedia":[{"embeddable":true,"href":"https:\/\/www.pricetornado.com\/da\/wp-json\/"}],"wp:attachment":[{"href":"https:\/\/www.pricetornado.com\/da\/wp-json\/wp\/v2\/media?parent=446911"}],"wp:term":[{"taxonomy":"store","embeddable":true,"href":"https:\/\/www.pricetornado.com\/da\/wp-json\/wp\/v2\/store?post=446911"},{"taxonomy":"product_brand","embeddable":true,"href":"https:\/\/www.pricetornado.com\/da\/wp-json\/wp\/v2\/product_brand?post=446911"},{"taxonomy":"product_cat","embeddable":true,"href":"https:\/\/www.pricetornado.com\/da\/wp-json\/wp\/v2\/product_cat?post=446911"},{"taxonomy":"product_tag","embeddable":true,"href":"https:\/\/www.pricetornado.com\/da\/wp-json\/wp\/v2\/product_tag?post=446911"}],"curies":[{"name":"wp","href":"https:\/\/api.w.org\/{rel}","templated":true}]}}