{"id":446910,"date":"2025-02-26T12:17:16","date_gmt":"2025-02-26T11:17:16","guid":{"rendered":"https:\/\/www.pricetornado.com\/da\/produkt\/philips-hue-white-ambiance-filament-globe-g93-e27\/"},"modified":"2026-04-21T10:10:32","modified_gmt":"2026-04-21T08:10:32","slug":"philips-hue-white-ambiance-filament-globe-g93-e27","status":"publish","type":"product","link":"https:\/\/www.pricetornado.com\/da\/produkt\/philips-hue-white-ambiance-filament-globe-g93-e27\/","title":{"rendered":"Philips Hue White Ambiance Filament Globe G93 E27"},"content":{"rendered":"<p>K\u00f8b billig Philips Hue White Ambiance Filament Globe G93 E27!<br \/>\nV\u00e6r dristig med den intelligente Philips Hue White Ambiance Filament Globe G93 E27. Denne LED-p\u00e6re kombinerer et elegant vintage-look med moderne smart funktionalitet. Den er fremstillet i klart glas, som viser det snoede indvendige filament og giver et unikt retro-udtryk, samtidig med at du f\u00e5r hele paletten af intelligente belysningsmuligheder.Brug Hue appen, din stemme eller intelligent tilbeh\u00f8r til at styre din ops\u00e6tning. T\u00e6nd og sluk lyset, d\u00e6mp og forst\u00e6rk belysningen, indstil rutiner og timere \u2013 alt sammen nemt og bekvemt fra din smartphone eller via stemmekommandoer. Du kan styre belysningen enten via Bluetooth eller gennem Philips Hue Bridge og integrere p\u00e6ren i dit eksisterende smarthjemssystem.Lavt str\u00f8mforbrug p\u00e5 7 watt sparer energi og penge sammenlignet med traditionelle p\u00e6rer.Levetid p\u00e5 op til 15.000 timer betyder sj\u00e6ldnere udskiftning.Lynhurtig opstart med \u00f8jeblikkelig 100% lysstyrke.P\u00e6ren underst\u00f8tter integration med Amazon Alexa, Apple HomeKit, Google Assistant og flere, s\u00e5 du nemt kan styre belysningen med din stemme eller via foretrukne smarthjem-apps.L\u00f8ft din hverdag med en p\u00e6re, der forener stil, smart teknologi og effektivitet. Oplev flere muligheder med og g\u00f8r belysningen i dit hjem b\u00e5de praktisk og inspirerende.<\/p>\n<p>Sammenlign priser p\u00e5 Philips Hue White Ambiance Filament Globe G93 E27 og k\u00f8b online til den billigste pris, samt p\u00e5 tilbud!\u00a0\u00a0Tjek den bedste pris, produkt beskrivelse, video, test, anmeldelser osv.<\/p>\n<p><strong>Brand: <\/strong>Philips Hue<br \/>\n<strong>EAN: <\/strong>8719514301481<br \/>\n<strong>Producentens varenr.:<\/strong> 8719514301481<\/p>\n<p><strong>P.S.<\/strong><br \/>\nTilmeld dig til &#8220;Opret Gratis Prisfald Alarm&#8221;, og bliv underrettet med det samme om prisfald p\u00e5 Philips Hue White Ambiance Filament Globe G93 E27, og f\u00e5 den billigste pris!<\/p>\n<p>&nbsp;<\/p>\n<p>&nbsp;<\/p>\n","protected":false},"excerpt":{"rendered":"<p>K\u00f8b billig Philips Hue White Ambiance Filament Globe G93 E27! V\u00e6r dristig med den intelligente Philips Hue White Ambiance Filament Globe G93 E27. Denne LED-p\u00e6re kombinerer et elegant vintage-look med moderne smart funktionalitet. Den er fremstillet i klart glas, som viser det snoede indvendige filament og giver et unikt retro-udtryk, samtidig med at du f\u00e5r [&hellip;]<\/p>\n","protected":false},"featured_media":999980000004469100,"template":"","meta":[],"store":[1272516],"product_brand":[1272523],"product_cat":[1272407],"product_tag":[1272697,1272767],"class_list":{"0":"post-446910","1":"product","2":"type-product","3":"status-publish","4":"has-post-thumbnail","6":"store-butik24","7":"product_brand-philips-hue","8":"product_cat-belysning-2","9":"product_tag-belysning","10":"product_tag-philips-hue","11":"pa_maerke-philips-hue","13":"first","14":"instock","15":"product-type-external"},"_links":{"self":[{"href":"https:\/\/www.pricetornado.com\/da\/wp-json\/wp\/v2\/product\/446910","targetHints":{"allow":["GET"]}}],"collection":[{"href":"https:\/\/www.pricetornado.com\/da\/wp-json\/wp\/v2\/product"}],"about":[{"href":"https:\/\/www.pricetornado.com\/da\/wp-json\/wp\/v2\/types\/product"}],"wp:featuredmedia":[{"embeddable":true,"href":"https:\/\/www.pricetornado.com\/da\/wp-json\/"}],"wp:attachment":[{"href":"https:\/\/www.pricetornado.com\/da\/wp-json\/wp\/v2\/media?parent=446910"}],"wp:term":[{"taxonomy":"store","embeddable":true,"href":"https:\/\/www.pricetornado.com\/da\/wp-json\/wp\/v2\/store?post=446910"},{"taxonomy":"product_brand","embeddable":true,"href":"https:\/\/www.pricetornado.com\/da\/wp-json\/wp\/v2\/product_brand?post=446910"},{"taxonomy":"product_cat","embeddable":true,"href":"https:\/\/www.pricetornado.com\/da\/wp-json\/wp\/v2\/product_cat?post=446910"},{"taxonomy":"product_tag","embeddable":true,"href":"https:\/\/www.pricetornado.com\/da\/wp-json\/wp\/v2\/product_tag?post=446910"}],"curies":[{"name":"wp","href":"https:\/\/api.w.org\/{rel}","templated":true}]}}