{"id":446905,"date":"2025-02-21T05:25:30","date_gmt":"2025-02-21T04:25:30","guid":{"rendered":"https:\/\/www.pricetornado.com\/da\/produkt\/philips-hc9450-15-haarklipper-med-digital-touch-screen\/"},"modified":"2026-04-18T01:54:51","modified_gmt":"2026-04-17T23:54:51","slug":"philips-hc9450-15-haarklipper-med-digital-touch-screen","status":"publish","type":"product","link":"https:\/\/www.pricetornado.com\/da\/produkt\/philips-hc9450-15-haarklipper-med-digital-touch-screen\/","title":{"rendered":"Philips HC9450\/15 H\u00e5rklipper med digital touch screen"},"content":{"rendered":"<p>K\u00f8b billig Philips HC9450\/15 H\u00e5rklipper med digital touch screen!<br \/>\nPhilips HC9450\/15 h\u00e5rklipper fra Series 9000 giver dig fuld kontrol og ultimativ pr\u00e6cision, hvad enten du friserer eller trimmer. Det digitale display med touch-funktion g\u00f8r det nemt og hurtigt at v\u00e6lge mellem hele 400 forskellige l\u00e6ngdeindstillinger i pr\u00e6cise 0,1 mm trin \u2013 fra 0,5 mm til 42 mm. Med motoriserede trimmerkamme og hukommelsesfunktion kan du nemt finde og gemme dine foretrukne l\u00e6ngder for en personlig oplevelse. H\u00e5rklipperen husker op til tre indstillinger per kam, s\u00e5 du altid opn\u00e5r det \u00f8nskede resultat med et enkelt tryk.Den selvslibende, dobbelt\u00e6gget DualCut-sk\u00e6r i titanium giver skarpe og pr\u00e6cise klip \u2013 og holder l\u00e6ngere end traditionelle sk\u00e6r. Kombinationen af titanium og lavfriktionsteknologi sikrer, at sk\u00e6rene er ekstremt holdbare og altid klipper effektivt, op til to gange hurtigere end almindelige h\u00e5rklippere. Vedligeholdelsen er minimal, da sk\u00e6rene kr\u00e6ver hverken slibning eller olie, og den aftagelige klippeenhed g\u00f8r reng\u00f8ringen ekstra enkel.Philips HC9450\/15 er udstyret med et genopladeligt lithium-ion batteri og giver op til 120 minutters ledningsfri brug efter kun 1 times opladning. H\u00e5rklipperen kan bruges b\u00e5de med og uden ledning, s\u00e5 du f\u00e5r maksimal fleksibilitet under klipningen.Oplev professionel og brugervenlig h\u00e5rklipning derhjemme med avanceret teknologi, holdbare materialer og pr\u00e6cise indstillingsmuligheder \u2013 alt samlet i Philips HC9450\/15 h\u00e5rklipperen. og find det rette stylingv\u00e6rkt\u00f8j til dine behov.<\/p>\n<p>Sammenlign priser p\u00e5 Philips HC9450\/15 H\u00e5rklipper med digital touch screen og k\u00f8b online til den billigste pris, samt p\u00e5 tilbud!\u00a0\u00a0Tjek den bedste pris, produkt beskrivelse, video, test, anmeldelser osv.<\/p>\n<p><strong>Brand: <\/strong>Philips<br \/>\n<strong>EAN: <\/strong>8710103701088<br \/>\n<strong>Producentens varenr.:<\/strong> 8710103701088<\/p>\n<p><strong>P.S.<\/strong><br \/>\nTilmeld dig til &#8220;Opret Gratis Prisfald Alarm&#8221;, og bliv underrettet med det samme om prisfald p\u00e5 Philips HC9450\/15 H\u00e5rklipper med digital touch screen, og f\u00e5 den billigste pris!<\/p>\n<p>&nbsp;<\/p>\n<p>&nbsp;<\/p>\n","protected":false},"excerpt":{"rendered":"<p>K\u00f8b billig Philips HC9450\/15 H\u00e5rklipper med digital touch screen! Philips HC9450\/15 h\u00e5rklipper fra Series 9000 giver dig fuld kontrol og ultimativ pr\u00e6cision, hvad enten du friserer eller trimmer. Det digitale display med touch-funktion g\u00f8r det nemt og hurtigt at v\u00e6lge mellem hele 400 forskellige l\u00e6ngdeindstillinger i pr\u00e6cise 0,1 mm trin \u2013 fra 0,5 mm til [&hellip;]<\/p>\n","protected":false},"featured_media":999980000004469050,"template":"","meta":[],"store":[1272516],"product_brand":[1272519],"product_cat":[1272429,1272413],"product_tag":[1272711,1272706,1275180],"class_list":{"0":"post-446905","1":"product","2":"type-product","3":"status-publish","4":"has-post-thumbnail","6":"store-butik24","7":"product_brand-philips","8":"product_cat-maend-personlig-pleje","9":"product_cat-personlig-pleje","10":"product_tag-maend","11":"product_tag-personlig-pleje","12":"product_tag-philips","13":"pa_maerke-philips","15":"first","16":"instock","17":"product-type-external"},"_links":{"self":[{"href":"https:\/\/www.pricetornado.com\/da\/wp-json\/wp\/v2\/product\/446905","targetHints":{"allow":["GET"]}}],"collection":[{"href":"https:\/\/www.pricetornado.com\/da\/wp-json\/wp\/v2\/product"}],"about":[{"href":"https:\/\/www.pricetornado.com\/da\/wp-json\/wp\/v2\/types\/product"}],"wp:featuredmedia":[{"embeddable":true,"href":"https:\/\/www.pricetornado.com\/da\/wp-json\/"}],"wp:attachment":[{"href":"https:\/\/www.pricetornado.com\/da\/wp-json\/wp\/v2\/media?parent=446905"}],"wp:term":[{"taxonomy":"store","embeddable":true,"href":"https:\/\/www.pricetornado.com\/da\/wp-json\/wp\/v2\/store?post=446905"},{"taxonomy":"product_brand","embeddable":true,"href":"https:\/\/www.pricetornado.com\/da\/wp-json\/wp\/v2\/product_brand?post=446905"},{"taxonomy":"product_cat","embeddable":true,"href":"https:\/\/www.pricetornado.com\/da\/wp-json\/wp\/v2\/product_cat?post=446905"},{"taxonomy":"product_tag","embeddable":true,"href":"https:\/\/www.pricetornado.com\/da\/wp-json\/wp\/v2\/product_tag?post=446905"}],"curies":[{"name":"wp","href":"https:\/\/api.w.org\/{rel}","templated":true}]}}