{"id":446904,"date":"2025-02-23T08:44:42","date_gmt":"2025-02-23T07:44:42","guid":{"rendered":"https:\/\/www.pricetornado.com\/da\/produkt\/philips-12258xvps2-h1-forlygter-x-tremevision-pro150\/"},"modified":"2026-04-20T08:40:15","modified_gmt":"2026-04-20T06:40:15","slug":"philips-12258xvps2-h1-forlygter-x-tremevision-pro150","status":"publish","type":"product","link":"https:\/\/www.pricetornado.com\/da\/produkt\/philips-12258xvps2-h1-forlygter-x-tremevision-pro150\/","title":{"rendered":"Philips 12258XVPS2 H1 forlygter X-tremeVision Pro150"},"content":{"rendered":"<p>K\u00f8b billig Philips 12258XVPS2 H1 forlygter X-tremeVision Pro150!<br \/>\nOplev markedets bedste kombination af h\u00f8j ydeevne og lang levetid med Philips X-tremeVision Pro150 H1 forlygter. Disse forlygter giver op til 150 % kraftigere lys sammenlignet med minimumskravene for lovlig vejbelysning, hvilket sikrer, at b\u00e5de du og dine passagerer f\u00e5r maksimalt udsyn p\u00e5 vejen og \u00f8get sikkerhed under alle k\u00f8rselsforhold.Philips X-tremeVision Pro150 forlygter er fremstillet med Diamond Precision kvartsglas, der beskytter mod varmebeskadigelse og sikrer en pr\u00e6cis pasform. Med en specialtilpasset gasblanding og avanceret gradient coating-teknologi f\u00e5r du et optimeret lysudbytte, der resulterer i et k\u00f8ligt, hvidt lys med en farvetemperatur p\u00e5 3.450 K. Dette forbedrer b\u00e5de kontrast og sigtbarhed og \u00f8ger komforten bag rattet, is\u00e6r p\u00e5 m\u00f8rke veje.Forlygterne er designet til at holde op til 350 timers brug, hvilket sikrer p\u00e5lidelig ydeevne hele vejen. Takket v\u00e6re det brugervenlige plug-and-play design kan p\u00e6rene udskiftes hurtigt og nemt, og de er CANbus-kompatible for fejlfri funktion, ogs\u00e5 i biler med moderne elektroniske overv\u00e5gningssystemer. For at opretholde den h\u00f8je sikkerhed anbefaler Philips altid, at begge forlygter udskiftes samtidigt.Philips X-tremeVision Pro150 er ECE-certificeret og lovlig til brug p\u00e5 alle danske og europ\u00e6iske veje. Mange f\u00f8rende bilfabrikanter v\u00e6lger Philips for deres p\u00e5lidelige kvalitet og innovative l\u00f8sninger.K\u00f8ligt hvidt lys (3.450 K) forbedrer kontrast og k\u00f8rekomfortV\u00e6lg Philips X-tremeVision Pro150 H1 forlygter og oplev st\u00f8rre sikkerhed, komfort og kvalitet p\u00e5 hver eneste k\u00f8retur. Se hele vores udvalg af produkter for at finde den perfekte l\u00f8sning til din bil.<\/p>\n<p>Sammenlign priser p\u00e5 Philips 12258XVPS2 H1 forlygter X-tremeVision Pro150 og k\u00f8b online til den billigste pris, samt p\u00e5 tilbud!\u00a0\u00a0Tjek den bedste pris, produkt beskrivelse, video, test, anmeldelser osv.<\/p>\n<p><strong>Brand: <\/strong>Philips<br \/>\n<strong>EAN: <\/strong>8719018005656<br \/>\n<strong>Producentens varenr.:<\/strong> 8719018005656<\/p>\n<p><strong>P.S.<\/strong><br \/>\nTilmeld dig til &#8220;Opret Gratis Prisfald Alarm&#8221;, og bliv underrettet med det samme om prisfald p\u00e5 Philips 12258XVPS2 H1 forlygter X-tremeVision Pro150, og f\u00e5 den billigste pris!<\/p>\n<p>&nbsp;<\/p>\n<p>&nbsp;<\/p>\n","protected":false},"excerpt":{"rendered":"<p>K\u00f8b billig Philips 12258XVPS2 H1 forlygter X-tremeVision Pro150! Oplev markedets bedste kombination af h\u00f8j ydeevne og lang levetid med Philips X-tremeVision Pro150 H1 forlygter. Disse forlygter giver op til 150 % kraftigere lys sammenlignet med minimumskravene for lovlig vejbelysning, hvilket sikrer, at b\u00e5de du og dine passagerer f\u00e5r maksimalt udsyn p\u00e5 vejen og \u00f8get sikkerhed [&hellip;]<\/p>\n","protected":false},"featured_media":999980000004469040,"template":"","meta":[],"store":[1272516],"product_brand":[1272519],"product_cat":[1272407],"product_tag":[1272697,1275180],"class_list":{"0":"post-446904","1":"product","2":"type-product","3":"status-publish","4":"has-post-thumbnail","6":"store-butik24","7":"product_brand-philips","8":"product_cat-belysning-2","9":"product_tag-belysning","10":"product_tag-philips","11":"pa_maerke-philips","13":"first","14":"instock","15":"product-type-external"},"_links":{"self":[{"href":"https:\/\/www.pricetornado.com\/da\/wp-json\/wp\/v2\/product\/446904","targetHints":{"allow":["GET"]}}],"collection":[{"href":"https:\/\/www.pricetornado.com\/da\/wp-json\/wp\/v2\/product"}],"about":[{"href":"https:\/\/www.pricetornado.com\/da\/wp-json\/wp\/v2\/types\/product"}],"wp:featuredmedia":[{"embeddable":true,"href":"https:\/\/www.pricetornado.com\/da\/wp-json\/"}],"wp:attachment":[{"href":"https:\/\/www.pricetornado.com\/da\/wp-json\/wp\/v2\/media?parent=446904"}],"wp:term":[{"taxonomy":"store","embeddable":true,"href":"https:\/\/www.pricetornado.com\/da\/wp-json\/wp\/v2\/store?post=446904"},{"taxonomy":"product_brand","embeddable":true,"href":"https:\/\/www.pricetornado.com\/da\/wp-json\/wp\/v2\/product_brand?post=446904"},{"taxonomy":"product_cat","embeddable":true,"href":"https:\/\/www.pricetornado.com\/da\/wp-json\/wp\/v2\/product_cat?post=446904"},{"taxonomy":"product_tag","embeddable":true,"href":"https:\/\/www.pricetornado.com\/da\/wp-json\/wp\/v2\/product_tag?post=446904"}],"curies":[{"name":"wp","href":"https:\/\/api.w.org\/{rel}","templated":true}]}}