{"id":446902,"date":"2025-02-26T16:26:29","date_gmt":"2025-02-26T15:26:29","guid":{"rendered":"https:\/\/www.pricetornado.com\/da\/produkt\/philips-hd7546-20-kaffemaskine-med-termokande-sort-metal\/"},"modified":"2026-04-17T02:50:32","modified_gmt":"2026-04-17T00:50:32","slug":"philips-hd7546-20-kaffemaskine-med-termokande-sort-metal","status":"publish","type":"product","link":"https:\/\/www.pricetornado.com\/da\/produkt\/philips-hd7546-20-kaffemaskine-med-termokande-sort-metal\/","title":{"rendered":"Philips HD7546\/20 Kaffemaskine med termokande &#8211; Sort\/Metal"},"content":{"rendered":"<p>K\u00f8b billig Philips HD7546\/20 Kaffemaskine med termokande &#8211; Sort\/Metal!<br \/>\nOplev en fremragende kaffeoplevelse med Philips kaffemaskinen, der kombinerer ikonisk design med praktiske og brugervenlige funktioner. Den dobbeltv\u00e6ggede termokande i rustfrit st\u00e5l bevarer b\u00e5de temperatur og aroma, s\u00e5 din kaffe forbliver frisk og varm i over 2 timer. Med en kapacitet p\u00e5 1,2 liter kan du brygge 10-15 kopper ad gangen, hvilket g\u00f8r den ideel til b\u00e5de familie og kontor.Med en effektivitet p\u00e5 1000 watt brygger maskinen hurtigt l\u00e6kker kaffe p\u00e5 under 10 minutter. Kombinationen af rustfrit st\u00e5l og slidst\u00e6rkt plast sikrer lang holdbarhed, mens den automatiske sluk-funktion hindrer overophedning og \u00f8ger b\u00e5de sikkerhed og energieffektivitet. V\u00e6lg Philips kaffemaskinen for p\u00e5lidelig og velsmagende kaffe \u2013 hver dag. og find den perfekte kaffel\u00f8sning til dit behov.<\/p>\n<p>Sammenlign priser p\u00e5 Philips HD7546\/20 Kaffemaskine med termokande &#8211; Sort\/Metal og k\u00f8b online til den billigste pris, samt p\u00e5 tilbud!\u00a0\u00a0Tjek den bedste pris, produkt beskrivelse, video, test, anmeldelser osv.<\/p>\n<p><strong>Brand: <\/strong>Philips<br \/>\n<strong>EAN: <\/strong>8710103727125<br \/>\n<strong>Producentens varenr.:<\/strong> 8710103727125<\/p>\n<p><strong>P.S.<\/strong><br \/>\nTilmeld dig til &#8220;Opret Gratis Prisfald Alarm&#8221;, og bliv underrettet med det samme om prisfald p\u00e5 Philips HD7546\/20 Kaffemaskine med termokande &#8211; Sort\/Metal, og f\u00e5 den billigste pris!<\/p>\n<p>&nbsp;<\/p>\n<p>&nbsp;<\/p>\n","protected":false},"excerpt":{"rendered":"<p>K\u00f8b billig Philips HD7546\/20 Kaffemaskine med termokande &#8211; Sort\/Metal! Oplev en fremragende kaffeoplevelse med Philips kaffemaskinen, der kombinerer ikonisk design med praktiske og brugervenlige funktioner. Den dobbeltv\u00e6ggede termokande i rustfrit st\u00e5l bevarer b\u00e5de temperatur og aroma, s\u00e5 din kaffe forbliver frisk og varm i over 2 timer. Med en kapacitet p\u00e5 1,2 liter kan du [&hellip;]<\/p>\n","protected":false},"featured_media":999980000004469020,"template":"","meta":[],"store":[1272516],"product_brand":[1272519],"product_cat":[855237],"product_tag":[1272770,1275180],"class_list":{"0":"post-446902","1":"product","2":"type-product","3":"status-publish","4":"has-post-thumbnail","6":"store-butik24","7":"product_brand-philips","8":"product_cat-kaffemaskiner","9":"product_tag-kaffemaskiner","10":"product_tag-philips","11":"pa_maerke-philips","13":"first","14":"instock","15":"product-type-external"},"_links":{"self":[{"href":"https:\/\/www.pricetornado.com\/da\/wp-json\/wp\/v2\/product\/446902","targetHints":{"allow":["GET"]}}],"collection":[{"href":"https:\/\/www.pricetornado.com\/da\/wp-json\/wp\/v2\/product"}],"about":[{"href":"https:\/\/www.pricetornado.com\/da\/wp-json\/wp\/v2\/types\/product"}],"wp:featuredmedia":[{"embeddable":true,"href":"https:\/\/www.pricetornado.com\/da\/wp-json\/"}],"wp:attachment":[{"href":"https:\/\/www.pricetornado.com\/da\/wp-json\/wp\/v2\/media?parent=446902"}],"wp:term":[{"taxonomy":"store","embeddable":true,"href":"https:\/\/www.pricetornado.com\/da\/wp-json\/wp\/v2\/store?post=446902"},{"taxonomy":"product_brand","embeddable":true,"href":"https:\/\/www.pricetornado.com\/da\/wp-json\/wp\/v2\/product_brand?post=446902"},{"taxonomy":"product_cat","embeddable":true,"href":"https:\/\/www.pricetornado.com\/da\/wp-json\/wp\/v2\/product_cat?post=446902"},{"taxonomy":"product_tag","embeddable":true,"href":"https:\/\/www.pricetornado.com\/da\/wp-json\/wp\/v2\/product_tag?post=446902"}],"curies":[{"name":"wp","href":"https:\/\/api.w.org\/{rel}","templated":true}]}}