{"id":446895,"date":"2025-02-23T04:00:03","date_gmt":"2025-02-23T03:00:03","guid":{"rendered":"https:\/\/www.pricetornado.com\/da\/produkt\/peugeot-paris-us-peberkvaern-12-cm-natur-boeg\/"},"modified":"2026-04-18T03:00:26","modified_gmt":"2026-04-18T01:00:26","slug":"peugeot-paris-us-peberkvaern-12-cm-natur-boeg","status":"publish","type":"product","link":"https:\/\/www.pricetornado.com\/da\/produkt\/peugeot-paris-us-peberkvaern-12-cm-natur-boeg\/","title":{"rendered":"Peugeot Paris uS Peberkv\u00e6rn 12 cm Natur B\u00f8g"},"content":{"rendered":"<p>K\u00f8b billig Peugeot Paris uS Peberkv\u00e6rn 12 cm Natur B\u00f8g!<br \/>\nPeugeot Paris peberkv\u00e6rn er den ikoniske signaturmodel, der gennem \u00e5rtier har v\u00e6ret kendt som kv\u00e6rnklassikeren over dem alle. Kv\u00e6rnen er fremstillet af PEFC-certificeret b\u00f8getr\u00e6 fra ansvarligt forvaltede franske skove, hvilket sikrer b\u00e5de holdbarhed og b\u00e6redygtighed. Den klassiske, cylindriske form giver et ergonomisk og komfortabelt greb i brug.Med Peugeots patenterede u\u2019Select-system f\u00e5r du seks faste indstillinger fra helt fint til groft, s\u00e5 du nemt kan v\u00e6lge den \u00f8nskede formalingsgrad ved at dreje ringen i bunden af kv\u00e6rnen. N\u00e5r den valgte indstilling f\u00f8rst er sat, forbliver den fast under hele brugen, hvilket giver dig ensartede og p\u00e5lidelige resultater hver gang. Den rustfri og korrosionsbestandige st\u00e5lmekanisme er optimeret til peber \u2013 f\u00f8rst spr\u00e6nger den kornene for at frigive mere smag, og derefter kv\u00e6rner den til den valgte finhed.PEFC-logoet p\u00e5 kv\u00e6rnen garanterer, at tr\u00e6et stammer fra ansvarlige og kontrollerede kilder. Hvert k\u00f8b st\u00f8tter ansvarlig skovdrift og bidrager positivt til b\u00e5de milj\u00f8 og lokalsamfund. Peugeots fokus p\u00e5 milj\u00f8venlig emballage og produktion g\u00f8r denne peberkv\u00e6rn til et gr\u00f8nnere valg til dit k\u00f8kken..<\/p>\n<p>Sammenlign priser p\u00e5 Peugeot Paris uS Peberkv\u00e6rn 12 cm Natur B\u00f8g og k\u00f8b online til den billigste pris, samt p\u00e5 tilbud!\u00a0\u00a0Tjek den bedste pris, produkt beskrivelse, video, test, anmeldelser osv.<\/p>\n<p><strong>Brand: <\/strong>Peugeot<br \/>\n<strong>EAN: <\/strong>4006950023362<br \/>\n<strong>Producentens varenr.:<\/strong> 4006950023362<\/p>\n<p><strong>P.S.<\/strong><br \/>\nTilmeld dig til &#8220;Opret Gratis Prisfald Alarm&#8221;, og bliv underrettet med det samme om prisfald p\u00e5 Peugeot Paris uS Peberkv\u00e6rn 12 cm Natur B\u00f8g, og f\u00e5 den billigste pris!<\/p>\n<p>&nbsp;<\/p>\n<p>&nbsp;<\/p>\n","protected":false},"excerpt":{"rendered":"<p>K\u00f8b billig Peugeot Paris uS Peberkv\u00e6rn 12 cm Natur B\u00f8g! Peugeot Paris peberkv\u00e6rn er den ikoniske signaturmodel, der gennem \u00e5rtier har v\u00e6ret kendt som kv\u00e6rnklassikeren over dem alle. Kv\u00e6rnen er fremstillet af PEFC-certificeret b\u00f8getr\u00e6 fra ansvarligt forvaltede franske skove, hvilket sikrer b\u00e5de holdbarhed og b\u00e6redygtighed. Den klassiske, cylindriske form giver et ergonomisk og komfortabelt greb [&hellip;]<\/p>\n","protected":false},"featured_media":999980000004468950,"template":"","meta":[],"store":[1272516],"product_brand":[1272520],"product_cat":[1272410],"product_tag":[1272681,1275187],"class_list":{"0":"post-446895","1":"product","2":"type-product","3":"status-publish","4":"has-post-thumbnail","6":"store-butik24","7":"product_brand-peugeot","8":"product_cat-koekkengrej","9":"product_tag-koekkengrej","10":"product_tag-peugeot","11":"pa_maerke-peugeot","13":"first","14":"instock","15":"product-type-external"},"_links":{"self":[{"href":"https:\/\/www.pricetornado.com\/da\/wp-json\/wp\/v2\/product\/446895","targetHints":{"allow":["GET"]}}],"collection":[{"href":"https:\/\/www.pricetornado.com\/da\/wp-json\/wp\/v2\/product"}],"about":[{"href":"https:\/\/www.pricetornado.com\/da\/wp-json\/wp\/v2\/types\/product"}],"wp:featuredmedia":[{"embeddable":true,"href":"https:\/\/www.pricetornado.com\/da\/wp-json\/"}],"wp:attachment":[{"href":"https:\/\/www.pricetornado.com\/da\/wp-json\/wp\/v2\/media?parent=446895"}],"wp:term":[{"taxonomy":"store","embeddable":true,"href":"https:\/\/www.pricetornado.com\/da\/wp-json\/wp\/v2\/store?post=446895"},{"taxonomy":"product_brand","embeddable":true,"href":"https:\/\/www.pricetornado.com\/da\/wp-json\/wp\/v2\/product_brand?post=446895"},{"taxonomy":"product_cat","embeddable":true,"href":"https:\/\/www.pricetornado.com\/da\/wp-json\/wp\/v2\/product_cat?post=446895"},{"taxonomy":"product_tag","embeddable":true,"href":"https:\/\/www.pricetornado.com\/da\/wp-json\/wp\/v2\/product_tag?post=446895"}],"curies":[{"name":"wp","href":"https:\/\/api.w.org\/{rel}","templated":true}]}}