{"id":446892,"date":"2025-02-25T10:47:04","date_gmt":"2025-02-25T09:47:04","guid":{"rendered":"https:\/\/www.pricetornado.com\/da\/produkt\/nedis-kagr131fsr-kontakt-grill-1500-w\/"},"modified":"2026-04-18T06:00:19","modified_gmt":"2026-04-18T04:00:19","slug":"nedis-kagr131fsr-kontakt-grill-1500-w","status":"publish","type":"product","link":"https:\/\/www.pricetornado.com\/da\/produkt\/nedis-kagr131fsr-kontakt-grill-1500-w\/","title":{"rendered":"Nedis KAGR131FSR Kontakt Grill 1500 W"},"content":{"rendered":"<p>K\u00f8b billig Nedis KAGR131FSR Kontakt Grill 1500 W!<br \/>\nGrill nemt perfekte panini, k\u00f8d, fisk eller gr\u00f8ntsager med denne Nedis kontaktgrill. Med en kraftfuld effekt p\u00e5 1500 W opvarmes grillen hurtigt, hvilket sikrer hurtig og nem madlavning. Indstil den \u00f8nskede temperatur via det dedikerede temperaturreguleringsknap, og hold \u00f8je med str\u00f8m- og temperaturindikatorerne, s\u00e5 du pr\u00e6cist ved, hvorn\u00e5r grillen er klar til brug.Den h\u00f8jdejusterbare h\u00e6ngsel g\u00f8r det muligt at grille f\u00f8devarer af varierende tykkelse uden at klemme maden, og du kan folde grillen helt ud i 180\u00b0 og anvende den som bordgrill til \u00e5ben grillning. Grillpladerne m\u00e5ler 27,8 x 17 cm og har en non-stick-bel\u00e6gning, der forhindrer maden i at h\u00e6nge fast og g\u00f8r reng\u00f8ringen let. Det holdbare design kombinerer rustfrit st\u00e5l og plast, hvilket giver b\u00e5de varmebestandighed og et moderne udseende, der passer ind i alle k\u00f8kkener.Nedis kontaktgrillen er udstyret med automatisk temperaturkontrol, der sikrer j\u00e6vn varmefordeling og balanceret str\u00f8mforbrug. Takket v\u00e6re det robuste materiale og det innovative design kan du nemt og sikkert tilberede en bred vifte af retter \u2013 uanset om du \u00f8nsker hurtige sandwiches eller en komplet grillmenu.Oplev hvor let og bekvemt det er at lave smagfulde m\u00e5ltider med denne p\u00e5lidelige og brugervenlige Nedis kontaktgrill \u2013 et oplagt valg til det moderne k\u00f8kken.<\/p>\n<p>Sammenlign priser p\u00e5 Nedis KAGR131FSR Kontakt Grill 1500 W og k\u00f8b online til den billigste pris, samt p\u00e5 tilbud!\u00a0\u00a0Tjek den bedste pris, produkt beskrivelse, video, test, anmeldelser osv.<\/p>\n<p><strong>Brand: <\/strong>Nedis<br \/>\n<strong>EAN: <\/strong>5412810398898<br \/>\n<strong>Producentens varenr.:<\/strong> 5412810398898<\/p>\n<p><strong>P.S.<\/strong><br \/>\nTilmeld dig til &#8220;Opret Gratis Prisfald Alarm&#8221;, og bliv underrettet med det samme om prisfald p\u00e5 Nedis KAGR131FSR Kontakt Grill 1500 W, og f\u00e5 den billigste pris!<\/p>\n<p>&nbsp;<\/p>\n<p>&nbsp;<\/p>\n","protected":false},"excerpt":{"rendered":"<p>K\u00f8b billig Nedis KAGR131FSR Kontakt Grill 1500 W! Grill nemt perfekte panini, k\u00f8d, fisk eller gr\u00f8ntsager med denne Nedis kontaktgrill. Med en kraftfuld effekt p\u00e5 1500 W opvarmes grillen hurtigt, hvilket sikrer hurtig og nem madlavning. Indstil den \u00f8nskede temperatur via det dedikerede temperaturreguleringsknap, og hold \u00f8je med str\u00f8m- og temperaturindikatorerne, s\u00e5 du pr\u00e6cist ved, [&hellip;]<\/p>\n","protected":false},"featured_media":999980000004468920,"template":"","meta":[],"store":[1272516],"product_brand":[1272517],"product_cat":[1272418],"product_tag":[1272757,1275178],"class_list":{"0":"post-446892","1":"product","2":"type-product","3":"status-publish","4":"has-post-thumbnail","6":"store-butik24","7":"product_brand-nedis","8":"product_cat-koekkenmaskiner","9":"product_tag-koekkenmaskiner","10":"product_tag-nedis","11":"pa_maerke-nedis","13":"first","14":"instock","15":"product-type-external"},"_links":{"self":[{"href":"https:\/\/www.pricetornado.com\/da\/wp-json\/wp\/v2\/product\/446892","targetHints":{"allow":["GET"]}}],"collection":[{"href":"https:\/\/www.pricetornado.com\/da\/wp-json\/wp\/v2\/product"}],"about":[{"href":"https:\/\/www.pricetornado.com\/da\/wp-json\/wp\/v2\/types\/product"}],"wp:featuredmedia":[{"embeddable":true,"href":"https:\/\/www.pricetornado.com\/da\/wp-json\/"}],"wp:attachment":[{"href":"https:\/\/www.pricetornado.com\/da\/wp-json\/wp\/v2\/media?parent=446892"}],"wp:term":[{"taxonomy":"store","embeddable":true,"href":"https:\/\/www.pricetornado.com\/da\/wp-json\/wp\/v2\/store?post=446892"},{"taxonomy":"product_brand","embeddable":true,"href":"https:\/\/www.pricetornado.com\/da\/wp-json\/wp\/v2\/product_brand?post=446892"},{"taxonomy":"product_cat","embeddable":true,"href":"https:\/\/www.pricetornado.com\/da\/wp-json\/wp\/v2\/product_cat?post=446892"},{"taxonomy":"product_tag","embeddable":true,"href":"https:\/\/www.pricetornado.com\/da\/wp-json\/wp\/v2\/product_tag?post=446892"}],"curies":[{"name":"wp","href":"https:\/\/api.w.org\/{rel}","templated":true}]}}