{"id":446891,"date":"2025-02-26T14:15:16","date_gmt":"2025-02-26T13:15:16","guid":{"rendered":"https:\/\/www.pricetornado.com\/da\/produkt\/nedis-kagr121fsr-kontakt-grill-1500-w\/"},"modified":"2026-04-21T11:10:19","modified_gmt":"2026-04-21T09:10:19","slug":"nedis-kagr121fsr-kontakt-grill-1500-w","status":"publish","type":"product","link":"https:\/\/www.pricetornado.com\/da\/produkt\/nedis-kagr121fsr-kontakt-grill-1500-w\/","title":{"rendered":"Nedis KAGR121FSR Kontakt Grill 1500 W"},"content":{"rendered":"<p>K\u00f8b billig Nedis KAGR121FSR Kontakt Grill 1500 W!<br \/>\nDenne Nedis kontaktgrill p\u00e5 1500 W g\u00f8r det hurtigt og nemt at tilberede l\u00e6kre panini og ristede sandwich p\u00e5 en sundere m\u00e5de. Det kraftfulde varmelegeme s\u00f8rger for, at grillen n\u00e5r den \u00f8nskede temperatur p\u00e5 kort tid, s\u00e5 du sparer ventetid. Med en stor bageflade p\u00e5 25,4 x 17,8 cm f\u00e5r du rigelig plads til flere sandwich eller st\u00f8rre madvarer ad gangen.Et fleksibelt h\u00e6ngsel g\u00f8r det muligt at grille tykkere f\u00f8devarer uden at klemme dem sammen, hvilket sikrer j\u00e6vn tilberedning ved b\u00e5de panini og andre retter. Grillen er udstyret med skridsikre f\u00f8dder, s\u00e5 den st\u00e5r stabilt og sikkert p\u00e5 alle overflader under brug.Nedis kontaktgrillen er fremstillet af aluminium og plast, hvilket ikke kun giver et moderne look, men ogs\u00e5 sikrer optimal varmeledningsevne og lav v\u00e6gt. Non-stick grillplader sikrer, at maden nemt slipper overfladen, og g\u00f8r reng\u00f8ringen let efter hver brug. Den aftagelige drypbakke opsamler effektivt overskydende fedt og olie, kan tages ud og t\u00e5ler opvaskemaskine for enkel reng\u00f8ring.Et cool touch-h\u00e5ndtag beskytter h\u00e6nderne under og efter brug af grillen. Kontrollamper g\u00f8r det let at se, hvorn\u00e5r grillen er t\u00e6ndt, og n\u00e5r den har n\u00e5et den korrekte temperatur. Grillen har en l\u00e5sefunktion, der g\u00f8r det nemt at opbevare den b\u00e5de vandret og lodret \u2013 perfekt til k\u00f8kkener med begr\u00e6nset plads. Sikkerhedsfunktionerne beskytter mod ber\u00f8ring af varme overflader og sikrer korrekt anvendelse hver gang.Opgrader dit k\u00f8kken med denne effektive kontaktgrill fra Nedis \u2013 det perfekte valg til sundere og nemme m\u00e5ltider. Se flere hos Butik24 og find det, der passer til dine behov.<\/p>\n<p>Sammenlign priser p\u00e5 Nedis KAGR121FSR Kontakt Grill 1500 W og k\u00f8b online til den billigste pris, samt p\u00e5 tilbud!\u00a0\u00a0Tjek den bedste pris, produkt beskrivelse, video, test, anmeldelser osv.<\/p>\n<p><strong>Brand: <\/strong>Nedis<br \/>\n<strong>EAN: <\/strong>5412810398843<br \/>\n<strong>Producentens varenr.:<\/strong> 5412810398843<\/p>\n<p><strong>P.S.<\/strong><br \/>\nTilmeld dig til &#8220;Opret Gratis Prisfald Alarm&#8221;, og bliv underrettet med det samme om prisfald p\u00e5 Nedis KAGR121FSR Kontakt Grill 1500 W, og f\u00e5 den billigste pris!<\/p>\n<p>&nbsp;<\/p>\n<p>&nbsp;<\/p>\n","protected":false},"excerpt":{"rendered":"<p>K\u00f8b billig Nedis KAGR121FSR Kontakt Grill 1500 W! Denne Nedis kontaktgrill p\u00e5 1500 W g\u00f8r det hurtigt og nemt at tilberede l\u00e6kre panini og ristede sandwich p\u00e5 en sundere m\u00e5de. Det kraftfulde varmelegeme s\u00f8rger for, at grillen n\u00e5r den \u00f8nskede temperatur p\u00e5 kort tid, s\u00e5 du sparer ventetid. Med en stor bageflade p\u00e5 25,4 x [&hellip;]<\/p>\n","protected":false},"featured_media":999980000004468910,"template":"","meta":[],"store":[1272516],"product_brand":[1272517],"product_cat":[1272418],"product_tag":[1272757,1275178],"class_list":{"0":"post-446891","1":"product","2":"type-product","3":"status-publish","4":"has-post-thumbnail","6":"store-butik24","7":"product_brand-nedis","8":"product_cat-koekkenmaskiner","9":"product_tag-koekkenmaskiner","10":"product_tag-nedis","11":"pa_maerke-nedis","13":"first","14":"instock","15":"product-type-external"},"_links":{"self":[{"href":"https:\/\/www.pricetornado.com\/da\/wp-json\/wp\/v2\/product\/446891","targetHints":{"allow":["GET"]}}],"collection":[{"href":"https:\/\/www.pricetornado.com\/da\/wp-json\/wp\/v2\/product"}],"about":[{"href":"https:\/\/www.pricetornado.com\/da\/wp-json\/wp\/v2\/types\/product"}],"wp:featuredmedia":[{"embeddable":true,"href":"https:\/\/www.pricetornado.com\/da\/wp-json\/"}],"wp:attachment":[{"href":"https:\/\/www.pricetornado.com\/da\/wp-json\/wp\/v2\/media?parent=446891"}],"wp:term":[{"taxonomy":"store","embeddable":true,"href":"https:\/\/www.pricetornado.com\/da\/wp-json\/wp\/v2\/store?post=446891"},{"taxonomy":"product_brand","embeddable":true,"href":"https:\/\/www.pricetornado.com\/da\/wp-json\/wp\/v2\/product_brand?post=446891"},{"taxonomy":"product_cat","embeddable":true,"href":"https:\/\/www.pricetornado.com\/da\/wp-json\/wp\/v2\/product_cat?post=446891"},{"taxonomy":"product_tag","embeddable":true,"href":"https:\/\/www.pricetornado.com\/da\/wp-json\/wp\/v2\/product_tag?post=446891"}],"curies":[{"name":"wp","href":"https:\/\/api.w.org\/{rel}","templated":true}]}}