{"id":446887,"date":"2025-02-22T20:46:37","date_gmt":"2025-02-22T19:46:37","guid":{"rendered":"https:\/\/www.pricetornado.com\/da\/produkt\/philips-avent-natural-response-sut-scy960-03\/"},"modified":"2026-04-30T00:40:00","modified_gmt":"2026-04-29T22:40:00","slug":"philips-avent-natural-response-sut-scy960-03","status":"publish","type":"product","link":"https:\/\/www.pricetornado.com\/da\/produkt\/philips-avent-natural-response-sut-scy960-03\/","title":{"rendered":"Philips Avent Natural Response Sut &#8211; SCY960\/03"},"content":{"rendered":"<p>K\u00f8b billig Philips Avent Natural Response Sut &#8211; SCY960\/03!<br \/>\nPhilips Avent Natural Response sutten er udviklet til at f\u00f8lge dit barns unikke drikkerytme. Med forskellige gennemstr\u00f8mningshastigheder \u2013 medium, hurtig og ekstra hurtig \u2013 kan du let tilpasse sutten efter dit barns behov, hvilket giver fleksibilitet, n\u00e5r babyens behov forandrer sig i takt med v\u00e6ksten. Hvert barn er forskelligt, og det er vigtigt at finde den rette gennemstr\u00f8mning, der passer til netop dit barns rytme.Den brystformede sut g\u00f8r overgangen mellem bryst og flaske mere naturlig og fremmer et trygt og behageligt greb. Sutten frigiver kun m\u00e6lk, n\u00e5r dit barn aktivt drikker, og stopper, n\u00e5r barnet holder pause \u2013 ligesom ved amning. Dette underst\u00f8tter en naturlig og rolig madningsoplevelse, hvor babyen kan tr\u00e6kke vejret og synke i eget tempo.Naturlig respons: M\u00e6lken frigives kun ved aktiv sutning for en naturlig madningsrytme.Soft silikone: Sutten er fremstillet af bl\u00f8d silikone, der giver ekstra komfort og fleksibilitet.Anti-kolik ventil: Hj\u00e6lper med at reducere kolik og ubehag ved at forhindre luft i at komme ned i barnets mave.Drypfri design: Forhindrer spild og tab af m\u00e6lk, praktisk b\u00e5de derhjemme og p\u00e5 farten.Ergonomisk flaske: Nem at holde og h\u00e5ndtere i alle vinkler for komfortabel madning.Philips Avent Natural Response serien er fremstillet af BPA-frie materialer for maksimal sikkerhed og holdbarhed. Sutterne og flaskerne har desuden en emballage med 80 % lavere CO2-aftryk, s\u00e5 du kan v\u00e6lge et mere b\u00e6redygtigt produkt til din familie.Det kan tage lidt tid for dit barn at v\u00e6nne sig til en ny sut, s\u00e5 v\u00e6r t\u00e5lmodig i processen \u2013 det er vigtigt at finde pr\u00e6cis den model, der passer bedst til barnet. Sutten er designet til at mindske kolik og ubehag, s\u00e5 madningen bliver behagelig for b\u00e5de dig og dit barn. og find de l\u00f8sninger, der passer til din familie.<\/p>\n<p>Sammenlign priser p\u00e5 Philips Avent Natural Response Sut &#8211; SCY960\/03 og k\u00f8b online til den billigste pris, samt p\u00e5 tilbud!\u00a0\u00a0Tjek den bedste pris, produkt beskrivelse, video, test, anmeldelser osv.<\/p>\n<p><strong>Brand: <\/strong>Philips<br \/>\n<strong>EAN: <\/strong>8720689034739<br \/>\n<strong>Producentens varenr.:<\/strong> 8720689034739<\/p>\n<p><strong>P.S.<\/strong><br \/>\nTilmeld dig til &#8220;Opret Gratis Prisfald Alarm&#8221;, og bliv underrettet med det samme om prisfald p\u00e5 Philips Avent Natural Response Sut &#8211; SCY960\/03, og f\u00e5 den billigste pris!<\/p>\n<p>&nbsp;<\/p>\n<p>&nbsp;<\/p>\n","protected":false},"excerpt":{"rendered":"<p>K\u00f8b billig Philips Avent Natural Response Sut &#8211; SCY960\/03! Philips Avent Natural Response sutten er udviklet til at f\u00f8lge dit barns unikke drikkerytme. Med forskellige gennemstr\u00f8mningshastigheder \u2013 medium, hurtig og ekstra hurtig \u2013 kan du let tilpasse sutten efter dit barns behov, hvilket giver fleksibilitet, n\u00e5r babyens behov forandrer sig i takt med v\u00e6ksten. Hvert [&hellip;]<\/p>\n","protected":false},"featured_media":999980000004468870,"template":"","meta":[],"store":[1272516],"product_brand":[1272519],"product_cat":[1272414,1272413],"product_tag":[1272709,1272706,1275180],"class_list":{"0":"post-446887","1":"product","2":"type-product","3":"status-publish","4":"has-post-thumbnail","6":"store-butik24","7":"product_brand-philips","8":"product_cat-baby-personlig-pleje","9":"product_cat-personlig-pleje","10":"product_tag-baby","11":"product_tag-personlig-pleje","12":"product_tag-philips","13":"pa_maerke-philips","15":"first","16":"instock","17":"product-type-external"},"_links":{"self":[{"href":"https:\/\/www.pricetornado.com\/da\/wp-json\/wp\/v2\/product\/446887","targetHints":{"allow":["GET"]}}],"collection":[{"href":"https:\/\/www.pricetornado.com\/da\/wp-json\/wp\/v2\/product"}],"about":[{"href":"https:\/\/www.pricetornado.com\/da\/wp-json\/wp\/v2\/types\/product"}],"wp:featuredmedia":[{"embeddable":true,"href":"https:\/\/www.pricetornado.com\/da\/wp-json\/"}],"wp:attachment":[{"href":"https:\/\/www.pricetornado.com\/da\/wp-json\/wp\/v2\/media?parent=446887"}],"wp:term":[{"taxonomy":"store","embeddable":true,"href":"https:\/\/www.pricetornado.com\/da\/wp-json\/wp\/v2\/store?post=446887"},{"taxonomy":"product_brand","embeddable":true,"href":"https:\/\/www.pricetornado.com\/da\/wp-json\/wp\/v2\/product_brand?post=446887"},{"taxonomy":"product_cat","embeddable":true,"href":"https:\/\/www.pricetornado.com\/da\/wp-json\/wp\/v2\/product_cat?post=446887"},{"taxonomy":"product_tag","embeddable":true,"href":"https:\/\/www.pricetornado.com\/da\/wp-json\/wp\/v2\/product_tag?post=446887"}],"curies":[{"name":"wp","href":"https:\/\/api.w.org\/{rel}","templated":true}]}}