{"id":446881,"date":"2025-02-22T19:46:58","date_gmt":"2025-02-22T18:46:58","guid":{"rendered":"https:\/\/www.pricetornado.com\/da\/produkt\/scanpan-kobber-og-staalrens-120ml\/"},"modified":"2026-04-19T02:30:13","modified_gmt":"2026-04-19T00:30:13","slug":"scanpan-kobber-og-staalrens-120ml","status":"publish","type":"product","link":"https:\/\/www.pricetornado.com\/da\/produkt\/scanpan-kobber-og-staalrens-120ml\/","title":{"rendered":"Scanpan Kobber- og st\u00e5lrens 120ml"},"content":{"rendered":"<p>K\u00f8b billig Scanpan Kobber- og st\u00e5lrens 120ml!<br \/>\ner udviklet til effektivt og sk\u00e5nsomt at fjerne rust-, kalk- og oxidationspletter p\u00e5 kogegrej i rustfrit st\u00e5l og kobber. Produktet forfrisker overfladen p\u00e5 bestik, k\u00f8kkenknive og mange andre k\u00f8kkenredskaber. Det er ogs\u00e5 ideelt til at polere glaskeramiske kogeplader uden at ridse eller skade overflader.Scanpan kobber- og st\u00e5lrens indeholder citronsyre og ammoniumklorid, hvilket sikrer en effektiv reng\u00f8ring uden brug af slibemidler. Rensen er biologisk nedbrydelig, milj\u00f8venlig og fri for parfume, hvilket mindsker risikoen for irritation og g\u00f8r den mere sikker at anvende i k\u00f8kkenet.Med en praktisk emballage p\u00e5 120ml er rensen let at opbevare og tage med rundt i hjemmet. Dens alsidighed g\u00f8r den egnet til reng\u00f8ring af rustfrit st\u00e5l, kobber og keramiske kogeplader samt en r\u00e6kke forskellige k\u00f8kkenredskaber. produkter.<\/p>\n<p>Sammenlign priser p\u00e5 Scanpan Kobber- og st\u00e5lrens 120ml og k\u00f8b online til den billigste pris, samt p\u00e5 tilbud!\u00a0\u00a0Tjek den bedste pris, produkt beskrivelse, video, test, anmeldelser osv.<\/p>\n<p><strong>Brand: <\/strong>Scanpan<br \/>\n<strong>EAN: <\/strong>083421119087<br \/>\n<strong>Producentens varenr.:<\/strong> 083421119087<\/p>\n<p><strong>P.S.<\/strong><br \/>\nTilmeld dig til &#8220;Opret Gratis Prisfald Alarm&#8221;, og bliv underrettet med det samme om prisfald p\u00e5 Scanpan Kobber- og st\u00e5lrens 120ml, og f\u00e5 den billigste pris!<\/p>\n<p>&nbsp;<\/p>\n<p>&nbsp;<\/p>\n","protected":false},"excerpt":{"rendered":"<p>K\u00f8b billig Scanpan Kobber- og st\u00e5lrens 120ml! er udviklet til effektivt og sk\u00e5nsomt at fjerne rust-, kalk- og oxidationspletter p\u00e5 kogegrej i rustfrit st\u00e5l og kobber. Produktet forfrisker overfladen p\u00e5 bestik, k\u00f8kkenknive og mange andre k\u00f8kkenredskaber. Det er ogs\u00e5 ideelt til at polere glaskeramiske kogeplader uden at ridse eller skade overflader.Scanpan kobber- og st\u00e5lrens indeholder [&hellip;]<\/p>\n","protected":false},"featured_media":999980000004468810,"template":"","meta":[],"store":[1272516],"product_brand":[1272521],"product_cat":[1272410],"product_tag":[1272681,1275184],"class_list":{"0":"post-446881","1":"product","2":"type-product","3":"status-publish","4":"has-post-thumbnail","6":"store-butik24","7":"product_brand-scanpan","8":"product_cat-koekkengrej","9":"product_tag-koekkengrej","10":"product_tag-scanpan","11":"pa_maerke-scanpan","13":"first","14":"instock","15":"product-type-external"},"_links":{"self":[{"href":"https:\/\/www.pricetornado.com\/da\/wp-json\/wp\/v2\/product\/446881","targetHints":{"allow":["GET"]}}],"collection":[{"href":"https:\/\/www.pricetornado.com\/da\/wp-json\/wp\/v2\/product"}],"about":[{"href":"https:\/\/www.pricetornado.com\/da\/wp-json\/wp\/v2\/types\/product"}],"wp:featuredmedia":[{"embeddable":true,"href":"https:\/\/www.pricetornado.com\/da\/wp-json\/"}],"wp:attachment":[{"href":"https:\/\/www.pricetornado.com\/da\/wp-json\/wp\/v2\/media?parent=446881"}],"wp:term":[{"taxonomy":"store","embeddable":true,"href":"https:\/\/www.pricetornado.com\/da\/wp-json\/wp\/v2\/store?post=446881"},{"taxonomy":"product_brand","embeddable":true,"href":"https:\/\/www.pricetornado.com\/da\/wp-json\/wp\/v2\/product_brand?post=446881"},{"taxonomy":"product_cat","embeddable":true,"href":"https:\/\/www.pricetornado.com\/da\/wp-json\/wp\/v2\/product_cat?post=446881"},{"taxonomy":"product_tag","embeddable":true,"href":"https:\/\/www.pricetornado.com\/da\/wp-json\/wp\/v2\/product_tag?post=446881"}],"curies":[{"name":"wp","href":"https:\/\/api.w.org\/{rel}","templated":true}]}}