{"id":446880,"date":"2025-02-25T21:26:21","date_gmt":"2025-02-25T20:26:21","guid":{"rendered":"https:\/\/www.pricetornado.com\/da\/produkt\/nedis-speaker-mount-kompatibel-med-sonos-era100-vaeg-3-kg-swivel-tilt-vipbar-kan-drejes-abs-metal-sort-spmt5800bk\/"},"modified":"2026-03-11T03:44:48","modified_gmt":"2026-03-11T02:44:48","slug":"nedis-speaker-mount-kompatibel-med-sonos-era100-vaeg-3-kg-swivel-tilt-vipbar-kan-drejes-abs-metal-sort-spmt5800bk","status":"publish","type":"product","link":"https:\/\/www.pricetornado.com\/da\/produkt\/nedis-speaker-mount-kompatibel-med-sonos-era100-vaeg-3-kg-swivel-tilt-vipbar-kan-drejes-abs-metal-sort-spmt5800bk\/","title":{"rendered":"Nedis &#8211; Speaker Mount | Kompatibel med: Sonos\u00ae Era100 | V\u00e6g | 3 kg | Swivel \/ Tilt | Vipbar | Kan drejes | ABS \/ Metal | Sort &#8211; SPMT5800BK"},"content":{"rendered":"<p>K\u00f8b billig Nedis &#8211; Speaker Mount | Kompatibel med: Sonos\u00ae Era100 | V\u00e6g | 3 kg | Swivel \/ Tilt | Vipbar | Kan drejes | ABS \/ Metal | Sort &#8211; SPMT5800BK!<br \/>\nGiv din Sonos\u00ae ERA100-lydoplevelse\u2122 et l\u00f8ft med Nedis-h\u00f8jttalerens v\u00e6gbeslag, et problemfrit designet tilbeh\u00f8r, der maksimerer b\u00e5de stil og funktionalitet. Dette v\u00e6gbeslag er designet eksklusivt til Sonos\u00ae ERA100\u2122 og tilbyder uovertruffen vippe- og drejejustering, hvilket sikrer, at dine h\u00f8jttalere er perfekt placeret for optimal lydydelse.Med muligheden for at rotere op til 90\u00b0 og vippe fra 0\u00b0 til -18\u00b0 kan du nyde omsluttende lyd fra ethvert hj\u00f8rne af rummet. Monteringsholderne giver robust st\u00f8tte og holder din Sonos\u00ae ERA100\u2122 sikkert p\u00e5 plads. Sig farvel til kabelrod takket v\u00e6re integreret kabelstyring i s\u00f8jlen, der skjuler og organiserer dine kabler uden besv\u00e6r.Montering og installation er en leg, hvilket g\u00f8r det til en problemfri oplevelse at omdanne dit rum til et f\u00f8rsteklasses lydparadis. Opgrader din Sonos\u00ae ERA100-ops\u00e6tning\u2122 med Nedis-h\u00f8jttalerens v\u00e6gbeslag \u2013 hvor form m\u00f8der funktion for en uovertruffen audiovisuel synergi.<\/p>\n<p>Sammenlign priser p\u00e5 Nedis &#8211; Speaker Mount | Kompatibel med: Sonos\u00ae Era100 | V\u00e6g | 3 kg | Swivel \/ Tilt | Vipbar | Kan drejes | ABS \/ Metal | Sort &#8211; SPMT5800BK og k\u00f8b online til den billigste pris, samt p\u00e5 tilbud!\u00a0\u00a0Tjek den bedste pris, produkt beskrivelse, video, test, anmeldelser osv.<\/p>\n<p><strong>Brand: <\/strong>Nedis<br \/>\n<strong>EAN: <\/strong>5412810451869<br \/>\n<strong>Producentens varenr.:<\/strong> 5412810451869<\/p>\n<p><strong>P.S.<\/strong><br \/>\nTilmeld dig til &#8220;Opret Gratis Prisfald Alarm&#8221;, og bliv underrettet med det samme om prisfald p\u00e5 Nedis &#8211; Speaker Mount | Kompatibel med: Sonos\u00ae Era100 | V\u00e6g | 3 kg | Swivel \/ Tilt | Vipbar | Kan drejes | ABS \/ Metal | Sort &#8211; SPMT5800BK, og f\u00e5 den billigste pris!<\/p>\n<p>&nbsp;<\/p>\n<p>&nbsp;<\/p>\n","protected":false},"excerpt":{"rendered":"<p>K\u00f8b billig Nedis &#8211; Speaker Mount | Kompatibel med: Sonos\u00ae Era100 | V\u00e6g | 3 kg | Swivel \/ Tilt | Vipbar | Kan drejes | ABS \/ Metal | Sort &#8211; SPMT5800BK! Giv din Sonos\u00ae ERA100-lydoplevelse\u2122 et l\u00f8ft med Nedis-h\u00f8jttalerens v\u00e6gbeslag, et problemfrit designet tilbeh\u00f8r, der maksimerer b\u00e5de stil og funktionalitet. Dette v\u00e6gbeslag er [&hellip;]<\/p>\n","protected":false},"featured_media":0,"template":"","meta":[],"store":[1272516],"product_brand":[1272517],"product_cat":[1272427],"product_tag":[1272678,1275178],"class_list":{"0":"post-446880","1":"product","2":"type-product","3":"status-publish","5":"store-butik24","6":"product_brand-nedis","7":"product_cat-beslag","8":"product_tag-beslag","9":"product_tag-nedis","10":"pa_maerke-nedis","12":"first","13":"instock","14":"product-type-external"},"_links":{"self":[{"href":"https:\/\/www.pricetornado.com\/da\/wp-json\/wp\/v2\/product\/446880","targetHints":{"allow":["GET"]}}],"collection":[{"href":"https:\/\/www.pricetornado.com\/da\/wp-json\/wp\/v2\/product"}],"about":[{"href":"https:\/\/www.pricetornado.com\/da\/wp-json\/wp\/v2\/types\/product"}],"wp:attachment":[{"href":"https:\/\/www.pricetornado.com\/da\/wp-json\/wp\/v2\/media?parent=446880"}],"wp:term":[{"taxonomy":"store","embeddable":true,"href":"https:\/\/www.pricetornado.com\/da\/wp-json\/wp\/v2\/store?post=446880"},{"taxonomy":"product_brand","embeddable":true,"href":"https:\/\/www.pricetornado.com\/da\/wp-json\/wp\/v2\/product_brand?post=446880"},{"taxonomy":"product_cat","embeddable":true,"href":"https:\/\/www.pricetornado.com\/da\/wp-json\/wp\/v2\/product_cat?post=446880"},{"taxonomy":"product_tag","embeddable":true,"href":"https:\/\/www.pricetornado.com\/da\/wp-json\/wp\/v2\/product_tag?post=446880"}],"curies":[{"name":"wp","href":"https:\/\/api.w.org\/{rel}","templated":true}]}}