{"id":446874,"date":"2025-02-20T05:21:36","date_gmt":"2025-02-20T04:21:36","guid":{"rendered":"https:\/\/www.pricetornado.com\/da\/produkt\/lenco-dvd-afspiller-med-hdmi-og-fjernbetjening-sort-dvd-120bk\/"},"modified":"2026-04-21T03:10:34","modified_gmt":"2026-04-21T01:10:34","slug":"lenco-dvd-afspiller-med-hdmi-og-fjernbetjening-sort-dvd-120bk","status":"publish","type":"product","link":"https:\/\/www.pricetornado.com\/da\/produkt\/lenco-dvd-afspiller-med-hdmi-og-fjernbetjening-sort-dvd-120bk\/","title":{"rendered":"Lenco &#8211; DVD-afspiller med HDMI og fjernbetjening Sort &#8211; DVD-120BK"},"content":{"rendered":"<p>K\u00f8b billig Lenco &#8211; DVD-afspiller med HDMI og fjernbetjening Sort &#8211; DVD-120BK!<br \/>\nLenco DVD-120BK dvd-afspilleren er en alsidig og kompakt l\u00f8sning til afspilning af dine yndlingsfilm og -musik. Den elegante, sorte enhed passer ind i ethvert rum og kombinerer enkelhed med funktionalitet. Du kan nemt nyde dine dvd&apos;er og cd&apos;er, eller afspille mediefiler direkte via USB.Med b\u00e5de HDMI- og SCART-porte sikrer dvd-afspilleren kompatibilitet med b\u00e5de moderne og \u00e6ldre tv-modeller. HDMI-forbindelsen leverer et klart og skarpt billede til optimal seeroplevelse, mens SCART giver fleksibilitet for \u00e6ldre tv-apparater.Disse funktioner g\u00f8r det nemt at afspille forskellige medier direkte fra en USB-n\u00f8gle.Kompakte m\u00e5l: ca. 22,5 x 22,5 x 3,5 cmLenco DVD-120BK er en praktisk dvd-afspiller, der kombinerer brugervenlighed, fleksible tilslutningsmuligheder og underst\u00f8ttelse af flere medietyper \u2013 den perfekte tilf\u00f8jelse til dit hjem.<\/p>\n<p>Sammenlign priser p\u00e5 Lenco &#8211; DVD-afspiller med HDMI og fjernbetjening Sort &#8211; DVD-120BK og k\u00f8b online til den billigste pris, samt p\u00e5 tilbud!\u00a0\u00a0Tjek den bedste pris, produkt beskrivelse, video, test, anmeldelser osv.<\/p>\n<p><strong>Brand: <\/strong>Lenco<br \/>\n<strong>EAN: <\/strong>8711902066262<br \/>\n<strong>Producentens varenr.:<\/strong> 8711902066262<\/p>\n<p><strong>P.S.<\/strong><br \/>\nTilmeld dig til &#8220;Opret Gratis Prisfald Alarm&#8221;, og bliv underrettet med det samme om prisfald p\u00e5 Lenco &#8211; DVD-afspiller med HDMI og fjernbetjening Sort &#8211; DVD-120BK, og f\u00e5 den billigste pris!<\/p>\n<p>&nbsp;<\/p>\n<p>&nbsp;<\/p>\n","protected":false},"excerpt":{"rendered":"<p>K\u00f8b billig Lenco &#8211; DVD-afspiller med HDMI og fjernbetjening Sort &#8211; DVD-120BK! Lenco DVD-120BK dvd-afspilleren er en alsidig og kompakt l\u00f8sning til afspilning af dine yndlingsfilm og -musik. Den elegante, sorte enhed passer ind i ethvert rum og kombinerer enkelhed med funktionalitet. Du kan nemt nyde dine dvd&apos;er og cd&apos;er, eller afspille mediefiler direkte via [&hellip;]<\/p>\n","protected":false},"featured_media":999980000004468740,"template":"","meta":[],"store":[1272516],"product_brand":[1272526],"product_cat":[1272471],"product_tag":[1275188,1272790],"class_list":{"0":"post-446874","1":"product","2":"type-product","3":"status-publish","4":"has-post-thumbnail","6":"store-butik24","7":"product_brand-lenco","8":"product_cat-underholdning","9":"product_tag-lenco","10":"product_tag-underholdning","11":"pa_maerke-lenco","13":"first","14":"instock","15":"product-type-external"},"_links":{"self":[{"href":"https:\/\/www.pricetornado.com\/da\/wp-json\/wp\/v2\/product\/446874","targetHints":{"allow":["GET"]}}],"collection":[{"href":"https:\/\/www.pricetornado.com\/da\/wp-json\/wp\/v2\/product"}],"about":[{"href":"https:\/\/www.pricetornado.com\/da\/wp-json\/wp\/v2\/types\/product"}],"wp:featuredmedia":[{"embeddable":true,"href":"https:\/\/www.pricetornado.com\/da\/wp-json\/"}],"wp:attachment":[{"href":"https:\/\/www.pricetornado.com\/da\/wp-json\/wp\/v2\/media?parent=446874"}],"wp:term":[{"taxonomy":"store","embeddable":true,"href":"https:\/\/www.pricetornado.com\/da\/wp-json\/wp\/v2\/store?post=446874"},{"taxonomy":"product_brand","embeddable":true,"href":"https:\/\/www.pricetornado.com\/da\/wp-json\/wp\/v2\/product_brand?post=446874"},{"taxonomy":"product_cat","embeddable":true,"href":"https:\/\/www.pricetornado.com\/da\/wp-json\/wp\/v2\/product_cat?post=446874"},{"taxonomy":"product_tag","embeddable":true,"href":"https:\/\/www.pricetornado.com\/da\/wp-json\/wp\/v2\/product_tag?post=446874"}],"curies":[{"name":"wp","href":"https:\/\/api.w.org\/{rel}","templated":true}]}}