{"id":446872,"date":"2025-02-27T08:16:39","date_gmt":"2025-02-27T07:16:39","guid":{"rendered":"https:\/\/www.pricetornado.com\/da\/produkt\/philips-bhd302-10-haartoerrer-3000-series\/"},"modified":"2026-04-18T09:30:20","modified_gmt":"2026-04-18T07:30:20","slug":"philips-bhd302-10-haartoerrer-3000-series","status":"publish","type":"product","link":"https:\/\/www.pricetornado.com\/da\/produkt\/philips-bhd302-10-haartoerrer-3000-series\/","title":{"rendered":"Philips BHD302\/10 H\u00e5rt\u00f8rrer 3000 Series"},"content":{"rendered":"<p>K\u00f8b billig Philips BHD302\/10 H\u00e5rt\u00f8rrer 3000 Series!<br \/>\nPhilips BHD302\/10 h\u00e5rt\u00f8rrer fra 3000-serien leverer effektiv og sk\u00e5nsom t\u00f8rring med det unikt designede ThermoProtect-tilbeh\u00f8r, som blander varm og kold luft. Denne funktion reducerer temperaturen med 10\u00b0C og beskytter h\u00e5ret mod overophedning og varmebeskadigelse \u2013 perfekt til daglig pleje og styling.ThermoProtect-teknologien bidrager til at forebygge skader fra for h\u00f8j varme, s\u00e5 h\u00e5ret efterlades sundt og velplejet hver gang.H\u00e5rt\u00f8rreren har tre forudindstillede kombinationer af varme- og hastighedsindstillinger, s\u00e5 du hurtigt og enkelt kan style dit h\u00e5r. En koldluftsindstilling giver et frisk pust af k\u00f8lig luft, s\u00e5 du kan s\u00e6tte og fastholde frisuren.Oplev, hvordan Philips BHD302\/10 kombinerer sk\u00e5nsom h\u00e5rpleje med professionel effektivitet og brugervenligt design \u2013 ideel til hverdagens behov. Se ogs\u00e5 vores \u00f8vrige udvalg af produkter.<\/p>\n<p>Sammenlign priser p\u00e5 Philips BHD302\/10 H\u00e5rt\u00f8rrer 3000 Series og k\u00f8b online til den billigste pris, samt p\u00e5 tilbud!\u00a0\u00a0Tjek den bedste pris, produkt beskrivelse, video, test, anmeldelser osv.<\/p>\n<p><strong>Brand: <\/strong>Philips<br \/>\n<strong>EAN: <\/strong>8710103959533<br \/>\n<strong>Producentens varenr.:<\/strong> 8710103959533<\/p>\n<p><strong>P.S.<\/strong><br \/>\nTilmeld dig til &#8220;Opret Gratis Prisfald Alarm&#8221;, og bliv underrettet med det samme om prisfald p\u00e5 Philips BHD302\/10 H\u00e5rt\u00f8rrer 3000 Series, og f\u00e5 den billigste pris!<\/p>\n<p>&nbsp;<\/p>\n<p>&nbsp;<\/p>\n","protected":false},"excerpt":{"rendered":"<p>K\u00f8b billig Philips BHD302\/10 H\u00e5rt\u00f8rrer 3000 Series! Philips BHD302\/10 h\u00e5rt\u00f8rrer fra 3000-serien leverer effektiv og sk\u00e5nsom t\u00f8rring med det unikt designede ThermoProtect-tilbeh\u00f8r, som blander varm og kold luft. Denne funktion reducerer temperaturen med 10\u00b0C og beskytter h\u00e5ret mod overophedning og varmebeskadigelse \u2013 perfekt til daglig pleje og styling.ThermoProtect-teknologien bidrager til at forebygge skader fra for [&hellip;]<\/p>\n","protected":false},"featured_media":999980000004468720,"template":"","meta":[],"store":[1272516],"product_brand":[1272519],"product_cat":[1272449,1272413],"product_tag":[1272707,1272706,1275180],"class_list":{"0":"post-446872","1":"product","2":"type-product","3":"status-publish","4":"has-post-thumbnail","6":"store-butik24","7":"product_brand-philips","8":"product_cat-kvinder","9":"product_cat-personlig-pleje","10":"product_tag-kvinder","11":"product_tag-personlig-pleje","12":"product_tag-philips","13":"pa_maerke-philips","15":"first","16":"instock","17":"product-type-external"},"_links":{"self":[{"href":"https:\/\/www.pricetornado.com\/da\/wp-json\/wp\/v2\/product\/446872","targetHints":{"allow":["GET"]}}],"collection":[{"href":"https:\/\/www.pricetornado.com\/da\/wp-json\/wp\/v2\/product"}],"about":[{"href":"https:\/\/www.pricetornado.com\/da\/wp-json\/wp\/v2\/types\/product"}],"wp:featuredmedia":[{"embeddable":true,"href":"https:\/\/www.pricetornado.com\/da\/wp-json\/"}],"wp:attachment":[{"href":"https:\/\/www.pricetornado.com\/da\/wp-json\/wp\/v2\/media?parent=446872"}],"wp:term":[{"taxonomy":"store","embeddable":true,"href":"https:\/\/www.pricetornado.com\/da\/wp-json\/wp\/v2\/store?post=446872"},{"taxonomy":"product_brand","embeddable":true,"href":"https:\/\/www.pricetornado.com\/da\/wp-json\/wp\/v2\/product_brand?post=446872"},{"taxonomy":"product_cat","embeddable":true,"href":"https:\/\/www.pricetornado.com\/da\/wp-json\/wp\/v2\/product_cat?post=446872"},{"taxonomy":"product_tag","embeddable":true,"href":"https:\/\/www.pricetornado.com\/da\/wp-json\/wp\/v2\/product_tag?post=446872"}],"curies":[{"name":"wp","href":"https:\/\/api.w.org\/{rel}","templated":true}]}}