{"id":446871,"date":"2025-02-20T02:14:10","date_gmt":"2025-02-20T01:14:10","guid":{"rendered":"https:\/\/www.pricetornado.com\/da\/produkt\/philips-nt3650-16-naese-oere-oejenbrynstrimmer-3000-series\/"},"modified":"2026-04-17T10:00:37","modified_gmt":"2026-04-17T08:00:37","slug":"philips-nt3650-16-naese-oere-oejenbrynstrimmer-3000-series","status":"publish","type":"product","link":"https:\/\/www.pricetornado.com\/da\/produkt\/philips-nt3650-16-naese-oere-oejenbrynstrimmer-3000-series\/","title":{"rendered":"Philips NT3650\/16 N\u00e6se-, \u00f8re- &amp; \u00f8jenbrynstrimmer 3000 series"},"content":{"rendered":"<p>K\u00f8b billig Philips NT3650\/16 N\u00e6se-, \u00f8re- &amp; \u00f8jenbrynstrimmer 3000 series!<br \/>\nPhilips\u2019 n\u00e6seh\u00e5rstrimmer i 3000-serien giver dig komfortabel og pr\u00e6cis trimning af n\u00e6seh\u00e5r, \u00f8reh\u00e5r og \u00f8jenbryn \u2013 helt uden tr\u00e6k eller ubehag. Takket v\u00e6re den avancerede PrecisionTrim-teknologi og det beskyttende Guard System trimmer du b\u00e5de sikkert og effektivt uden, at knivbladene kommer i direkte kontakt med huden.Det dobbeltsidede sk\u00e6rehoved med 16 indgange sikrer hurtig og effektiv trimning fra alle vinkler og minimerer risikoen for at tr\u00e6kke i h\u00e5rene. De rustfri st\u00e5lblade leverer et pr\u00e6cist resultat hver gang, mens beskyttelsessystemet sk\u00e5ner huden og giver ekstra komfort.Et ergonomisk h\u00e5ndtag med tekstureret greb giver fuld kontrol \u2013 ogs\u00e5 n\u00e5r trimmeren er v\u00e5d. Den praktiske t\u00e6nd\/sluk-skydeknap g\u00f8r brugen nem og intuitiv, uanset situationen.De medf\u00f8lgende \u00f8jenbrynskamme p\u00e5 3 mm og 5 mm g\u00f8r det let at opn\u00e5 pr\u00e6cis styling og tilpasse l\u00e6ngden efter dine \u00f8nsker.Philips-trimmeren kr\u00e6ver ingen olie og leveres med 2 \u00e5rs garanti, hvilket sikrer langvarig ydeevne og p\u00e5lidelig kvalitet..<\/p>\n<p>Sammenlign priser p\u00e5 Philips NT3650\/16 N\u00e6se-, \u00f8re- &amp; \u00f8jenbrynstrimmer 3000 series og k\u00f8b online til den billigste pris, samt p\u00e5 tilbud!\u00a0\u00a0Tjek den bedste pris, produkt beskrivelse, video, test, anmeldelser osv.<\/p>\n<p><strong>Brand: <\/strong>Philips<br \/>\n<strong>EAN: <\/strong>8710103924005<br \/>\n<strong>Producentens varenr.:<\/strong> 8710103924005<\/p>\n<p><strong>P.S.<\/strong><br \/>\nTilmeld dig til &#8220;Opret Gratis Prisfald Alarm&#8221;, og bliv underrettet med det samme om prisfald p\u00e5 Philips NT3650\/16 N\u00e6se-, \u00f8re- &amp; \u00f8jenbrynstrimmer 3000 series, og f\u00e5 den billigste pris!<\/p>\n<p>&nbsp;<\/p>\n<p>&nbsp;<\/p>\n","protected":false},"excerpt":{"rendered":"<p>K\u00f8b billig Philips NT3650\/16 N\u00e6se-, \u00f8re- &amp; \u00f8jenbrynstrimmer 3000 series! Philips\u2019 n\u00e6seh\u00e5rstrimmer i 3000-serien giver dig komfortabel og pr\u00e6cis trimning af n\u00e6seh\u00e5r, \u00f8reh\u00e5r og \u00f8jenbryn \u2013 helt uden tr\u00e6k eller ubehag. Takket v\u00e6re den avancerede PrecisionTrim-teknologi og det beskyttende Guard System trimmer du b\u00e5de sikkert og effektivt uden, at knivbladene kommer i direkte kontakt med [&hellip;]<\/p>\n","protected":false},"featured_media":999980000004468710,"template":"","meta":[],"store":[1272516],"product_brand":[1272519],"product_cat":[1272429,1272413],"product_tag":[1272711,1272706,1275180],"class_list":{"0":"post-446871","1":"product","2":"type-product","3":"status-publish","4":"has-post-thumbnail","6":"store-butik24","7":"product_brand-philips","8":"product_cat-maend-personlig-pleje","9":"product_cat-personlig-pleje","10":"product_tag-maend","11":"product_tag-personlig-pleje","12":"product_tag-philips","13":"pa_maerke-philips","15":"first","16":"instock","17":"product-type-external"},"_links":{"self":[{"href":"https:\/\/www.pricetornado.com\/da\/wp-json\/wp\/v2\/product\/446871","targetHints":{"allow":["GET"]}}],"collection":[{"href":"https:\/\/www.pricetornado.com\/da\/wp-json\/wp\/v2\/product"}],"about":[{"href":"https:\/\/www.pricetornado.com\/da\/wp-json\/wp\/v2\/types\/product"}],"wp:featuredmedia":[{"embeddable":true,"href":"https:\/\/www.pricetornado.com\/da\/wp-json\/"}],"wp:attachment":[{"href":"https:\/\/www.pricetornado.com\/da\/wp-json\/wp\/v2\/media?parent=446871"}],"wp:term":[{"taxonomy":"store","embeddable":true,"href":"https:\/\/www.pricetornado.com\/da\/wp-json\/wp\/v2\/store?post=446871"},{"taxonomy":"product_brand","embeddable":true,"href":"https:\/\/www.pricetornado.com\/da\/wp-json\/wp\/v2\/product_brand?post=446871"},{"taxonomy":"product_cat","embeddable":true,"href":"https:\/\/www.pricetornado.com\/da\/wp-json\/wp\/v2\/product_cat?post=446871"},{"taxonomy":"product_tag","embeddable":true,"href":"https:\/\/www.pricetornado.com\/da\/wp-json\/wp\/v2\/product_tag?post=446871"}],"curies":[{"name":"wp","href":"https:\/\/api.w.org\/{rel}","templated":true}]}}