{"id":446860,"date":"2025-02-22T05:55:21","date_gmt":"2025-02-22T04:55:21","guid":{"rendered":"https:\/\/www.pricetornado.com\/da\/produkt\/jvc-ha-s91n-bu-bluetooth-over-ear-hovedtelefoner-med-aktiv-stoejreduktion\/"},"modified":"2026-04-19T10:30:31","modified_gmt":"2026-04-19T08:30:31","slug":"jvc-ha-s91n-bu-bluetooth-over-ear-hovedtelefoner-med-aktiv-stoejreduktion","status":"publish","type":"product","link":"https:\/\/www.pricetornado.com\/da\/produkt\/jvc-ha-s91n-bu-bluetooth-over-ear-hovedtelefoner-med-aktiv-stoejreduktion\/","title":{"rendered":"JVC HA-S91N-BU Bluetooth Over-Ear hovedtelefoner med Aktiv st\u00f8jreduktion"},"content":{"rendered":"<p>K\u00f8b billig JVC HA-S91N-BU Bluetooth Over-Ear hovedtelefoner med Aktiv st\u00f8jreduktion!<br \/>\nNyd din musik fri for hverdagens forstyrrelser med JVC HA-S91N, der er udstyret med effektiv aktiv st\u00f8jreduktion. Det avancerede feedback-system overv\u00e5ger konstant omgivelsernes lyd og eliminerer baggrundsst\u00f8j for en fordybende lytteoplevelse. De kraftige 40 mm magneter leverer enest\u00e5ende lydkvalitet, s\u00e5 du virkelig kan nyde din musik.Disse over-ear hovedtelefoner er fremstillet af let plast og vejer kun ca. 198 gram. Den justerbare hovedb\u00f8jle har sorte l\u00e6derimitat-puder for ekstra komfort, mens \u00f8repuderne, der er lavet af memory foam, sikrer optimal pasform \u2013 ideelt til lang tids brug. Det foldbare design g\u00f8r dem nemme at opbevare og tage med p\u00e5 farten.V\u00e6lg mellem tre lydindstillinger \u2013 Normal, Clear og Bass \u2013 s\u00e5 lyden matcher din musiksmag eller hum\u00f8r. Med Ambient Sound Mode kan du h\u00f8re omgivende lyd, mens du stadig b\u00e6rer hovedtelefonerne, s\u00e5 du altid kan v\u00e6re opm\u00e6rksom p\u00e5 dine omgivelser, fx i byen.Det indbyggede lithium-polymer-batteri giver op til 42 timers tr\u00e5dl\u00f8s afspilning p\u00e5 \u00e9n opladning, og opladning tager ca. 3 timer. Bluetooth 5.0 sikrer en stabil forbindelse med op til 10 meters r\u00e6kkevidde. Betjen nemt volumen, skift lydtilstand og aktiver din smartphone&apos;s stemmeassistent direkte fra hovedtelefonerne.Let og kompakt design \u2013 ca. 198 gramBluetooth 5.0 med nem adgang til kontroller og stemmeassistentUanset om du pendler, arbejder eller slapper af, leverer JVC HA-S91N h\u00f8j komfort og en p\u00e5lidelig lytteoplevelse uden u\u00f8nsket baggrundsst\u00f8j. Se hele udvalget af hos Butik24 og find den model, der passer til dig.<\/p>\n<p>Sammenlign priser p\u00e5 JVC HA-S91N-BU Bluetooth Over-Ear hovedtelefoner med Aktiv st\u00f8jreduktion og k\u00f8b online til den billigste pris, samt p\u00e5 tilbud!\u00a0\u00a0Tjek den bedste pris, produkt beskrivelse, video, test, anmeldelser osv.<\/p>\n<p><strong>Brand: <\/strong>JVC<br \/>\n<strong>EAN: <\/strong>4975769016349<br \/>\n<strong>Producentens varenr.:<\/strong> 4975769016349<\/p>\n<p><strong>P.S.<\/strong><br \/>\nTilmeld dig til &#8220;Opret Gratis Prisfald Alarm&#8221;, og bliv underrettet med det samme om prisfald p\u00e5 JVC HA-S91N-BU Bluetooth Over-Ear hovedtelefoner med Aktiv st\u00f8jreduktion, og f\u00e5 den billigste pris!<\/p>\n<p>&nbsp;<\/p>\n<p>&nbsp;<\/p>\n","protected":false},"excerpt":{"rendered":"<p>K\u00f8b billig JVC HA-S91N-BU Bluetooth Over-Ear hovedtelefoner med Aktiv st\u00f8jreduktion! Nyd din musik fri for hverdagens forstyrrelser med JVC HA-S91N, der er udstyret med effektiv aktiv st\u00f8jreduktion. Det avancerede feedback-system overv\u00e5ger konstant omgivelsernes lyd og eliminerer baggrundsst\u00f8j for en fordybende lytteoplevelse. De kraftige 40 mm magneter leverer enest\u00e5ende lydkvalitet, s\u00e5 du virkelig kan nyde din [&hellip;]<\/p>\n","protected":false},"featured_media":999980000004468600,"template":"","meta":[],"store":[1272516],"product_brand":[1272530],"product_cat":[1272434],"product_tag":[1272843,1275190],"class_list":{"0":"post-446860","1":"product","2":"type-product","3":"status-publish","4":"has-post-thumbnail","6":"store-butik24","7":"product_brand-jvc","8":"product_cat-hovedtelefoner","9":"product_tag-hovedtelefoner","10":"product_tag-jvc","11":"pa_maerke-jvc","13":"first","14":"instock","15":"product-type-external"},"_links":{"self":[{"href":"https:\/\/www.pricetornado.com\/da\/wp-json\/wp\/v2\/product\/446860","targetHints":{"allow":["GET"]}}],"collection":[{"href":"https:\/\/www.pricetornado.com\/da\/wp-json\/wp\/v2\/product"}],"about":[{"href":"https:\/\/www.pricetornado.com\/da\/wp-json\/wp\/v2\/types\/product"}],"wp:featuredmedia":[{"embeddable":true,"href":"https:\/\/www.pricetornado.com\/da\/wp-json\/"}],"wp:attachment":[{"href":"https:\/\/www.pricetornado.com\/da\/wp-json\/wp\/v2\/media?parent=446860"}],"wp:term":[{"taxonomy":"store","embeddable":true,"href":"https:\/\/www.pricetornado.com\/da\/wp-json\/wp\/v2\/store?post=446860"},{"taxonomy":"product_brand","embeddable":true,"href":"https:\/\/www.pricetornado.com\/da\/wp-json\/wp\/v2\/product_brand?post=446860"},{"taxonomy":"product_cat","embeddable":true,"href":"https:\/\/www.pricetornado.com\/da\/wp-json\/wp\/v2\/product_cat?post=446860"},{"taxonomy":"product_tag","embeddable":true,"href":"https:\/\/www.pricetornado.com\/da\/wp-json\/wp\/v2\/product_tag?post=446860"}],"curies":[{"name":"wp","href":"https:\/\/api.w.org\/{rel}","templated":true}]}}