{"id":446859,"date":"2025-02-26T02:54:33","date_gmt":"2025-02-26T01:54:33","guid":{"rendered":"https:\/\/www.pricetornado.com\/da\/produkt\/philips-hd9875-90-airfryer-combi-xxl-connected-7000-series\/"},"modified":"2026-04-20T04:30:01","modified_gmt":"2026-04-20T02:30:01","slug":"philips-hd9875-90-airfryer-combi-xxl-connected-7000-series","status":"publish","type":"product","link":"https:\/\/www.pricetornado.com\/da\/produkt\/philips-hd9875-90-airfryer-combi-xxl-connected-7000-series\/","title":{"rendered":"Philips HD9875\/90 Airfryer Combi XXL Connected 7000 Series"},"content":{"rendered":"<p>K\u00f8b billig Philips HD9875\/90 Airfryer Combi XXL Connected 7000 Series!<br \/>\nPhilips Airfryer Combi XXL Connected 7000 Series er din ideelle k\u00f8kkenpartner, der fjerner kompleksitet og g\u00e6tv\u00e6rk fra madlavningen. Med forbindelse til NutriU-appen f\u00e5r du adgang til inspiration, trinvis vejledning og pr\u00e6cise indstillinger, s\u00e5 du altid opn\u00e5r l\u00e6kre og sunde resultater \u2013 uden besv\u00e6r.NutriU-appen guider dig gennem et bredt udvalg af sunde m\u00e5ltider og giver dig adgang til over 10.000 opskrifter fra hele verden. Med trin-for-trin instruktioner og direkte overf\u00f8rsel af de n\u00f8dvendige tilberedningsindstillinger f\u00e5r du hj\u00e6lp til at skabe varierede retter, der er simple at lave \u2013 perfekt til b\u00e5de hverdag og fest.Philips\u2019 avancerede Auto-Cook programmer tager stressen ud af madlavningen og sikrer de bedste resultater, uanset om du tilbereder kylling, pommes frites eller noget helt tredje. Du v\u00e6lger blot r\u00e5varen, angiver m\u00e6ngden, og apparatet justerer selv tid og temperatur. Det g\u00f8r det nemt at opn\u00e5 l\u00e6kre m\u00e5ltider \u2013 selv n\u00e5r du har travlt.Med en kapacitet p\u00e5 8,3 liter kan airfryeren tilberede store portioner ad gangen \u2013 f.eks. en hel kylling p\u00e5 op til 2,2 kg eller 2 kg pommes frites \u2013 ideelt til st\u00f8rre familier eller g\u00e6ster. Det energieffektive design g\u00f8r det muligt at spare op til 70 % energi sammenlignet med traditionelle ovne, mens du laver mad hurtigere.Med Philips Airfryer Combi XXL Connected 7000 Series f\u00e5r du avanceret og brugervenlig madlavning, masser af tilberedningsmuligheder og hurtig reng\u00f8ring. Kombin\u00e9r innovation og sundhed i din hverdag \u2013 og opdag endnu flere muligheder i vores sortiment.<\/p>\n<p>Sammenlign priser p\u00e5 Philips HD9875\/90 Airfryer Combi XXL Connected 7000 Series og k\u00f8b online til den billigste pris, samt p\u00e5 tilbud!\u00a0\u00a0Tjek den bedste pris, produkt beskrivelse, video, test, anmeldelser osv.<\/p>\n<p><strong>Brand: <\/strong>Philips<br \/>\n<strong>EAN: <\/strong>8720389015335<br \/>\n<strong>Producentens varenr.:<\/strong> 8720389015335<\/p>\n<p><strong>P.S.<\/strong><br \/>\nTilmeld dig til &#8220;Opret Gratis Prisfald Alarm&#8221;, og bliv underrettet med det samme om prisfald p\u00e5 Philips HD9875\/90 Airfryer Combi XXL Connected 7000 Series, og f\u00e5 den billigste pris!<\/p>\n<p>&nbsp;<\/p>\n<p>&nbsp;<\/p>\n","protected":false},"excerpt":{"rendered":"<p>K\u00f8b billig Philips HD9875\/90 Airfryer Combi XXL Connected 7000 Series! Philips Airfryer Combi XXL Connected 7000 Series er din ideelle k\u00f8kkenpartner, der fjerner kompleksitet og g\u00e6tv\u00e6rk fra madlavningen. Med forbindelse til NutriU-appen f\u00e5r du adgang til inspiration, trinvis vejledning og pr\u00e6cise indstillinger, s\u00e5 du altid opn\u00e5r l\u00e6kre og sunde resultater \u2013 uden besv\u00e6r.NutriU-appen guider dig [&hellip;]<\/p>\n","protected":false},"featured_media":999980000004468590,"template":"","meta":[],"store":[1272516],"product_brand":[1272519],"product_cat":[831418],"product_tag":[1272683,1275180],"class_list":{"0":"post-446859","1":"product","2":"type-product","3":"status-publish","4":"has-post-thumbnail","6":"store-butik24","7":"product_brand-philips","8":"product_cat-koekkenudstyr","9":"product_tag-koekkenudstyr","10":"product_tag-philips","11":"pa_maerke-philips","13":"first","14":"instock","15":"product-type-external"},"_links":{"self":[{"href":"https:\/\/www.pricetornado.com\/da\/wp-json\/wp\/v2\/product\/446859","targetHints":{"allow":["GET"]}}],"collection":[{"href":"https:\/\/www.pricetornado.com\/da\/wp-json\/wp\/v2\/product"}],"about":[{"href":"https:\/\/www.pricetornado.com\/da\/wp-json\/wp\/v2\/types\/product"}],"wp:featuredmedia":[{"embeddable":true,"href":"https:\/\/www.pricetornado.com\/da\/wp-json\/"}],"wp:attachment":[{"href":"https:\/\/www.pricetornado.com\/da\/wp-json\/wp\/v2\/media?parent=446859"}],"wp:term":[{"taxonomy":"store","embeddable":true,"href":"https:\/\/www.pricetornado.com\/da\/wp-json\/wp\/v2\/store?post=446859"},{"taxonomy":"product_brand","embeddable":true,"href":"https:\/\/www.pricetornado.com\/da\/wp-json\/wp\/v2\/product_brand?post=446859"},{"taxonomy":"product_cat","embeddable":true,"href":"https:\/\/www.pricetornado.com\/da\/wp-json\/wp\/v2\/product_cat?post=446859"},{"taxonomy":"product_tag","embeddable":true,"href":"https:\/\/www.pricetornado.com\/da\/wp-json\/wp\/v2\/product_tag?post=446859"}],"curies":[{"name":"wp","href":"https:\/\/api.w.org\/{rel}","templated":true}]}}