{"id":446858,"date":"2025-02-21T15:22:01","date_gmt":"2025-02-21T14:22:01","guid":{"rendered":"https:\/\/www.pricetornado.com\/da\/produkt\/philips-bg5020-15-vandafvisende-kropstrimmer-bodygroom\/"},"modified":"2026-04-17T06:40:04","modified_gmt":"2026-04-17T04:40:04","slug":"philips-bg5020-15-vandafvisende-kropstrimmer-bodygroom","status":"publish","type":"product","link":"https:\/\/www.pricetornado.com\/da\/produkt\/philips-bg5020-15-vandafvisende-kropstrimmer-bodygroom\/","title":{"rendered":"Philips BG5020\/15 Vandafvisende kropstrimmer Bodygroom"},"content":{"rendered":"<p>K\u00f8b billig Philips BG5020\/15 Vandafvisende kropstrimmer Bodygroom!<br \/>\nPhilips Bodygroom Series 5000 er udviklet til effektiv og komfortabel trimning og barbering af hele kroppen, ogs\u00e5 sv\u00e6rt tilg\u00e6ngelige omr\u00e5der som ryggen. Med det ekstra lange tilbeh\u00f8r til ryggen og den ergonomiske gummigreb f\u00e5r du nem adgang og fuld kontrol, uanset om du barberer brystet eller ryggen. Den hypoallergene foliesk\u00e6r og afrundede spidser sikrer en hudvenlig barbering, der minimerer risikoen for irritation og snit.Trimmeren leveres med tre klik-p\u00e5 kamme, s\u00e5 du kan v\u00e6lge mellem l\u00e6ngdeindstillingerne 3, 5 eller 7 mm. Det giver dig pr\u00e6cis kontrol over, hvor kort du vil trimme h\u00e5rene \u2013 uanset om du \u00f8nsker helt glatbarberet resultat eller en trimmet l\u00e6ngde.Kropstrimmeren er 100 % vandafvisende, hvilket g\u00f8r det sikkert og nemt at bruge den b\u00e5de under og efter brusebadet. Den kan reng\u00f8res direkte under rindende vand, s\u00e5 den altid er klar til brug. Det ergonomiske gummigreb sikrer stabil man\u00f8vrering i b\u00e5de v\u00e5d og t\u00f8r tilstand.Philips Bodygroom Series 5000 har et integreret hudbeskyttelsessystem med fortrimmer og allergivenlige materialer. Det sikrer en sikker og komfortabel trimning, selv af f\u00f8lsomme eller intime omr\u00e5der, uden at g\u00e5 p\u00e5 kompromis med hudens komfort.Hvis du s\u00f8ger en p\u00e5lidelig, brugervenlig og hudvenlig kropstrimmer, er Philips Bodygroom Series 5000 det ideelle valg. Den kombinerer effektivitet, komfort og fleksibilitet i et praktisk, vedligeholdelsesfrit design \u2013 ideel til b\u00e5de v\u00e5d og t\u00f8r brug. Se hele vores udvalg af produkter for flere plejel\u00f8sninger.<\/p>\n<p>Sammenlign priser p\u00e5 Philips BG5020\/15 Vandafvisende kropstrimmer Bodygroom og k\u00f8b online til den billigste pris, samt p\u00e5 tilbud!\u00a0\u00a0Tjek den bedste pris, produkt beskrivelse, video, test, anmeldelser osv.<\/p>\n<p><strong>Brand: <\/strong>Philips<br \/>\n<strong>EAN: <\/strong>8710103843818<br \/>\n<strong>Producentens varenr.:<\/strong> 8710103843818<\/p>\n<p><strong>P.S.<\/strong><br \/>\nTilmeld dig til &#8220;Opret Gratis Prisfald Alarm&#8221;, og bliv underrettet med det samme om prisfald p\u00e5 Philips BG5020\/15 Vandafvisende kropstrimmer Bodygroom, og f\u00e5 den billigste pris!<\/p>\n<p>&nbsp;<\/p>\n<p>&nbsp;<\/p>\n","protected":false},"excerpt":{"rendered":"<p>K\u00f8b billig Philips BG5020\/15 Vandafvisende kropstrimmer Bodygroom! Philips Bodygroom Series 5000 er udviklet til effektiv og komfortabel trimning og barbering af hele kroppen, ogs\u00e5 sv\u00e6rt tilg\u00e6ngelige omr\u00e5der som ryggen. Med det ekstra lange tilbeh\u00f8r til ryggen og den ergonomiske gummigreb f\u00e5r du nem adgang og fuld kontrol, uanset om du barberer brystet eller ryggen. Den [&hellip;]<\/p>\n","protected":false},"featured_media":999980000004468580,"template":"","meta":[],"store":[1272516],"product_brand":[1272519],"product_cat":[1272429,1272413],"product_tag":[1272711,1272706,1275180],"class_list":{"0":"post-446858","1":"product","2":"type-product","3":"status-publish","4":"has-post-thumbnail","6":"store-butik24","7":"product_brand-philips","8":"product_cat-maend-personlig-pleje","9":"product_cat-personlig-pleje","10":"product_tag-maend","11":"product_tag-personlig-pleje","12":"product_tag-philips","13":"pa_maerke-philips","15":"first","16":"instock","17":"product-type-external"},"_links":{"self":[{"href":"https:\/\/www.pricetornado.com\/da\/wp-json\/wp\/v2\/product\/446858","targetHints":{"allow":["GET"]}}],"collection":[{"href":"https:\/\/www.pricetornado.com\/da\/wp-json\/wp\/v2\/product"}],"about":[{"href":"https:\/\/www.pricetornado.com\/da\/wp-json\/wp\/v2\/types\/product"}],"wp:featuredmedia":[{"embeddable":true,"href":"https:\/\/www.pricetornado.com\/da\/wp-json\/"}],"wp:attachment":[{"href":"https:\/\/www.pricetornado.com\/da\/wp-json\/wp\/v2\/media?parent=446858"}],"wp:term":[{"taxonomy":"store","embeddable":true,"href":"https:\/\/www.pricetornado.com\/da\/wp-json\/wp\/v2\/store?post=446858"},{"taxonomy":"product_brand","embeddable":true,"href":"https:\/\/www.pricetornado.com\/da\/wp-json\/wp\/v2\/product_brand?post=446858"},{"taxonomy":"product_cat","embeddable":true,"href":"https:\/\/www.pricetornado.com\/da\/wp-json\/wp\/v2\/product_cat?post=446858"},{"taxonomy":"product_tag","embeddable":true,"href":"https:\/\/www.pricetornado.com\/da\/wp-json\/wp\/v2\/product_tag?post=446858"}],"curies":[{"name":"wp","href":"https:\/\/api.w.org\/{rel}","templated":true}]}}